{"id":948,"date":"2025-03-11T09:17:12","date_gmt":"2025-03-11T08:17:12","guid":{"rendered":"https:\/\/advtime.eu\/?page_id=948"},"modified":"2025-03-18T12:01:53","modified_gmt":"2025-03-18T11:01:53","slug":"samstag-05-april-2025","status":"publish","type":"page","link":"https:\/\/advtime.eu\/index.php\/samstag-05-april-2025\/","title":{"rendered":"Samstag 05. April 2025 &#8211; Michael M\u00fcller"},"content":{"rendered":"\n<p><strong>Samstag 05. April 2025<\/strong> <br>In Premiere tritt <strong>Michael M\u00fcller <\/strong>bei Paetschman Proudly Presents auf.<br>&#8222;Sabbatical &#8211; Eine Reise durch drei Kontinente&#8220;<\/p>\n\n\n\n<figure class=\"wp-block-image size-large\"><img loading=\"lazy\" decoding=\"async\" width=\"768\" height=\"1024\" src=\"https:\/\/advtime.eu\/wp-content\/uploads\/2025\/03\/Poster-768x1024.jpeg\" alt=\"\" class=\"wp-image-945\" srcset=\"https:\/\/advtime.eu\/wp-content\/uploads\/2025\/03\/Poster-768x1024.jpeg 768w, https:\/\/advtime.eu\/wp-content\/uploads\/2025\/03\/Poster-225x300.jpeg 225w, https:\/\/advtime.eu\/wp-content\/uploads\/2025\/03\/Poster-1152x1536.jpeg 1152w, https:\/\/advtime.eu\/wp-content\/uploads\/2025\/03\/Poster-1536x2048.jpeg 1536w, https:\/\/advtime.eu\/wp-content\/uploads\/2025\/03\/Poster-1320x1760.jpeg 1320w, https:\/\/advtime.eu\/wp-content\/uploads\/2025\/03\/Poster-scaled.jpeg 1920w\" sizes=\"auto, (max-width: 767px) 89vw, (max-width: 1000px) 54vw, (max-width: 1071px) 543px, 580px\" \/><\/figure>\n\n\n\n<p>Erlebe einen faszinierenden Abend voller Abenteuer und Entdeckungen mit Michael M\u00fcller, der seine einzigartige Sabbatical-Erfahrung in einer atemberaubenden Multivision pr\u00e4sentiert.<\/p>\n\n\n\n<p>Nach Jahren als engagierter Vater zweier Kinder hat sich Michael M\u00fcller seinen lang gehegten Traum erf\u00fcllt: Ein Jahr Auszeit, um die Welt zu erkunden. Seine Reise f\u00fchrte ihn durch drei Kontinente, drei verschiedene Systeme und lie\u00df ihn drei unterschiedliche Fortbewegungsarten erleben.<\/p>\n\n\n\n<figure class=\"wp-block-gallery has-nested-images columns-default is-cropped wp-block-gallery-1 is-layout-flex wp-block-gallery-is-layout-flex\">\n<figure class=\"wp-block-image size-large\"><img loading=\"lazy\" decoding=\"async\" width=\"768\" height=\"1024\" data-id=\"949\" src=\"https:\/\/advtime.eu\/wp-content\/uploads\/2025\/03\/IMG-20250226-WA0001-768x1024.jpg\" alt=\"\" class=\"wp-image-949\" srcset=\"https:\/\/advtime.eu\/wp-content\/uploads\/2025\/03\/IMG-20250226-WA0001-768x1024.jpg 768w, https:\/\/advtime.eu\/wp-content\/uploads\/2025\/03\/IMG-20250226-WA0001-225x300.jpg 225w, https:\/\/advtime.eu\/wp-content\/uploads\/2025\/03\/IMG-20250226-WA0001-1152x1536.jpg 1152w, https:\/\/advtime.eu\/wp-content\/uploads\/2025\/03\/IMG-20250226-WA0001.jpg 1200w\" sizes=\"auto, (max-width: 767px) 89vw, (max-width: 1000px) 54vw, (max-width: 1071px) 543px, 580px\" \/><\/figure>\n\n\n\n<figure class=\"wp-block-image size-large\"><img loading=\"lazy\" decoding=\"async\" width=\"768\" height=\"1024\" data-id=\"951\" src=\"https:\/\/advtime.eu\/wp-content\/uploads\/2025\/03\/IMG-20250226-WA0006-768x1024.jpg\" alt=\"\" class=\"wp-image-951\" srcset=\"https:\/\/advtime.eu\/wp-content\/uploads\/2025\/03\/IMG-20250226-WA0006-768x1024.jpg 768w, https:\/\/advtime.eu\/wp-content\/uploads\/2025\/03\/IMG-20250226-WA0006-225x300.jpg 225w, https:\/\/advtime.eu\/wp-content\/uploads\/2025\/03\/IMG-20250226-WA0006-1152x1536.jpg 1152w, https:\/\/advtime.eu\/wp-content\/uploads\/2025\/03\/IMG-20250226-WA0006.jpg 1200w\" sizes=\"auto, (max-width: 767px) 89vw, (max-width: 1000px) 54vw, (max-width: 1071px) 543px, 580px\" \/><\/figure>\n\n\n\n<figure class=\"wp-block-image size-large\"><img loading=\"lazy\" decoding=\"async\" width=\"768\" height=\"1024\" data-id=\"950\" src=\"https:\/\/advtime.eu\/wp-content\/uploads\/2025\/03\/IMG-20250226-WA0011-768x1024.jpg\" alt=\"\" class=\"wp-image-950\" srcset=\"https:\/\/advtime.eu\/wp-content\/uploads\/2025\/03\/IMG-20250226-WA0011-768x1024.jpg 768w, https:\/\/advtime.eu\/wp-content\/uploads\/2025\/03\/IMG-20250226-WA0011-225x300.jpg 225w, https:\/\/advtime.eu\/wp-content\/uploads\/2025\/03\/IMG-20250226-WA0011-1152x1536.jpg 1152w, https:\/\/advtime.eu\/wp-content\/uploads\/2025\/03\/IMG-20250226-WA0011.jpg 1200w\" sizes=\"auto, (max-width: 767px) 89vw, (max-width: 1000px) 54vw, (max-width: 1071px) 543px, 580px\" \/><\/figure>\n<\/figure>\n\n\n\n<p>USA : Drei Monate Erkundung der vielf\u00e4ltigen Landschaften und Kulturen Nordamerikas<\/p>\n\n\n\n<p>ASIEN: Vier Monate intensive Reiseerfahrungen, darunter ein Monat allein in China<\/p>\n\n\n\n<p>Afrika : Der H\u00f6hepunkt der Reise &#8211; spannende Abenteuer und einzigartige Einblicke in den faszinierenden Kontinent<\/p>\n\n\n\n<p>Der spannendste Teil der Reise von dem Michael dieses Mal berichten wird.<\/p>\n\n\n\n<p>Michael M\u00fcller teilt nicht nur atemberaubende Bilder, sondern auch pers\u00f6nliche Geschichten und Erkenntnisse aus seinem Sabbatjahr. Er erz\u00e4hlt von den Herausforderungen der Reiseplanung, den unvergesslichen Begegnungen und den transformativen Erfahrungen, die ihn auf seiner Reise begleitet haben.<\/p>\n\n\n\n<figure class=\"wp-block-gallery has-nested-images columns-default is-cropped wp-block-gallery-2 is-layout-flex wp-block-gallery-is-layout-flex\">\n<figure class=\"wp-block-image size-large\"><img loading=\"lazy\" decoding=\"async\" width=\"768\" height=\"1024\" data-id=\"954\" src=\"https:\/\/advtime.eu\/wp-content\/uploads\/2025\/03\/IMG-20250226-WA0005-768x1024.jpg\" alt=\"\" class=\"wp-image-954\" srcset=\"https:\/\/advtime.eu\/wp-content\/uploads\/2025\/03\/IMG-20250226-WA0005-768x1024.jpg 768w, https:\/\/advtime.eu\/wp-content\/uploads\/2025\/03\/IMG-20250226-WA0005-225x300.jpg 225w, https:\/\/advtime.eu\/wp-content\/uploads\/2025\/03\/IMG-20250226-WA0005-1152x1536.jpg 1152w, https:\/\/advtime.eu\/wp-content\/uploads\/2025\/03\/IMG-20250226-WA0005.jpg 1200w\" sizes=\"auto, (max-width: 767px) 89vw, (max-width: 1000px) 54vw, (max-width: 1071px) 543px, 580px\" \/><\/figure>\n\n\n\n<figure class=\"wp-block-image size-large\"><img loading=\"lazy\" decoding=\"async\" width=\"770\" height=\"1024\" data-id=\"952\" src=\"https:\/\/advtime.eu\/wp-content\/uploads\/2025\/03\/IMG-20250226-WA0008-770x1024.jpg\" alt=\"\" class=\"wp-image-952\" srcset=\"https:\/\/advtime.eu\/wp-content\/uploads\/2025\/03\/IMG-20250226-WA0008-770x1024.jpg 770w, https:\/\/advtime.eu\/wp-content\/uploads\/2025\/03\/IMG-20250226-WA0008-226x300.jpg 226w, https:\/\/advtime.eu\/wp-content\/uploads\/2025\/03\/IMG-20250226-WA0008-768x1022.jpg 768w, https:\/\/advtime.eu\/wp-content\/uploads\/2025\/03\/IMG-20250226-WA0008-1155x1536.jpg 1155w, https:\/\/advtime.eu\/wp-content\/uploads\/2025\/03\/IMG-20250226-WA0008.jpg 1202w\" sizes=\"auto, (max-width: 767px) 89vw, (max-width: 1000px) 54vw, (max-width: 1071px) 543px, 580px\" \/><\/figure>\n\n\n\n<figure class=\"wp-block-image size-large\"><img loading=\"lazy\" decoding=\"async\" width=\"768\" height=\"1024\" data-id=\"953\" src=\"https:\/\/advtime.eu\/wp-content\/uploads\/2025\/03\/IMG-20250226-WA0010-768x1024.jpg\" alt=\"\" class=\"wp-image-953\" srcset=\"https:\/\/advtime.eu\/wp-content\/uploads\/2025\/03\/IMG-20250226-WA0010-768x1024.jpg 768w, https:\/\/advtime.eu\/wp-content\/uploads\/2025\/03\/IMG-20250226-WA0010-225x300.jpg 225w, https:\/\/advtime.eu\/wp-content\/uploads\/2025\/03\/IMG-20250226-WA0010-1152x1536.jpg 1152w, https:\/\/advtime.eu\/wp-content\/uploads\/2025\/03\/IMG-20250226-WA0010.jpg 1200w\" sizes=\"auto, (max-width: 767px) 89vw, (max-width: 1000px) 54vw, (max-width: 1071px) 543px, 580px\" \/><\/figure>\n<\/figure>\n\n\n\n<p>Lasse Dich von Michael M\u00fcllers Enthusiasmus anstecken und tauche ein in die Welt des Reisens. Diese Multivision ist eine Inspiration f\u00fcr alle, die davon tr\u00e4umen, einmal aus dem Alltag auszubrechen und die Welt mit neuen Augen zu sehen.<\/p>\n\n\n\n<p>Verpasse nicht diese einmalige Gelegenheit, die Welt durch die Augen eines abenteuerlustigen Vaters zu sehen!<br><br>Tickets gibt es wie immer bei Wuppertal-Live.de und den angeschlossenen Ticket Zentralen. Der Vorverkauf ist gestartet.<br><\/p>\n\n\n\n<figure class=\"wp-block-image size-full\"><img loading=\"lazy\" decoding=\"async\" width=\"205\" height=\"195\" src=\"https:\/\/advtime.eu\/wp-content\/uploads\/2019\/12\/Logo.png\" alt=\"W-Tec\" class=\"wp-image-36\"\/><figcaption class=\"wp-element-caption\">Paetschman Proudly Presents im Technologiezentrum Wuppertal<\/figcaption><\/figure>\n\n\n\n<figure class=\"wp-block-image size-full\"><img loading=\"lazy\" decoding=\"async\" width=\"432\" height=\"117\" src=\"https:\/\/advtime.eu\/wp-content\/uploads\/2019\/12\/Logo.jpg\" alt=\"\" class=\"wp-image-40\" srcset=\"https:\/\/advtime.eu\/wp-content\/uploads\/2019\/12\/Logo.jpg 432w, https:\/\/advtime.eu\/wp-content\/uploads\/2019\/12\/Logo-300x81.jpg 300w\" sizes=\"auto, (max-width: 432px) 100vw, 432px\" \/><figcaption class=\"wp-element-caption\">Paetschman Proudly Presents Tickets im VVK. Online und bei den angeschlossenen Ticketshops<\/figcaption><\/figure>\n","protected":false},"excerpt":{"rendered":"<p>Samstag 05. April 2025 In Premiere tritt Michael M\u00fcller bei Paetschman Proudly Presents auf.&#8222;Sabbatical &#8211; Eine Reise durch drei Kontinente&#8220; Erlebe einen faszinierenden Abend voller Abenteuer und Entdeckungen mit Michael M\u00fcller, der seine einzigartige Sabbatical-Erfahrung in einer atemberaubenden Multivision pr\u00e4sentiert. Nach Jahren als engagierter Vater zweier Kinder hat sich Michael M\u00fcller seinen lang gehegten Traum &hellip; <\/p>\n<p class=\"link-more\"><a href=\"https:\/\/advtime.eu\/index.php\/samstag-05-april-2025\/\" class=\"more-link\"><span class=\"screen-reader-text\">\u201eSamstag 05. April 2025 &#8211; Michael M\u00fcller\u201c<\/span> weiterlesen<\/a><\/p>\n","protected":false},"author":3,"featured_media":945,"parent":0,"menu_order":0,"comment_status":"closed","ping_status":"closed","template":"","meta":{"footnotes":""},"class_list":["post-948","page","type-page","status-publish","has-post-thumbnail","hentry"],"_links":{"self":[{"href":"https:\/\/advtime.eu\/index.php\/wp-json\/wp\/v2\/pages\/948","targetHints":{"allow":["GET"]}}],"collection":[{"href":"https:\/\/advtime.eu\/index.php\/wp-json\/wp\/v2\/pages"}],"about":[{"href":"https:\/\/advtime.eu\/index.php\/wp-json\/wp\/v2\/types\/page"}],"author":[{"embeddable":true,"href":"https:\/\/advtime.eu\/index.php\/wp-json\/wp\/v2\/users\/3"}],"replies":[{"embeddable":true,"href":"https:\/\/advtime.eu\/index.php\/wp-json\/wp\/v2\/comments?post=948"}],"version-history":[{"count":2,"href":"https:\/\/advtime.eu\/index.php\/wp-json\/wp\/v2\/pages\/948\/revisions"}],"predecessor-version":[{"id":974,"href":"https:\/\/advtime.eu\/index.php\/wp-json\/wp\/v2\/pages\/948\/revisions\/974"}],"wp:featuredmedia":[{"embeddable":true,"href":"https:\/\/advtime.eu\/index.php\/wp-json\/wp\/v2\/media\/945"}],"wp:attachment":[{"href":"https:\/\/advtime.eu\/index.php\/wp-json\/wp\/v2\/media?parent=948"}],"curies":[{"name":"wp","href":"https:\/\/api.w.org\/{rel}","templated":true}]}}