{"id":932,"date":"2025-03-11T09:19:57","date_gmt":"2025-03-11T08:19:57","guid":{"rendered":"https:\/\/advtime.eu\/?page_id=932"},"modified":"2025-12-26T17:36:16","modified_gmt":"2025-12-26T16:36:16","slug":"programm-2025","status":"publish","type":"page","link":"https:\/\/advtime.eu\/index.php\/vergangene-events-bei-ppp\/programm-2025\/","title":{"rendered":"2025"},"content":{"rendered":"\n<p>Das war das Jahr 2025<br><strong>15. Februar 2025<br><\/strong>Paetschman im Cafe Steinbruch bei den Kollegen vom Lagerfeuer<br><\/p>\n\n\n\n<figure class=\"wp-block-image size-medium\"><img loading=\"lazy\" decoding=\"async\" width=\"300\" height=\"168\" src=\"https:\/\/advtime.eu\/wp-content\/uploads\/2025\/02\/grafik-300x168.png\" alt=\"\" class=\"wp-image-936\" srcset=\"https:\/\/advtime.eu\/wp-content\/uploads\/2025\/02\/grafik-300x168.png 300w, https:\/\/advtime.eu\/wp-content\/uploads\/2025\/02\/grafik.png 639w\" sizes=\"auto, (max-width: 300px) 100vw, 300px\" \/><\/figure>\n\n\n\n<p><strong>02. M\u00e4rz 2025<\/strong><br>B\u00fchnenprogramm auf der Abenteuerb\u00fchne vom Syburger Verlag Halle 2<br>13:30 Thaiventure<br><br><strong>05. April 2025<\/strong> <br>In Premiere trat Michael M\u00fcller bei Paetschman Proudly Presents auf.<br>&#8222;Sabbatical &#8211; Eine Reise durch drei Kontinente&#8220;<\/p>\n\n\n\n<figure class=\"wp-block-image size-medium\"><img loading=\"lazy\" decoding=\"async\" width=\"225\" height=\"300\" src=\"https:\/\/advtime.eu\/wp-content\/uploads\/2025\/03\/Poster-225x300.jpeg\" alt=\"\" class=\"wp-image-945\" srcset=\"https:\/\/advtime.eu\/wp-content\/uploads\/2025\/03\/Poster-225x300.jpeg 225w, https:\/\/advtime.eu\/wp-content\/uploads\/2025\/03\/Poster-768x1024.jpeg 768w, https:\/\/advtime.eu\/wp-content\/uploads\/2025\/03\/Poster-1152x1536.jpeg 1152w, https:\/\/advtime.eu\/wp-content\/uploads\/2025\/03\/Poster-1536x2048.jpeg 1536w, https:\/\/advtime.eu\/wp-content\/uploads\/2025\/03\/Poster-1320x1760.jpeg 1320w, https:\/\/advtime.eu\/wp-content\/uploads\/2025\/03\/Poster-scaled.jpeg 1920w\" sizes=\"auto, (max-width: 225px) 100vw, 225px\" \/><\/figure>\n\n\n\n<p>Wir erlebten einen faszinierenden Abend voller Abenteuer und Entdeckungen mit Michael M\u00fcller, der seine einzigartige Sabbatical-Erfahrung in einer atemberaubenden Multivision pr\u00e4sentierte.<\/p>\n\n\n\n<p><a href=\"https:\/\/advtime.eu\/index.php\/samstag-05-april-2025\/\">Weiter lesen&#8230;<\/a><br><\/p>\n\n\n\n<p><strong>10. Mai 2025<\/strong><br>Ralf Plachetka<br>Samstag 10. Mai 2025 Ralf Plachetka &#8211; Mein Sofa kann warten<\/p>\n\n\n\n<p>Schon im vergangenen Jahr beehrte Ralf uns in Wuppertal und brachte das Publikum dazu von fernen L\u00e4ndern und wunderbarem Kaffee zu schw\u00e4rmen.<br>Seine Reise von der Eifel nach Australien zwischen Mai 2022 und August 2023 versprach auch dieses Mal wieder einen Abend voller Inspiration, Humor und Abenteuer.<br>Ich war froh Ralf noch einmal auf meine B\u00fchne gelockt zu haben.<\/p>\n\n\n\n<figure class=\"wp-block-image size-medium\"><img loading=\"lazy\" decoding=\"async\" width=\"300\" height=\"225\" src=\"https:\/\/advtime.eu\/wp-content\/uploads\/2025\/02\/297952630_144479454931823_3626851461839452791_n-300x225.jpg\" alt=\"Platzhalter\" class=\"wp-image-938\" srcset=\"https:\/\/advtime.eu\/wp-content\/uploads\/2025\/02\/297952630_144479454931823_3626851461839452791_n-300x225.jpg 300w, https:\/\/advtime.eu\/wp-content\/uploads\/2025\/02\/297952630_144479454931823_3626851461839452791_n-1024x768.jpg 1024w, https:\/\/advtime.eu\/wp-content\/uploads\/2025\/02\/297952630_144479454931823_3626851461839452791_n-768x576.jpg 768w, https:\/\/advtime.eu\/wp-content\/uploads\/2025\/02\/297952630_144479454931823_3626851461839452791_n-1536x1152.jpg 1536w, https:\/\/advtime.eu\/wp-content\/uploads\/2025\/02\/297952630_144479454931823_3626851461839452791_n-1320x990.jpg 1320w, https:\/\/advtime.eu\/wp-content\/uploads\/2025\/02\/297952630_144479454931823_3626851461839452791_n.jpg 2048w\" sizes=\"auto, (max-width: 300px) 100vw, 300px\" \/><\/figure>\n\n\n\n<p><a href=\"https:\/\/advtime.eu\/index.php\/samstag-10-mai-2025-ralf-plachetka-mein-sofa-kann-warten\/\">Hier weiter lesen&#8230;<\/a><br><br><br><strong>11. Oktober 2025<\/strong><br>Thaiventure<br>Aufgrund des T<a href=\"https:\/\/advtime.eu\/wp-content\/uploads\/2025\/09\/hq720.jpg\">odes von Bernd Tesch<\/a> hatte ich die Veranstaltung abgesagt. <br><br><br><strong>01. November 2025<\/strong><br><strong>Irene Seidler<\/strong><br><br>Von Island im Winter Anfang 2024 ging es Ende 2024 nach Norwegen in dem Schnee. Das nicht ganz so typische Reisemotorrad-eine Supersportler R6 von Yamaha- begleitet <strong>Irene<\/strong>. Wieder einmal sorgte Irene mit Ihrer spannenden Erz\u00e4hweise f\u00fcr einen gelungenen Abend.<\/p>\n\n\n\n<figure class=\"wp-block-image size-large\"><img loading=\"lazy\" decoding=\"async\" width=\"1024\" height=\"576\" src=\"https:\/\/advtime.eu\/wp-content\/uploads\/2025\/02\/20241229_213703-1024x576.jpg\" alt=\"\" class=\"wp-image-937\" srcset=\"https:\/\/advtime.eu\/wp-content\/uploads\/2025\/02\/20241229_213703-1024x576.jpg 1024w, https:\/\/advtime.eu\/wp-content\/uploads\/2025\/02\/20241229_213703-300x169.jpg 300w, https:\/\/advtime.eu\/wp-content\/uploads\/2025\/02\/20241229_213703-768x432.jpg 768w, https:\/\/advtime.eu\/wp-content\/uploads\/2025\/02\/20241229_213703-1536x864.jpg 1536w, https:\/\/advtime.eu\/wp-content\/uploads\/2025\/02\/20241229_213703-2048x1153.jpg 2048w, https:\/\/advtime.eu\/wp-content\/uploads\/2025\/02\/20241229_213703-1320x743.jpg 1320w\" sizes=\"auto, (max-width: 767px) 89vw, (max-width: 1000px) 54vw, (max-width: 1071px) 543px, 580px\" \/><\/figure>\n\n\n\n<p><a href=\"https:\/\/advtime.eu\/index.php\/samstag-01-november-2025\/\">weiter lesen&#8230;<\/a><\/p>\n\n\n\n<p><strong>06. Dezember 2025<\/strong><\/p>\n\n\n\n<p><strong>Adventureday zum Saisonabschluss<\/strong><\/p>\n\n\n\n<p><strong>Paetschman<br>06.12.2025<br>Ersatztermin f\u00fcr die abgesagte Veranstaltung im Oktober<\/strong><br><br><strong>Dennis Ciminsk<\/strong>i und <strong>Paetschman<\/strong> machten sich im November 2023 auf in den Norden Thailands. In der neuen Multivision k\u00f6nnt Ihr die Abenteuer der beiden Best Buddy\u00b4s Hautnah miterleben. <br>Als w\u00e4re der heimische Winter nicht genug Motivation locken zwei Suzuki V-Strom 650 Motorr\u00e4der und die Aussicht auf sommerliche Temperaturen, kulinarische Gen\u00fcsse (und Herausforderungen) und eine geballte Ladung Farben, Ger\u00fcche und Eindr\u00fccke abseits der \u00fcblichen Routen. Ein Besuch bei den Hilltribes wird durch eine rasante Fahrt auf dem Longtailboot durch den Jungle zum Highlight.<br><a href=\"http:\/\/Dennis Ciminski und Paetschman machten sich im November 2023 auf in den Norden Thailands. In der neuen Multivision k\u00f6nnt Ihr die Abenteuer der beiden Best Buddy\u00b4s Hautnah miterleben.  Als w\u00e4re der heimische Winter nicht genug Motivation locken zwei Suzuki V-Strom 650 Motorr\u00e4der und die Aussicht auf sommerliche Temperaturen, kulinarische Gen\u00fcsse (und Herausforderungen) und eine geballte Ladung Farben, Ger\u00fcche und Eindr\u00fccke abseits der \u00fcblichen Routen. Ein Besuch bei den Hilltribes wird durch eine rasante Fahrt auf dem Longtailboot durch den Jungle zum Highlight.\">weiter lesen&#8230;<\/a><\/p>\n\n\n\n<figure class=\"wp-block-image size-full\"><img loading=\"lazy\" decoding=\"async\" width=\"1000\" height=\"288\" src=\"https:\/\/advtime.eu\/wp-content\/uploads\/2025\/11\/HeaderThaiventureFB.jpg\" alt=\"\" class=\"wp-image-1053\" srcset=\"https:\/\/advtime.eu\/wp-content\/uploads\/2025\/11\/HeaderThaiventureFB.jpg 1000w, https:\/\/advtime.eu\/wp-content\/uploads\/2025\/11\/HeaderThaiventureFB-300x86.jpg 300w, https:\/\/advtime.eu\/wp-content\/uploads\/2025\/11\/HeaderThaiventureFB-768x221.jpg 768w\" sizes=\"auto, (max-width: 767px) 89vw, (max-width: 1000px) 54vw, (max-width: 1071px) 543px, 580px\" \/><\/figure>\n\n\n\n<p><br><strong>Anton Brey<\/strong><br>Samstag 6 Dezember 2025 <\/p>\n\n\n\n<p><strong>Anton Brey &#8211; Weltreise auf Raten<\/strong><\/p>\n\n\n\n<p>Anton Brey ist ein Weltreisender und Motorradenthusiast, der mit seiner Yamaha T\u00e9n\u00e9r\u00e9 immer wieder die Herausforderung abseits der Stra\u00dfe sucht. Er erkundet W\u00fcsten und Steppen und betrachtet diese &#8222;Durchschlage\u00fcbungen&#8220; als abenteuerliche Urlaubsreise und Horizonterweiterung. Aud meiner B\u00fchne begeisterte Anton das Publikum mit spannenden Geschichten und grandiosen Bidern und Videos.<\/p>\n\n\n\n<figure class=\"wp-block-image size-full\"><img loading=\"lazy\" decoding=\"async\" width=\"1024\" height=\"683\" src=\"https:\/\/advtime.eu\/wp-content\/uploads\/2025\/02\/NW-Afrika_antBREY_09-04-23_0829web.jpg\" alt=\"\" class=\"wp-image-940\" srcset=\"https:\/\/advtime.eu\/wp-content\/uploads\/2025\/02\/NW-Afrika_antBREY_09-04-23_0829web.jpg 1024w, https:\/\/advtime.eu\/wp-content\/uploads\/2025\/02\/NW-Afrika_antBREY_09-04-23_0829web-300x200.jpg 300w, https:\/\/advtime.eu\/wp-content\/uploads\/2025\/02\/NW-Afrika_antBREY_09-04-23_0829web-768x512.jpg 768w\" sizes=\"auto, (max-width: 767px) 89vw, (max-width: 1000px) 54vw, (max-width: 1071px) 543px, 580px\" \/><\/figure>\n\n\n\n<p><a href=\"https:\/\/advtime.eu\/index.php\/ein-startseiten-abschnitt__trashed\/samstag-16-dezember-2023-anton-brey-wenn-nicht-jetzt-wann-dann\/\">Hier weiter lesen&#8230;<\/a><\/p>\n\n\n\n<p>F\u00fcr das kommende Jahr sind nun erst einmal keine neuens Shows anberaumt, wenngleich es auch gen\u00fcgend Referenten g\u00e4be. Ob es mit diesem Konzept noch einmal weiter geht werde ich zu einem anderen Zeitpunkt entscheiden.<br>Als &#8222;One Man Show&#8220; ist der Arbeitsaufwand einfach unfassbar gro\u00df und der Erfolgsdruck macht das nicht wirkliche einfacher.<br>Ich werde \u00fcberden Newsletter \u00fcber meine Entschl\u00fcsse informieren.<br><br>Vielen Dank allen treuen Besuchern f\u00fcr die Jahrelange Treue.<\/p>\n","protected":false},"excerpt":{"rendered":"<p>Das war das Jahr 202515. Februar 2025Paetschman im Cafe Steinbruch bei den Kollegen vom Lagerfeuer 02. M\u00e4rz 2025B\u00fchnenprogramm auf der Abenteuerb\u00fchne vom Syburger Verlag Halle 213:30 Thaiventure 05. April 2025 In Premiere trat Michael M\u00fcller bei Paetschman Proudly Presents auf.&#8222;Sabbatical &#8211; Eine Reise durch drei Kontinente&#8220; Wir erlebten einen faszinierenden Abend voller Abenteuer und Entdeckungen &hellip; <\/p>\n<p class=\"link-more\"><a href=\"https:\/\/advtime.eu\/index.php\/vergangene-events-bei-ppp\/programm-2025\/\" class=\"more-link\"><span class=\"screen-reader-text\">\u201e2025\u201c<\/span> weiterlesen<\/a><\/p>\n","protected":false},"author":3,"featured_media":623,"parent":129,"menu_order":0,"comment_status":"closed","ping_status":"closed","template":"","meta":{"footnotes":""},"class_list":["post-932","page","type-page","status-publish","has-post-thumbnail","hentry"],"_links":{"self":[{"href":"https:\/\/advtime.eu\/index.php\/wp-json\/wp\/v2\/pages\/932","targetHints":{"allow":["GET"]}}],"collection":[{"href":"https:\/\/advtime.eu\/index.php\/wp-json\/wp\/v2\/pages"}],"about":[{"href":"https:\/\/advtime.eu\/index.php\/wp-json\/wp\/v2\/types\/page"}],"author":[{"embeddable":true,"href":"https:\/\/advtime.eu\/index.php\/wp-json\/wp\/v2\/users\/3"}],"replies":[{"embeddable":true,"href":"https:\/\/advtime.eu\/index.php\/wp-json\/wp\/v2\/comments?post=932"}],"version-history":[{"count":20,"href":"https:\/\/advtime.eu\/index.php\/wp-json\/wp\/v2\/pages\/932\/revisions"}],"predecessor-version":[{"id":1082,"href":"https:\/\/advtime.eu\/index.php\/wp-json\/wp\/v2\/pages\/932\/revisions\/1082"}],"up":[{"embeddable":true,"href":"https:\/\/advtime.eu\/index.php\/wp-json\/wp\/v2\/pages\/129"}],"wp:featuredmedia":[{"embeddable":true,"href":"https:\/\/advtime.eu\/index.php\/wp-json\/wp\/v2\/media\/623"}],"wp:attachment":[{"href":"https:\/\/advtime.eu\/index.php\/wp-json\/wp\/v2\/media?parent=932"}],"curies":[{"name":"wp","href":"https:\/\/api.w.org\/{rel}","templated":true}]}}