{"id":9,"date":"2019-11-10T21:59:59","date_gmt":"2019-11-10T21:59:59","guid":{"rendered":"https:\/\/www.advtime.eu\/?page_id=9"},"modified":"2025-11-03T18:34:31","modified_gmt":"2025-11-03T17:34:31","slug":"ueber-mich","status":"publish","type":"page","link":"https:\/\/advtime.eu\/index.php\/ueber-mich\/","title":{"rendered":"\u00dcber mich"},"content":{"rendered":"<header class=\"entry-header\">\n<h1 class=\"entry-title\">Paetschman<\/h1>\n<\/header>\n<div class=\"entry-content\">\n<p>Seit ich Motorrad fahre habe ich eine Leidenschaft zum Reisen entdeckt.<br \/>So habe ich in den letzten Jahrzehnten etliche L\u00e4nder in Europa, Amerika, Asien, Kleinasien und Afrika besucht.<br \/>Dabei habe ich nat\u00fcrlich eine Menge erlebt und begann diese Erlebnisse mit anderen zu teilen und lernte zahlreiche Gleichgesinnte kennen.<\/p>\n<p>Sp\u00e4ter habe ich meine Erlebnisse auch einem gr\u00f6\u00dferen Publikum in Multivisionsshows pr\u00e4sentiert und eine Veranstaltungsreihe in Wuppertal gestartet in der ich in den Wintermonaten verschiedene Reisende und Ihre Shows pr\u00e4sentiere.<\/p>\n<\/div>\n<figure class=\"wp-block-gallery has-nested-images columns-default is-cropped\"><\/figure>\n<p><!-- \/wp:gallery --><\/p>\n<div class=\"entry-content\">\n<p>Kein Wunder, dass ich immer wieder neue Referenten (bei mir hei\u00dfen sie &#8222;verdreckte Ermittler) gefunden habe. Nicht nur bekannte Profis performten so auf meinen B\u00fchnen, auch der ein oder andere Rookie hat bei Paetschman Proudly Presents seine ersten Sporen verdient und Lanpenfieber geschmeckt.\u00a0 Habt Ihre eine Multivision an zu bieten, meldet Euch doch einmal und wir unterhalten uns. Vielleicht darf ich Euch auch einmal auf meiner B\u00fchne pr\u00e4sentieren?!<\/p>\n<p>Nat\u00fcrlich komme ich auch gerne mit meinen\u00a0 Mutivisionen auf Eure B\u00fchne \/ Veranstaltung und freue mich auf Eure Anfrage.<\/p>\n<p>Bisher hatte ich die Ehre bei zahlreichen Veranstaltungen und Locations aufzutreten.<br \/>Hier einige Beispiele:<\/p>\n<ul>\n<li>Touratech in Niedereschach und Aachen<\/li>\n<li>Touratech Travelevent in Niedereschach<\/li>\n<li>Mehrfach beim Tesch Travel Treffen in Malmedy (B)<\/li>\n<li>Motorrad Reisetreffen in Gieboldehausen<\/li>\n<li>Bei King Bikes in Remscheid<\/li>\n<li>Lagerfeuer in Duisburg<\/li>\n<li>Mehrfach beim Travelslam (Wuppertal, Bochum)<\/li>\n<li>Talflimmern Wuppertal<\/li>\n<li>Reisediele in Pl\u00f6n<\/li>\n<li>mehrfach auf der Abenteuerb\u00fchne des Syburger Verlages w\u00e4hrend der Motorradmessen in Dortmund und K\u00f6ln<\/li>\n<li>Mit der Greundiek in die Welt (Stade)<\/li>\n<li>Maxelride (Yamaha Spirt Camp)<\/li>\n<li>mehrfach Pegaso Podcast<\/li>\n<li>Bearcast<\/li>\n<li>und viele Mehr<\/li>\n<\/ul>\n<p>Euer \u201ePaetschman\u201c<\/p>\n<\/div>\n<p><!-- wp:gallery {\"linkTo\":\"none\"} --><\/p>\n<figure class=\"wp-block-gallery has-nested-images columns-default is-cropped\"><!-- wp:image {\"id\":1057,\"sizeSlug\":\"large\",\"linkDestination\":\"none\"} -->\n<figure class=\"wp-block-image size-large\"><img loading=\"lazy\" decoding=\"async\" width=\"1024\" height=\"683\" class=\"wp-image-1057\" src=\"https:\/\/advtime.eu\/wp-content\/uploads\/2025\/11\/8505985-1024x683.jpg\" alt=\"\" srcset=\"https:\/\/advtime.eu\/wp-content\/uploads\/2025\/11\/8505985-1024x683.jpg 1024w, https:\/\/advtime.eu\/wp-content\/uploads\/2025\/11\/8505985-300x200.jpg 300w, https:\/\/advtime.eu\/wp-content\/uploads\/2025\/11\/8505985-768x512.jpg 768w, https:\/\/advtime.eu\/wp-content\/uploads\/2025\/11\/8505985-1320x880.jpg 1320w\" sizes=\"auto, (max-width: 767px) 89vw, (max-width: 1000px) 54vw, (max-width: 1071px) 543px, 580px\" \/>\n<figcaption class=\"wp-element-caption\">Paetschman Rider<\/figcaption>\n<\/figure>\n<p><!-- \/wp:image --><\/p>\n<p><!-- wp:image {\"id\":1056,\"sizeSlug\":\"large\",\"linkDestination\":\"none\"} --><\/p>\n<figure class=\"wp-block-image size-large\"><img loading=\"lazy\" decoding=\"async\" width=\"1024\" height=\"683\" class=\"wp-image-1056\" src=\"https:\/\/advtime.eu\/wp-content\/uploads\/2025\/11\/8505973-1024x683.jpg\" alt=\"\" srcset=\"https:\/\/advtime.eu\/wp-content\/uploads\/2025\/11\/8505973-1024x683.jpg 1024w, https:\/\/advtime.eu\/wp-content\/uploads\/2025\/11\/8505973-300x200.jpg 300w, https:\/\/advtime.eu\/wp-content\/uploads\/2025\/11\/8505973-768x512.jpg 768w, https:\/\/advtime.eu\/wp-content\/uploads\/2025\/11\/8505973-1320x880.jpg 1320w\" sizes=\"auto, (max-width: 767px) 89vw, (max-width: 1000px) 54vw, (max-width: 1071px) 543px, 580px\" \/>\n<figcaption class=\"wp-element-caption\">Paetschman mit XT690 WR<\/figcaption>\n<\/figure>\n<p><!-- \/wp:image --><\/p>\n<p><!-- wp:image {\"id\":942,\"sizeSlug\":\"large\",\"linkDestination\":\"none\"} --><\/p>\n<figure class=\"wp-block-image size-large\"><img loading=\"lazy\" decoding=\"async\" width=\"1024\" height=\"683\" class=\"wp-image-942\" src=\"https:\/\/advtime.eu\/wp-content\/uploads\/2025\/02\/CI9A0001-1024x683.jpg\" alt=\"\" srcset=\"https:\/\/advtime.eu\/wp-content\/uploads\/2025\/02\/CI9A0001-1024x683.jpg 1024w, https:\/\/advtime.eu\/wp-content\/uploads\/2025\/02\/CI9A0001-300x200.jpg 300w, https:\/\/advtime.eu\/wp-content\/uploads\/2025\/02\/CI9A0001-768x512.jpg 768w, https:\/\/advtime.eu\/wp-content\/uploads\/2025\/02\/CI9A0001-1536x1024.jpg 1536w, https:\/\/advtime.eu\/wp-content\/uploads\/2025\/02\/CI9A0001-2048x1365.jpg 2048w, https:\/\/advtime.eu\/wp-content\/uploads\/2025\/02\/CI9A0001-1320x880.jpg 1320w\" sizes=\"auto, (max-width: 767px) 89vw, (max-width: 1000px) 54vw, (max-width: 1071px) 543px, 580px\" \/><\/figure>\n<p><!-- \/wp:image --><\/p>\n<p><!-- wp:image {\"id\":943,\"sizeSlug\":\"large\",\"linkDestination\":\"none\"} --><\/p>\n<figure class=\"wp-block-image size-large\"><img loading=\"lazy\" decoding=\"async\" width=\"768\" height=\"1024\" class=\"wp-image-943\" src=\"https:\/\/advtime.eu\/wp-content\/uploads\/2025\/02\/20250223_164722-768x1024.jpg\" alt=\"\" srcset=\"https:\/\/advtime.eu\/wp-content\/uploads\/2025\/02\/20250223_164722-768x1024.jpg 768w, https:\/\/advtime.eu\/wp-content\/uploads\/2025\/02\/20250223_164722-225x300.jpg 225w, https:\/\/advtime.eu\/wp-content\/uploads\/2025\/02\/20250223_164722-1152x1536.jpg 1152w, https:\/\/advtime.eu\/wp-content\/uploads\/2025\/02\/20250223_164722-1536x2048.jpg 1536w, https:\/\/advtime.eu\/wp-content\/uploads\/2025\/02\/20250223_164722-1320x1760.jpg 1320w, https:\/\/advtime.eu\/wp-content\/uploads\/2025\/02\/20250223_164722-scaled.jpg 1920w\" sizes=\"auto, (max-width: 767px) 89vw, (max-width: 1000px) 54vw, (max-width: 1071px) 543px, 580px\" \/><\/figure>\n<p><!-- \/wp:image --><\/p>\n<p><!-- wp:image {\"id\":767,\"sizeSlug\":\"large\",\"linkDestination\":\"none\"} --><\/p>\n<figure class=\"wp-block-image size-large\"><img loading=\"lazy\" decoding=\"async\" width=\"1000\" height=\"667\" class=\"wp-image-767\" src=\"https:\/\/advtime.eu\/wp-content\/uploads\/2024\/02\/196A2629web-1.jpg\" alt=\"Paetschman\" srcset=\"https:\/\/advtime.eu\/wp-content\/uploads\/2024\/02\/196A2629web-1.jpg 1000w, https:\/\/advtime.eu\/wp-content\/uploads\/2024\/02\/196A2629web-1-300x200.jpg 300w, https:\/\/advtime.eu\/wp-content\/uploads\/2024\/02\/196A2629web-1-768x512.jpg 768w\" sizes=\"auto, (max-width: 767px) 89vw, (max-width: 1000px) 54vw, (max-width: 1071px) 543px, 580px\" \/>\n<figcaption class=\"wp-element-caption\">Paetschman<\/figcaption>\n<\/figure>\n<p><!-- \/wp:image --><\/p>\n<\/figure>\n<p><!-- \/wp:gallery --><\/p>\n<p><!-- wp:image {\"id\":56,\"width\":512,\"height\":308,\"sizeSlug\":\"large\",\"linkDestination\":\"custom\",\"className\":\"is-style-default\"} --><\/p>\n<figure class=\"wp-block-image size-large is-resized is-style-default\"><a href=\"https:\/\/www.advtime.eu\/index.php\/kontakt\/\"><img loading=\"lazy\" decoding=\"async\" width=\"1024\" height=\"615\" class=\"wp-image-56\" style=\"width: 512px; height: 308px;\" src=\"https:\/\/www.advtime.eu\/wp-content\/uploads\/2019\/12\/IMG-20160718-WEB-1024x615.jpg\" alt=\"Paetschman\n(Michael Paetsch)\" srcset=\"https:\/\/advtime.eu\/wp-content\/uploads\/2019\/12\/IMG-20160718-WEB-1024x615.jpg 1024w, https:\/\/advtime.eu\/wp-content\/uploads\/2019\/12\/IMG-20160718-WEB-300x180.jpg 300w, https:\/\/advtime.eu\/wp-content\/uploads\/2019\/12\/IMG-20160718-WEB-768x461.jpg 768w, https:\/\/advtime.eu\/wp-content\/uploads\/2019\/12\/IMG-20160718-WEB-1536x922.jpg 1536w, https:\/\/advtime.eu\/wp-content\/uploads\/2019\/12\/IMG-20160718-WEB-1320x793.jpg 1320w, https:\/\/advtime.eu\/wp-content\/uploads\/2019\/12\/IMG-20160718-WEB.jpg 2000w\" sizes=\"auto, (max-width: 767px) 89vw, (max-width: 1000px) 54vw, (max-width: 1071px) 543px, 580px\" \/><\/a>\n<figcaption class=\"wp-element-caption\">Welcome to Paetschman Proudly Presents<\/figcaption>\n<\/figure>\n<p><!-- \/wp:image --><\/p>\n<p><!-- wp:embed {\"url\":\"https:\/\/www.youtube.com\/watch?v=9YhXQnf22AE\",\"type\":\"video\",\"providerNameSlug\":\"youtube\",\"responsive\":true,\"className\":\"wp-embed-aspect-16-9 wp-has-aspect-ratio\"} --><\/p>\n<p><!-- \/wp:embed --><\/p>\n\n<!-- wp:paragraph -->\n<p><\/p>\n<!-- \/wp:paragraph -->","protected":false},"excerpt":{"rendered":"<p>Paetschman Seit ich Motorrad fahre habe ich eine Leidenschaft zum Reisen entdeckt.So habe ich in den letzten Jahrzehnten etliche L\u00e4nder in Europa, Amerika, Asien, Kleinasien und Afrika besucht.Dabei habe ich nat\u00fcrlich eine Menge erlebt und begann diese Erlebnisse mit anderen zu teilen und lernte zahlreiche Gleichgesinnte kennen. Sp\u00e4ter habe ich meine Erlebnisse auch einem gr\u00f6\u00dferen &hellip; <\/p>\n<p class=\"link-more\"><a href=\"https:\/\/advtime.eu\/index.php\/ueber-mich\/\" class=\"more-link\"><span class=\"screen-reader-text\">\u201e\u00dcber mich\u201c<\/span> weiterlesen<\/a><\/p>\n","protected":false},"author":1,"featured_media":56,"parent":0,"menu_order":0,"comment_status":"closed","ping_status":"closed","template":"","meta":{"footnotes":""},"class_list":["post-9","page","type-page","status-publish","has-post-thumbnail","hentry"],"_links":{"self":[{"href":"https:\/\/advtime.eu\/index.php\/wp-json\/wp\/v2\/pages\/9","targetHints":{"allow":["GET"]}}],"collection":[{"href":"https:\/\/advtime.eu\/index.php\/wp-json\/wp\/v2\/pages"}],"about":[{"href":"https:\/\/advtime.eu\/index.php\/wp-json\/wp\/v2\/types\/page"}],"author":[{"embeddable":true,"href":"https:\/\/advtime.eu\/index.php\/wp-json\/wp\/v2\/users\/1"}],"replies":[{"embeddable":true,"href":"https:\/\/advtime.eu\/index.php\/wp-json\/wp\/v2\/comments?post=9"}],"version-history":[{"count":8,"href":"https:\/\/advtime.eu\/index.php\/wp-json\/wp\/v2\/pages\/9\/revisions"}],"predecessor-version":[{"id":1063,"href":"https:\/\/advtime.eu\/index.php\/wp-json\/wp\/v2\/pages\/9\/revisions\/1063"}],"wp:featuredmedia":[{"embeddable":true,"href":"https:\/\/advtime.eu\/index.php\/wp-json\/wp\/v2\/media\/56"}],"wp:attachment":[{"href":"https:\/\/advtime.eu\/index.php\/wp-json\/wp\/v2\/media?parent=9"}],"curies":[{"name":"wp","href":"https:\/\/api.w.org\/{rel}","templated":true}]}}