{"id":854,"date":"2024-09-09T20:18:54","date_gmt":"2024-09-09T19:18:54","guid":{"rendered":"https:\/\/advtime.eu\/?page_id=854"},"modified":"2024-10-11T13:59:30","modified_gmt":"2024-10-11T12:59:30","slug":"samstag-07-12-2024-irene-seidler","status":"publish","type":"page","link":"https:\/\/advtime.eu\/index.php\/samstag-07-12-2024-irene-seidler\/","title":{"rendered":"Samstag 07.12.2024 Irene Seidler"},"content":{"rendered":"\n<p><a href=\"https:\/\/advtime.eu\/wp-admin\/edit.php?post_type=post\"><\/a><\/p>\n\n\n\n<h1 class=\"wp-block-heading\">Island mit dem Supersportler<\/h1>\n\n\n\n<p id=\"block-87a26a7e-3ea6-4193-b81f-939b87b0df3d\">Ein Winterabenteuer<\/p>\n\n\n\n<figure class=\"wp-block-image\" id=\"block-de90a110-1a8d-4e49-ba79-db6b00387b5d\"><img decoding=\"async\" src=\"https:\/\/advtime.eu\/wp-content\/uploads\/2024\/09\/20240203_185252-576x1024.jpg\" alt=\"Dieses Bild hat ein leeres Alt-Attribut. Der Dateiname ist 20240203_185252-576x1024.jpg\"\/><\/figure>\n\n\n\n<p id=\"block-88f3e60e-8b33-4909-9f29-87b28c53ead7\">Der Traum ist auf Irenes damaligen Reise auf Island 2021 im Sp\u00e4tsommer entstanden.<br>Und weil ein wenig verr\u00fcckt zu sein das Salz in der Suppe eines guten Vortrags ist muss ich Irene mit den eigentlichen Gegens\u00e4tzen Supersportler und Island im Winter unbedingt auf meiner B\u00fchne haben, denn dass ist ja schon ein bisschen verr\u00fcckt &#8211; oder?<\/p>\n\n\n\n<figure class=\"wp-block-image\" id=\"block-db997bda-0b3e-47ae-9fe5-5b598379b668\"><img decoding=\"async\" src=\"https:\/\/advtime.eu\/wp-content\/uploads\/2024\/09\/20240202_135614-576x1024.jpg\" alt=\"Dieses Bild hat ein leeres Alt-Attribut. Der Dateiname ist 20240202_135614-576x1024.jpg\"\/><\/figure>\n\n\n\n<p id=\"block-7693fdd0-e74c-4ea2-9301-ea1c7c0fb57d\">Ende Januar\u00a0 2024 sind bei Irene die komplexen Vorbereitung gelaufen. Die R scharrt mit den stollenbeschlagenen Hufen und auch Irenes Gashand w\u00fcnscht sich immer mehr die Bewegung die nun besonders z\u00e4hrtlich den Boliden \u00fcber Strassen und Pisten bewegen wird, welche wohl die wenigsten Asphaltathleten freiwillig passieren.<\/p>\n\n\n\n<figure class=\"wp-block-image\" id=\"block-f05dae4e-0a0b-4879-aeeb-f64e633d42da\"><img decoding=\"async\" src=\"https:\/\/advtime.eu\/wp-content\/uploads\/2024\/09\/IMG_20240210_204637_293-1024x1024.webp\" alt=\"Dieses Bild hat ein leeres Alt-Attribut. Der Dateiname ist IMG_20240210_204637_293-1024x1024.webp\"\/><\/figure>\n\n\n\n<p id=\"block-0aabff19-e0d3-4d75-9284-4f5da2bcf7d9\">Aber ganz im Vertrauen &#8211; auch Irene fragt sich zu diesem Zeitpunkt bei aller Erfahrung: &#8222;Ist es m\u00f6glich den schroffen Winterbedingungen auf Island mit dem Motorrad zu trotzen?&#8220;&nbsp;<\/p>\n\n\n\n<p id=\"block-31972b74-ce24-4184-92e6-ce8facae365e\">&#8222;Und warum sind Hochsensibilit\u00e4t und Depression auf dieser Reise ein Hauptthema?&#8220;<\/p>\n\n\n\n<figure class=\"wp-block-image\" id=\"block-e313997b-4458-4c28-ac83-abfdb7575a49\"><img decoding=\"async\" src=\"https:\/\/advtime.eu\/wp-content\/uploads\/2024\/09\/IMG_20240205_204250_057-1024x807.jpg\" alt=\"Dieses Bild hat ein leeres Alt-Attribut. Der Dateiname ist IMG_20240205_204250_057-1024x807.jpg\"\/><\/figure>\n\n\n\n<p id=\"block-12b9e0ab-e791-4169-831c-4ec6895fe4d6\"><br><br>Keine Frage &#8211; nicht nur dass Irene frisch und munter Paetschmans B\u00fchne in der W-Tec Wuppertal erklimmt. Nat\u00fcrlich hat sie es gepackt (und hin und wieder sich) und wird Euch abermals eine spannende Show liefern die kein Auge trocken l\u00e4sst und doch auch ernste Episoden hat.<br><br>Sichert Euch Euer Ticket wie gewohnt bald unter Wuppertal-Live.de<br><br><\/p>\n\n\n\n<figure class=\"wp-block-image size-full\"><img decoding=\"async\" src=\"https:\/\/advtime.eu\/wp-content\/uploads\/2024\/09\/535070.png\" alt=\"\" class=\"wp-image-860\"\/><\/figure>\n\n\n\n<p id=\"block-12b9e0ab-e791-4169-831c-4ec6895fe4d6\">Link zur Veranstaltung:<br><a href=\"https:\/\/www.wuppertal-live.de\/535070\">https:\/\/www.wuppertal-live.de\/535070<\/a><\/p>\n\n\n\n<figure class=\"wp-block-image size-full\"><a href=\"https:\/\/www.wuppertal-live.de\/shop\/535070\" target=\"_blank\" rel=\"noreferrer noopener\"><img loading=\"lazy\" decoding=\"async\" width=\"432\" height=\"117\" src=\"https:\/\/advtime.eu\/wp-content\/uploads\/2019\/12\/Logo.jpg\" alt=\"\" class=\"wp-image-40\" srcset=\"https:\/\/advtime.eu\/wp-content\/uploads\/2019\/12\/Logo.jpg 432w, https:\/\/advtime.eu\/wp-content\/uploads\/2019\/12\/Logo-300x81.jpg 300w\" sizes=\"auto, (max-width: 432px) 100vw, 432px\" \/><\/a><figcaption class=\"wp-element-caption\">Paetschman Proudly Presents Tickets im VVK. Online und bei den angeschlossenen Ticketshops<\/figcaption><\/figure>\n\n\n<div class=\"wp-block-image\">\n<figure class=\"aligncenter size-full\"><img loading=\"lazy\" decoding=\"async\" width=\"205\" height=\"195\" src=\"https:\/\/advtime.eu\/wp-content\/uploads\/2019\/12\/Logo.png\" alt=\"W-Tec\" class=\"wp-image-36\"\/><figcaption class=\"wp-element-caption\">Paetschman Proudly Presents im Technologiezentrum Wuppertal<\/figcaption><\/figure><\/div>","protected":false},"excerpt":{"rendered":"<p>Island mit dem Supersportler Ein Winterabenteuer Der Traum ist auf Irenes damaligen Reise auf Island 2021 im Sp\u00e4tsommer entstanden.Und weil ein wenig verr\u00fcckt zu sein das Salz in der Suppe eines guten Vortrags ist muss ich Irene mit den eigentlichen Gegens\u00e4tzen Supersportler und Island im Winter unbedingt auf meiner B\u00fchne haben, denn dass ist ja &hellip; <\/p>\n<p class=\"link-more\"><a href=\"https:\/\/advtime.eu\/index.php\/samstag-07-12-2024-irene-seidler\/\" class=\"more-link\"><span class=\"screen-reader-text\">\u201eSamstag 07.12.2024 Irene Seidler\u201c<\/span> weiterlesen<\/a><\/p>\n","protected":false},"author":3,"featured_media":847,"parent":0,"menu_order":12,"comment_status":"closed","ping_status":"closed","template":"","meta":{"footnotes":""},"class_list":["post-854","page","type-page","status-publish","has-post-thumbnail","hentry"],"_links":{"self":[{"href":"https:\/\/advtime.eu\/index.php\/wp-json\/wp\/v2\/pages\/854","targetHints":{"allow":["GET"]}}],"collection":[{"href":"https:\/\/advtime.eu\/index.php\/wp-json\/wp\/v2\/pages"}],"about":[{"href":"https:\/\/advtime.eu\/index.php\/wp-json\/wp\/v2\/types\/page"}],"author":[{"embeddable":true,"href":"https:\/\/advtime.eu\/index.php\/wp-json\/wp\/v2\/users\/3"}],"replies":[{"embeddable":true,"href":"https:\/\/advtime.eu\/index.php\/wp-json\/wp\/v2\/comments?post=854"}],"version-history":[{"count":8,"href":"https:\/\/advtime.eu\/index.php\/wp-json\/wp\/v2\/pages\/854\/revisions"}],"predecessor-version":[{"id":912,"href":"https:\/\/advtime.eu\/index.php\/wp-json\/wp\/v2\/pages\/854\/revisions\/912"}],"wp:featuredmedia":[{"embeddable":true,"href":"https:\/\/advtime.eu\/index.php\/wp-json\/wp\/v2\/media\/847"}],"wp:attachment":[{"href":"https:\/\/advtime.eu\/index.php\/wp-json\/wp\/v2\/media?parent=854"}],"curies":[{"name":"wp","href":"https:\/\/api.w.org\/{rel}","templated":true}]}}