{"id":851,"date":"2024-09-27T12:13:02","date_gmt":"2024-09-27T11:13:02","guid":{"rendered":"https:\/\/advtime.eu\/?page_id=851"},"modified":"2024-10-11T13:35:25","modified_gmt":"2024-10-11T12:35:25","slug":"samstag-02-11-2024-bruno-pillitteri","status":"publish","type":"page","link":"https:\/\/advtime.eu\/index.php\/samstag-02-11-2024-bruno-pillitteri\/","title":{"rendered":"Samstag 02.11.2024 Bruno Pillitteri"},"content":{"rendered":"\n<p>Dreck muss mann schmecken<\/p>\n\n\n\n<p>Dreck muss \u201emann\u201c schmecken<strong><br><\/strong>Erstmalig zeigt <strong>Bruno Pillitteri<\/strong> seine aufw\u00e4ndige Multivisionsshow \u00fcber ein spannendes Motorradabenteuer durch Georgien und den wilden Kaukasus. Ich freue mich darauf Bruno und sein Team abermals auf meiner  B\u00fchne  begr\u00fc\u00dfen zu d\u00fcrfen.<\/p>\n\n\n<div class=\"wp-block-image\">\n<figure class=\"aligncenter size-large\"><img loading=\"lazy\" decoding=\"async\" width=\"1024\" height=\"768\" src=\"https:\/\/advtime.eu\/wp-content\/uploads\/2024\/09\/25_Szene_3Pistenglueck-1024x768.jpg\" alt=\"\" class=\"wp-image-874\" srcset=\"https:\/\/advtime.eu\/wp-content\/uploads\/2024\/09\/25_Szene_3Pistenglueck-1024x768.jpg 1024w, https:\/\/advtime.eu\/wp-content\/uploads\/2024\/09\/25_Szene_3Pistenglueck-300x225.jpg 300w, https:\/\/advtime.eu\/wp-content\/uploads\/2024\/09\/25_Szene_3Pistenglueck-768x576.jpg 768w, https:\/\/advtime.eu\/wp-content\/uploads\/2024\/09\/25_Szene_3Pistenglueck-1536x1152.jpg 1536w, https:\/\/advtime.eu\/wp-content\/uploads\/2024\/09\/25_Szene_3Pistenglueck-2048x1536.jpg 2048w, https:\/\/advtime.eu\/wp-content\/uploads\/2024\/09\/25_Szene_3Pistenglueck-1320x990.jpg 1320w\" sizes=\"auto, (max-width: 767px) 89vw, (max-width: 1000px) 54vw, (max-width: 1071px) 543px, 580px\" \/><\/figure><\/div>\n\n\n<p><br>\u201eGeorgien, klar da fahren wir hin! \u2026. aber wo liegt das eigentlich?\u201c<\/p>\n\n\n\n<p><strong>Bruno Pillitteri <\/strong>und seine sechs Freunde vom <strong>aufSpur-Team<\/strong> sind wieder mal in der Planung ihres neuen Motorradabenteuers.<\/p>\n\n\n\n<p>Georgien, das kleine Land zwischen dem schwarzen Meer und dem wilden Kaukasus, ist das Ziel der verr\u00fcckten Truppe.<\/p>\n\n\n\n<p>Atemberaubende Bergkulissen, unwegsame Trails, das wilde Zelten im Niemandsland und die Erlebnisse am Stra\u00dfenrand, sind die Parameter f\u00fcr einen gelungen Trail.<\/p>\n\n\n<div class=\"wp-block-image\">\n<figure class=\"aligncenter size-medium\"><img loading=\"lazy\" decoding=\"async\" width=\"300\" height=\"200\" src=\"https:\/\/advtime.eu\/wp-content\/uploads\/2024\/09\/01_Kaukasus13-300x200.jpg\" alt=\"\" class=\"wp-image-875\" srcset=\"https:\/\/advtime.eu\/wp-content\/uploads\/2024\/09\/01_Kaukasus13-300x200.jpg 300w, https:\/\/advtime.eu\/wp-content\/uploads\/2024\/09\/01_Kaukasus13-1024x683.jpg 1024w, https:\/\/advtime.eu\/wp-content\/uploads\/2024\/09\/01_Kaukasus13-768x512.jpg 768w, https:\/\/advtime.eu\/wp-content\/uploads\/2024\/09\/01_Kaukasus13-1536x1024.jpg 1536w, https:\/\/advtime.eu\/wp-content\/uploads\/2024\/09\/01_Kaukasus13-2048x1365.jpg 2048w, https:\/\/advtime.eu\/wp-content\/uploads\/2024\/09\/01_Kaukasus13-1320x880.jpg 1320w\" sizes=\"auto, (max-width: 300px) 100vw, 300px\" \/><\/figure><\/div>\n\n\n<p>Auf ihre ganze spezielle humorvolle Art und Weise, erleben die Freunde einen Zeitsprung in eine unbekannte Region. Die fremde Kultur, die freundlichen Menschen, die raue Natur und der Motorradreisespa\u00df am Rande der Seidenstra\u00dfe machen dieses wundersch\u00f6ne Land so einzigartig.<\/p>\n\n\n<div class=\"wp-block-image\">\n<figure class=\"aligncenter size-medium\"><img loading=\"lazy\" decoding=\"async\" width=\"300\" height=\"201\" src=\"https:\/\/advtime.eu\/wp-content\/uploads\/2024\/09\/15_Menschen1-300x201.jpg\" alt=\"\" class=\"wp-image-878\" srcset=\"https:\/\/advtime.eu\/wp-content\/uploads\/2024\/09\/15_Menschen1-300x201.jpg 300w, https:\/\/advtime.eu\/wp-content\/uploads\/2024\/09\/15_Menschen1-1024x685.jpg 1024w, https:\/\/advtime.eu\/wp-content\/uploads\/2024\/09\/15_Menschen1-768x514.jpg 768w, https:\/\/advtime.eu\/wp-content\/uploads\/2024\/09\/15_Menschen1-1536x1028.jpg 1536w, https:\/\/advtime.eu\/wp-content\/uploads\/2024\/09\/15_Menschen1-2048x1371.jpg 2048w, https:\/\/advtime.eu\/wp-content\/uploads\/2024\/09\/15_Menschen1-1320x884.jpg 1320w\" sizes=\"auto, (max-width: 300px) 100vw, 300px\" \/><figcaption class=\"wp-element-caption\">SONY DSC<\/figcaption><\/figure><\/div>\n\n\n<p>Staubige Pisten, steinige Flussdurchquerungen, unwegsamer Matsch, trockene Steppe, traumhafte Berge und der Gegensatz zwischen arm und reich.<\/p>\n\n\n<div class=\"wp-block-image\">\n<figure class=\"aligncenter size-medium\"><img loading=\"lazy\" decoding=\"async\" width=\"300\" height=\"225\" src=\"https:\/\/advtime.eu\/wp-content\/uploads\/2024\/09\/00_DSC05051-300x225.jpg\" alt=\"\" class=\"wp-image-876\" srcset=\"https:\/\/advtime.eu\/wp-content\/uploads\/2024\/09\/00_DSC05051-300x225.jpg 300w, https:\/\/advtime.eu\/wp-content\/uploads\/2024\/09\/00_DSC05051-1024x768.jpg 1024w, https:\/\/advtime.eu\/wp-content\/uploads\/2024\/09\/00_DSC05051-768x576.jpg 768w, https:\/\/advtime.eu\/wp-content\/uploads\/2024\/09\/00_DSC05051-1536x1152.jpg 1536w, https:\/\/advtime.eu\/wp-content\/uploads\/2024\/09\/00_DSC05051-2048x1536.jpg 2048w, https:\/\/advtime.eu\/wp-content\/uploads\/2024\/09\/00_DSC05051-1320x990.jpg 1320w\" sizes=\"auto, (max-width: 300px) 100vw, 300px\" \/><\/figure><\/div>\n\n\n<p>Das <strong>aufSpur-Team<\/strong> nimmt Euch mit, auf einen ungew\u00f6hnlichen Vortrag der lustigen Anekdoten, gro\u00dfen Bilder und wundersch\u00f6nen Begegnungen in einem Land der alten Kulturen.<\/p>\n\n\n\n<p>Keine Frage &#8211; wer Buro und das aufSpur-Team kennt, wei\u00df was er zu erwarten hat. Ganz klar &#8211; da kommt Freude auf.<br><br><br><br> Klarer Fall, Tickets gibt es wie gewohnt bei Wuppertal-Live.de<\/p>\n\n\n\n<figure class=\"wp-block-video\"><video controls src=\"https:\/\/www.facebook.com\/100057549515164\/videos\/pcb.850699920500865\/986233846501467\"><\/video><\/figure>\n\n\n<div class=\"wp-block-image\">\n<figure class=\"aligncenter size-full\"><a href=\"https:\/\/www.wuppertal-live.de\/shop\/538076\" target=\"_blank\" rel=\"noreferrer noopener\"><img loading=\"lazy\" decoding=\"async\" width=\"432\" height=\"117\" src=\"https:\/\/advtime.eu\/wp-content\/uploads\/2019\/12\/Logo.jpg\" alt=\"\" class=\"wp-image-40\" srcset=\"https:\/\/advtime.eu\/wp-content\/uploads\/2019\/12\/Logo.jpg 432w, https:\/\/advtime.eu\/wp-content\/uploads\/2019\/12\/Logo-300x81.jpg 300w\" sizes=\"auto, (max-width: 432px) 100vw, 432px\" \/><\/a><figcaption class=\"wp-element-caption\">Paetschman Proudly Presents Tickets im VVK. Online und bei den angeschlossenen Ticketshops<br><br><br>Nat\u00fcrlich findet auch diese Veranstaltung wieder in der WTec Wuppertal Geb\u00e4ude 2 im Dachgeschoss statt.<br><\/figcaption><\/figure><\/div>\n\n<div class=\"wp-block-image\">\n<figure class=\"aligncenter size-full\"><a href=\"https:\/\/www.wuppertal-live.de\/538076\" target=\"_blank\" rel=\"noreferrer noopener\"><img decoding=\"async\" src=\"https:\/\/advtime.eu\/wp-content\/uploads\/2024\/09\/QR-Bruno-2_11_24.png\" alt=\"QR-Code Bruno 2_11_24\" class=\"wp-image-881\"\/><\/a><\/figure><\/div>\n\n<div class=\"wp-block-image\">\n<figure class=\"aligncenter size-full\"><img loading=\"lazy\" decoding=\"async\" width=\"205\" height=\"195\" src=\"https:\/\/advtime.eu\/wp-content\/uploads\/2019\/12\/Logo.png\" alt=\"W-Tec\" class=\"wp-image-36\"\/><figcaption class=\"wp-element-caption\">Paetschman Proudly Presents im Technologiezentrum Wuppertal<\/figcaption><\/figure><\/div>","protected":false},"excerpt":{"rendered":"<p>Dreck muss mann schmecken Dreck muss \u201emann\u201c schmeckenErstmalig zeigt Bruno Pillitteri seine aufw\u00e4ndige Multivisionsshow \u00fcber ein spannendes Motorradabenteuer durch Georgien und den wilden Kaukasus. Ich freue mich darauf Bruno und sein Team abermals auf meiner B\u00fchne begr\u00fc\u00dfen zu d\u00fcrfen. \u201eGeorgien, klar da fahren wir hin! \u2026. aber wo liegt das eigentlich?\u201c Bruno Pillitteri und seine &hellip; <\/p>\n<p class=\"link-more\"><a href=\"https:\/\/advtime.eu\/index.php\/samstag-02-11-2024-bruno-pillitteri\/\" class=\"more-link\"><span class=\"screen-reader-text\">\u201eSamstag 02.11.2024 Bruno Pillitteri\u201c<\/span> weiterlesen<\/a><\/p>\n","protected":false},"author":3,"featured_media":874,"parent":0,"menu_order":11,"comment_status":"closed","ping_status":"closed","template":"","meta":{"footnotes":""},"class_list":["post-851","page","type-page","status-publish","has-post-thumbnail","hentry"],"_links":{"self":[{"href":"https:\/\/advtime.eu\/index.php\/wp-json\/wp\/v2\/pages\/851","targetHints":{"allow":["GET"]}}],"collection":[{"href":"https:\/\/advtime.eu\/index.php\/wp-json\/wp\/v2\/pages"}],"about":[{"href":"https:\/\/advtime.eu\/index.php\/wp-json\/wp\/v2\/types\/page"}],"author":[{"embeddable":true,"href":"https:\/\/advtime.eu\/index.php\/wp-json\/wp\/v2\/users\/3"}],"replies":[{"embeddable":true,"href":"https:\/\/advtime.eu\/index.php\/wp-json\/wp\/v2\/comments?post=851"}],"version-history":[{"count":14,"href":"https:\/\/advtime.eu\/index.php\/wp-json\/wp\/v2\/pages\/851\/revisions"}],"predecessor-version":[{"id":918,"href":"https:\/\/advtime.eu\/index.php\/wp-json\/wp\/v2\/pages\/851\/revisions\/918"}],"wp:featuredmedia":[{"embeddable":true,"href":"https:\/\/advtime.eu\/index.php\/wp-json\/wp\/v2\/media\/874"}],"wp:attachment":[{"href":"https:\/\/advtime.eu\/index.php\/wp-json\/wp\/v2\/media?parent=851"}],"curies":[{"name":"wp","href":"https:\/\/api.w.org\/{rel}","templated":true}]}}