{"id":720,"date":"2024-02-12T16:11:00","date_gmt":"2024-02-12T15:11:00","guid":{"rendered":"https:\/\/advtime.eu\/?page_id=720"},"modified":"2024-03-05T22:07:34","modified_gmt":"2024-03-05T21:07:34","slug":"dont-panik-too-early","status":"publish","type":"page","link":"https:\/\/advtime.eu\/index.php\/dont-panik-too-early\/","title":{"rendered":"Samstag 04. Mai 2024 &#8222;Don\u00b4t Panic Too Early&#8220;"},"content":{"rendered":"\n<p><strong>\u201eDon\u00b4t panic too early\u201c Meine Probleme mit einer fantastischen&nbsp;Weltreise<\/strong><br><\/p>\n\n\n\n<p>Ralf Plachetka machte sich im Mai 2022 mit seinem Motorrad auf den langen Weg nach Australien. An diesem Tag war er auf meiner B\u00fchne und verabschiedete sich von uns mit einem kurzen Ausblick auf das bevorstehende Abenteuer.  fast Exakt 2 Jahre Sp\u00e4ter wird Ralf auf der B\u00fchne stehen um uns von seiner einmaligen Reise zu berichten.<br>Kurz vor Ende der Pandemie schienen die Bedingungen f\u00fcr eine Reise durch 15 L\u00e4nder schwierig. Doch es kam anders. Die meisten Bef\u00fcrchtungen l\u00f6sten sich in Luft auf und machten Platz f\u00fcr die eigentlichen Herausforderungen und viele \u00fcberraschend\u00a0sch\u00f6ne\u00a0Momente.<\/p>\n\n\n\n<p><\/p>\n\n\n\n<p><\/p>\n\n\n\n<figure class=\"wp-block-image\"><img loading=\"lazy\" decoding=\"async\" width=\"300\" height=\"169\" src=\"https:\/\/advtime.eu\/wp-content\/uploads\/2024\/02\/IMG_1619web-300x169.jpg\" alt=\"\" class=\"wp-image-712\" srcset=\"https:\/\/advtime.eu\/wp-content\/uploads\/2024\/02\/IMG_1619web-300x169.jpg 300w, https:\/\/advtime.eu\/wp-content\/uploads\/2024\/02\/IMG_1619web-768x432.jpg 768w, https:\/\/advtime.eu\/wp-content\/uploads\/2024\/02\/IMG_1619web.jpg 800w\" sizes=\"auto, (max-width: 300px) 100vw, 300px\" \/><\/figure>\n\n\n\n<p><br>Ralf nimmt uns mit auf seine abenteuerliche Reise und erz\u00e4hlt uns live von seinen besonderen Momenten. Zum Beispiel von seinem Problem, im Iran h\u00f6flich zu sein. Vom mentalen Ringkampf mit einem korrupten Grenzbeamten in Pakistan. Vom hierarchischen Stra\u00dfenverkehr in Indien. Wie man in Nepal mit der richtigen Fragetechnik an Benzin kommt. Wie man sich in S\u00fcdostasien verliebt. Oder, wie es sich anf\u00fchlt, nach drei Tagen im Outback zum ersten Mal wieder&nbsp;zu&nbsp;sprechen.<\/p>\n\n\n\n<figure class=\"wp-block-image\"><img loading=\"lazy\" decoding=\"async\" width=\"300\" height=\"225\" src=\"https:\/\/advtime.eu\/wp-content\/uploads\/2024\/02\/297952630_144479454931823_3626851461839452791_nweb-300x225.jpg\" alt=\"\" class=\"wp-image-713\" srcset=\"https:\/\/advtime.eu\/wp-content\/uploads\/2024\/02\/297952630_144479454931823_3626851461839452791_nweb-300x225.jpg 300w, https:\/\/advtime.eu\/wp-content\/uploads\/2024\/02\/297952630_144479454931823_3626851461839452791_nweb-768x576.jpg 768w, https:\/\/advtime.eu\/wp-content\/uploads\/2024\/02\/297952630_144479454931823_3626851461839452791_nweb.jpg 800w\" sizes=\"auto, (max-width: 300px) 100vw, 300px\" \/><\/figure>\n\n\n\n<p><br><br>R\u00fcckblickend sagt Ralf heute: \u201eIch war skeptisch, ob ich tats\u00e4chlich auf dem Motorrad sitzend Sydney erreichen w\u00fcrde. Gut, dass ich losgefahren bin. Ich habe es geschafft. Heute wei\u00df ich: Die gr\u00f6\u00dften H\u00fcrden waren nur in&nbsp;meinem&nbsp;Kopf\u201c.<\/p>\n\n\n\n<figure class=\"wp-block-image\"><img loading=\"lazy\" decoding=\"async\" width=\"300\" height=\"165\" src=\"https:\/\/advtime.eu\/wp-content\/uploads\/2024\/02\/IMG_9064Web-300x165.jpg\" alt=\"\" class=\"wp-image-714\" srcset=\"https:\/\/advtime.eu\/wp-content\/uploads\/2024\/02\/IMG_9064Web-300x165.jpg 300w, https:\/\/advtime.eu\/wp-content\/uploads\/2024\/02\/IMG_9064Web-768x423.jpg 768w, https:\/\/advtime.eu\/wp-content\/uploads\/2024\/02\/IMG_9064Web.jpg 800w\" sizes=\"auto, (max-width: 300px) 100vw, 300px\" \/><\/figure>\n\n\n\n<p><br><br>Jeder der Ralf bisher kennen lernen d\u00fcrfte sch\u00e4tzt seine Art \u00fcber das erlebte zu sprechen und so bin ich sicher, dass es auch dieses Mal ein grandioser Abend wird wenn es hei\u00dft Paetschman Proudly Presents.<\/p>\n\n\n\n<p>\u00dcber Ralf Plachetka<\/p>\n\n\n\n<p>Geboren 1961 in Recklinghausen, selbstst\u00e4ndiger Techniker und Handwerker, Reisen ist f\u00fcr Ralf die beste Art, seine Leidenschaften zu verbinden: ferne L\u00e4nder entdecken, Spa\u00df am Motorradfahren, Menschen kennen lernen, Fotografieren, k\u00f6stliches Essen und&nbsp;guten&nbsp;Kaffee.<\/p>\n\n\n\n<p>Abermals k\u00f6nnt ihr die Multivision in den R\u00e4umlichkeiten der W-Tec Haus zwei genie\u00dfen. Ihr findet den Vortragssaal im Dachgeschoss. Der Aufzug bringt nicht nur weniger Mobile bequem bis vor den Saal<\/p>\n\n\n\n<p><a href=\"https:\/\/www.wuppertal-live.de\/503173\" target=\"_blank\" rel=\"noreferrer noopener\">Hier bekommt ihr die begehrten Tickets zur Veranstaltung <\/a><\/p>\n\n\n\n<figure class=\"wp-block-image size-full\"><img decoding=\"async\" src=\"https:\/\/advtime.eu\/wp-content\/uploads\/2024\/03\/QRRalfPlachetka-1.png\" alt=\"\" class=\"wp-image-790\"\/><figcaption class=\"wp-element-caption\">Ralfs QR<\/figcaption><\/figure>\n\n\n\n<figure class=\"wp-block-image size-full\"><a href=\"https:\/\/www.wuppertal-live.de\/shop\/506370\"><img loading=\"lazy\" decoding=\"async\" width=\"432\" height=\"117\" src=\"https:\/\/advtime.eu\/wp-content\/uploads\/2019\/12\/Logo.jpg\" alt=\"\" class=\"wp-image-40\" srcset=\"https:\/\/advtime.eu\/wp-content\/uploads\/2019\/12\/Logo.jpg 432w, https:\/\/advtime.eu\/wp-content\/uploads\/2019\/12\/Logo-300x81.jpg 300w\" sizes=\"auto, (max-width: 432px) 100vw, 432px\" \/><\/a><figcaption class=\"wp-element-caption\">Paetschman Proudly Presents Tickets im VVK. Online und bei den angeschlossenen Ticketshops<\/figcaption><\/figure>\n","protected":false},"excerpt":{"rendered":"<p>\u201eDon\u00b4t panic too early\u201c Meine Probleme mit einer fantastischen&nbsp;Weltreise Ralf Plachetka machte sich im Mai 2022 mit seinem Motorrad auf den langen Weg nach Australien. An diesem Tag war er auf meiner B\u00fchne und verabschiedete sich von uns mit einem kurzen Ausblick auf das bevorstehende Abenteuer. fast Exakt 2 Jahre Sp\u00e4ter wird Ralf auf der &hellip; <\/p>\n<p class=\"link-more\"><a href=\"https:\/\/advtime.eu\/index.php\/dont-panik-too-early\/\" class=\"more-link\"><span class=\"screen-reader-text\">\u201eSamstag 04. Mai 2024 &#8222;Don\u00b4t Panic Too Early&#8220;\u201c<\/span> weiterlesen<\/a><\/p>\n","protected":false},"author":3,"featured_media":0,"parent":0,"menu_order":3,"comment_status":"closed","ping_status":"closed","template":"","meta":{"footnotes":""},"class_list":["post-720","page","type-page","status-publish","hentry"],"_links":{"self":[{"href":"https:\/\/advtime.eu\/index.php\/wp-json\/wp\/v2\/pages\/720","targetHints":{"allow":["GET"]}}],"collection":[{"href":"https:\/\/advtime.eu\/index.php\/wp-json\/wp\/v2\/pages"}],"about":[{"href":"https:\/\/advtime.eu\/index.php\/wp-json\/wp\/v2\/types\/page"}],"author":[{"embeddable":true,"href":"https:\/\/advtime.eu\/index.php\/wp-json\/wp\/v2\/users\/3"}],"replies":[{"embeddable":true,"href":"https:\/\/advtime.eu\/index.php\/wp-json\/wp\/v2\/comments?post=720"}],"version-history":[{"count":11,"href":"https:\/\/advtime.eu\/index.php\/wp-json\/wp\/v2\/pages\/720\/revisions"}],"predecessor-version":[{"id":791,"href":"https:\/\/advtime.eu\/index.php\/wp-json\/wp\/v2\/pages\/720\/revisions\/791"}],"wp:attachment":[{"href":"https:\/\/advtime.eu\/index.php\/wp-json\/wp\/v2\/media?parent=720"}],"curies":[{"name":"wp","href":"https:\/\/api.w.org\/{rel}","templated":true}]}}