{"id":72,"date":"2019-12-27T15:58:56","date_gmt":"2019-12-27T15:58:56","guid":{"rendered":"https:\/\/www.advtime.eu\/?page_id=72"},"modified":"2020-01-07T17:11:46","modified_gmt":"2020-01-07T17:11:46","slug":"usa-abwegig","status":"publish","type":"page","link":"https:\/\/advtime.eu\/index.php\/usa-abwegig\/","title":{"rendered":"USA abwegig"},"content":{"rendered":"\n<p class=\"has-text-align-center\"><a href=\"https:\/\/youtu.be\/QXqWNrsqZGQ \">https:\/\/youtu.be\/QXqWNrsqZGQ <\/a><\/p>\n\n\n\n<p class=\"has-text-align-center\">Als mein Telefon klingelte wusste ich noch nicht was dieses Gespr\u00e4ch ausl\u00f6sen w\u00fcrde. Dabei hatte Martin Lietz eine Simple Frage: &#8222;Weisst Du jemanden der eine Reiseenduro (am liebsten eine Super T\u00e9n\u00e9r\u00e9)  verkauft?  Ich will einen USA- Trip mit meiner  Familie machen.&#8220; <br>Die spontane Antwort &#8222;Nimm doch meine&#8220;  wurde schneller die Option  der Wahl, als ich das vermuten konnte. Kaum ein Jahr sp\u00e4ter sitzen Bodo  und ich in der Maschine nach Vancouver, wo wir unsere Maschinen nach dem  Tripp von Martin und seiner Familie wieder in Empfang nehmen werden. <\/p>\n\n\n\n<div class=\"wp-block-image\"><figure class=\"aligncenter size-medium\"><img loading=\"lazy\" decoding=\"async\" width=\"300\" height=\"225\" src=\"https:\/\/www.advtime.eu\/wp-content\/uploads\/2019\/12\/IMG_1096_prot-300x225.jpg\" alt=\"Paetschman auf dem Weg in die USA\" class=\"wp-image-73\" srcset=\"https:\/\/advtime.eu\/wp-content\/uploads\/2019\/12\/IMG_1096_prot-300x225.jpg 300w, https:\/\/advtime.eu\/wp-content\/uploads\/2019\/12\/IMG_1096_prot.jpg 600w\" sizes=\"auto, (max-width: 300px) 100vw, 300px\" \/><\/figure><\/div>\n\n\n\n<p class=\"has-text-align-center\"> Was uns in den n\u00e4chsten Wochen erwartet, halten wir noch nicht f\u00fcr m\u00f6glich. Durch Kanada fahren wir mit unseren beiden Yamaha\u00b4s zum Glaicer  National Park. Doch statt einem normalen Campingplatz mit Grill werden unbekannte zu Freunden und das &#8222;Packers Roost&#8220; zum &#8222;Place to be&#8220;. <br>Mit weiteren Nationalparks, dem gro\u00dfe Salt Lake mit seinen Trails  und ein Besuch bei unseren neuen Freunden werden wir weitere Highlights erleben und zig verr\u00fcckte Geschichten Erleben. <\/p>\n\n\n\n<div class=\"wp-block-image\"><figure class=\"aligncenter size-medium\"><img loading=\"lazy\" decoding=\"async\" width=\"300\" height=\"225\" src=\"https:\/\/www.advtime.eu\/wp-content\/uploads\/2019\/12\/IMG_0501_prot-300x225.jpg\" alt=\"\" class=\"wp-image-74\" srcset=\"https:\/\/advtime.eu\/wp-content\/uploads\/2019\/12\/IMG_0501_prot-300x225.jpg 300w, https:\/\/advtime.eu\/wp-content\/uploads\/2019\/12\/IMG_0501_prot.jpg 600w\" sizes=\"auto, (max-width: 300px) 100vw, 300px\" \/><\/figure><\/div>\n\n\n\n<p class=\"has-text-align-center\"> Las Vegas, Death Valley sowie die alten Silber- und Westernst\u00e4dte ziehen  uns magisch an und wir erleben gro\u00dfe Gastfreundschaft wie die weiten  Landschaften die nie zu enden scheinen. <\/p>\n\n\n\n<p class=\"has-text-align-center\">Warum man in der W\u00fcste bei \u00fcber 40 Grad frieren kann, wieso eine Kellnerin nach unserer Begr\u00fc\u00dfung gestript hat, Was &#8222;L.A.-Ber\u00fchmtheiten&#8220;sind&#8230; und vieles mehr erfahrt Ihr wenn Ihr die mitrei\u00dfende Multivision erlebt.<br>Lasst Euch mit dieser Multivision virtuell mitnehmen auf eine gro\u00dfartige Reise durch den Westen der USA. <br> <br><a href=\"http:\/\/juri-und-timo-lietz-time-zone-tour\">Im Rahmen des USA-Thementages in der W-Tec k\u00f6nnt Ihr am 08.02.2020  ebenso die initiale Reise von Martin Lietz und seiner Familie erleben. <br>Juri und Timo Lietz erz\u00e4hlen Euch wie sie die Reise von Toronto nach Vancouver erlebt haben.<\/a><\/p>\n\n\n\n<div class=\"wp-block-image\"><figure class=\"aligncenter size-large\"><a href=\"https:\/\/www.wuppertal-live.de\/User\/775\" target=\"_blank\" rel=\"noreferrer noopener\"><img loading=\"lazy\" decoding=\"async\" width=\"432\" height=\"117\" src=\"https:\/\/www.advtime.eu\/wp-content\/uploads\/2019\/12\/Logo.jpg\" alt=\"\" class=\"wp-image-40\" srcset=\"https:\/\/advtime.eu\/wp-content\/uploads\/2019\/12\/Logo.jpg 432w, https:\/\/advtime.eu\/wp-content\/uploads\/2019\/12\/Logo-300x81.jpg 300w\" sizes=\"auto, (max-width: 432px) 100vw, 432px\" \/><\/a><figcaption>Paetschman Proudly Presents Tickets im VVK. Online und bei den angeschlossenen Ticketshops<\/figcaption><\/figure><\/div>\n\n\n\n<p>  Schaut einmal in das Programm hier in Wuppertal Live und Ihr k\u00f6nnt auch  Kombi- und Tickets mit Imbiss erwerben. <br>Einla\u00df ist ab 19:30 <br>Die Multivision beginnt um 20:00<\/p>\n","protected":false},"excerpt":{"rendered":"<p>https:\/\/youtu.be\/QXqWNrsqZGQ Als mein Telefon klingelte wusste ich noch nicht was dieses Gespr\u00e4ch ausl\u00f6sen w\u00fcrde. Dabei hatte Martin Lietz eine Simple Frage: &#8222;Weisst Du jemanden der eine Reiseenduro (am liebsten eine Super T\u00e9n\u00e9r\u00e9) verkauft? Ich will einen USA- Trip mit meiner Familie machen.&#8220; Die spontane Antwort &#8222;Nimm doch meine&#8220; wurde schneller die Option der Wahl, als &hellip; <\/p>\n<p class=\"link-more\"><a href=\"https:\/\/advtime.eu\/index.php\/usa-abwegig\/\" class=\"more-link\"><span class=\"screen-reader-text\">\u201eUSA abwegig\u201c<\/span> weiterlesen<\/a><\/p>\n","protected":false},"author":1,"featured_media":54,"parent":0,"menu_order":2,"comment_status":"closed","ping_status":"closed","template":"","meta":{"footnotes":""},"class_list":["post-72","page","type-page","status-publish","has-post-thumbnail","hentry"],"_links":{"self":[{"href":"https:\/\/advtime.eu\/index.php\/wp-json\/wp\/v2\/pages\/72","targetHints":{"allow":["GET"]}}],"collection":[{"href":"https:\/\/advtime.eu\/index.php\/wp-json\/wp\/v2\/pages"}],"about":[{"href":"https:\/\/advtime.eu\/index.php\/wp-json\/wp\/v2\/types\/page"}],"author":[{"embeddable":true,"href":"https:\/\/advtime.eu\/index.php\/wp-json\/wp\/v2\/users\/1"}],"replies":[{"embeddable":true,"href":"https:\/\/advtime.eu\/index.php\/wp-json\/wp\/v2\/comments?post=72"}],"version-history":[{"count":3,"href":"https:\/\/advtime.eu\/index.php\/wp-json\/wp\/v2\/pages\/72\/revisions"}],"predecessor-version":[{"id":112,"href":"https:\/\/advtime.eu\/index.php\/wp-json\/wp\/v2\/pages\/72\/revisions\/112"}],"wp:featuredmedia":[{"embeddable":true,"href":"https:\/\/advtime.eu\/index.php\/wp-json\/wp\/v2\/media\/54"}],"wp:attachment":[{"href":"https:\/\/advtime.eu\/index.php\/wp-json\/wp\/v2\/media?parent=72"}],"curies":[{"name":"wp","href":"https:\/\/api.w.org\/{rel}","templated":true}]}}