{"id":664,"date":"2023-09-21T14:24:26","date_gmt":"2023-09-21T13:24:26","guid":{"rendered":"https:\/\/advtime.eu\/?page_id=664"},"modified":"2023-09-21T14:33:05","modified_gmt":"2023-09-21T13:33:05","slug":"planungsstadium-hinaus-und-erfuellt-gleich-noch-die-traeume-anderer-mit-in-ihrem-vortrag-berichtet-die-neue-verdreckte-ermittlerin-bei-paetschman-proudly-presents-nicht-nur-von-ihren-erlebnissen-a","status":"publish","type":"page","link":"https:\/\/advtime.eu\/index.php\/planungsstadium-hinaus-und-erfuellt-gleich-noch-die-traeume-anderer-mit-in-ihrem-vortrag-berichtet-die-neue-verdreckte-ermittlerin-bei-paetschman-proudly-presents-nicht-nur-von-ihren-erlebnissen-a\/","title":{"rendered":"Samstag 04. November 2023 Irene Seitler &#8211; Vom Racetrack nach Teheran"},"content":{"rendered":"\n<p>Wenn andere noch von der gro\u00dfen Reise tr\u00e4umen ist <strong>Irene Seidler <\/strong>bereits \u00fcber das Planungsstadium hinaus und erf\u00fcllt gleich noch die Tr\u00e4ume anderer mit. In Ihrem Vortrag berichtet die neue &#8222;verdreckte Ermittlerin&#8220; bei Paetschman Proudly Presents nicht nur von Ihren Erlebnissen als Tourguide und Initiatorin der Charitytour &#8222;Heels on Wheels&#8220; mit 7 Motorradfahrern von Neuss nach Marokko.Mit dabei ein querschnittgel\u00e4hmter &#8222;Keinbeinheld&#8220; und ein einbeiniger &#8222;Einbeinheld&#8220;, voller Spa\u00df, Kampf und Stolz eben als ganz normale Motorradfahrerin.Anders gesagt: &#8222;Irgendwas ist ja immer&#8220;.<\/p>\n\n\n\n<figure class=\"wp-block-image size-large is-resized\"><img loading=\"lazy\" decoding=\"async\" src=\"https:\/\/advtime.eu\/wp-content\/uploads\/2023\/08\/IMG-20230507-WA0044-1024x682.jpg\" alt=\"\" class=\"wp-image-604\" style=\"width:512px;height:341px\" width=\"512\" height=\"341\" srcset=\"https:\/\/advtime.eu\/wp-content\/uploads\/2023\/08\/IMG-20230507-WA0044-1024x682.jpg 1024w, https:\/\/advtime.eu\/wp-content\/uploads\/2023\/08\/IMG-20230507-WA0044-300x200.jpg 300w, https:\/\/advtime.eu\/wp-content\/uploads\/2023\/08\/IMG-20230507-WA0044-768x512.jpg 768w, https:\/\/advtime.eu\/wp-content\/uploads\/2023\/08\/IMG-20230507-WA0044-1536x1023.jpg 1536w, https:\/\/advtime.eu\/wp-content\/uploads\/2023\/08\/IMG-20230507-WA0044-1320x879.jpg 1320w, https:\/\/advtime.eu\/wp-content\/uploads\/2023\/08\/IMG-20230507-WA0044.jpg 1600w\" sizes=\"auto, (max-width: 512px) 100vw, 512px\" \/><\/figure>\n\n\n\n<p><br>Nat\u00fcrlich geht so ein Projekt nicht ohne Vorbereitung. Und so ist Vor der Langreise das Rundstreckentraining angesagt.<br>Da fragen sich noch viele &#8222;Was hat ein Reisemotorrad auf einer Rennstrecke in den Niederlanden zu suchen?<br><br>Es treffen Parallelwelten aufeinander, die gegens\u00e4tzlicher und doch \u00e4hnlicher nicht sein k\u00f6nnen.<\/p>\n\n\n\n<figure class=\"wp-block-image size-large is-resized\"><img loading=\"lazy\" decoding=\"async\" src=\"https:\/\/advtime.eu\/wp-content\/uploads\/2023\/08\/7cWtCCeOYwlE8mNT0ZGjeHLf9xMtGz1i2j4vGi9H3MeJxFPc.jpeg-1024x682.jpg\" alt=\"\" class=\"wp-image-605\" style=\"width:512px;height:341px\" width=\"512\" height=\"341\" srcset=\"https:\/\/advtime.eu\/wp-content\/uploads\/2023\/08\/7cWtCCeOYwlE8mNT0ZGjeHLf9xMtGz1i2j4vGi9H3MeJxFPc.jpeg-1024x682.jpg 1024w, https:\/\/advtime.eu\/wp-content\/uploads\/2023\/08\/7cWtCCeOYwlE8mNT0ZGjeHLf9xMtGz1i2j4vGi9H3MeJxFPc.jpeg-300x200.jpg 300w, https:\/\/advtime.eu\/wp-content\/uploads\/2023\/08\/7cWtCCeOYwlE8mNT0ZGjeHLf9xMtGz1i2j4vGi9H3MeJxFPc.jpeg-768x512.jpg 768w, https:\/\/advtime.eu\/wp-content\/uploads\/2023\/08\/7cWtCCeOYwlE8mNT0ZGjeHLf9xMtGz1i2j4vGi9H3MeJxFPc.jpeg.jpg 1082w\" sizes=\"auto, (max-width: 512px) 100vw, 512px\" \/><\/figure>\n\n\n\n<p><br>Schon die Charitytour darf als besondere Herausforderung gelten und jedem ist klar warum es hier Helden gibt.<br>Dabei meistert Irene auch technische Hindernisse mit Sachverstand und beherztem Zugreifen. In ihren Schrauberkursen hat sie schon so manchen beidseitigem Linksh\u00e4ndler den &#8222;Dreh&#8220; vermittelt.<\/p>\n\n\n\n<figure class=\"wp-block-image size-large is-resized\"><img loading=\"lazy\" decoding=\"async\" src=\"https:\/\/advtime.eu\/wp-content\/uploads\/2023\/08\/IMG-20230502-WA0051-576x1024.jpg\" alt=\"\" class=\"wp-image-606\" style=\"width:288px;height:512px\" width=\"288\" height=\"512\" srcset=\"https:\/\/advtime.eu\/wp-content\/uploads\/2023\/08\/IMG-20230502-WA0051-576x1024.jpg 576w, https:\/\/advtime.eu\/wp-content\/uploads\/2023\/08\/IMG-20230502-WA0051-169x300.jpg 169w, https:\/\/advtime.eu\/wp-content\/uploads\/2023\/08\/IMG-20230502-WA0051-768x1365.jpg 768w, https:\/\/advtime.eu\/wp-content\/uploads\/2023\/08\/IMG-20230502-WA0051-864x1536.jpg 864w, https:\/\/advtime.eu\/wp-content\/uploads\/2023\/08\/IMG-20230502-WA0051.jpg 900w\" sizes=\"auto, (max-width: 288px) 100vw, 288px\" \/><\/figure>\n\n\n\n<p><br>Das Sie dabei auch die pers\u00f6nliche Herausforderung sucht beweist Irene mit spannenden Erz\u00e4hlung von Ihrer Reise in den Iran.<br>F\u00fcr viele Reisende ist die Reise in diese Region eine besondere Herausfoderung wie lohnendes Ziel.<br>Als alleinreisende Frau startet Irene endlich los gen asiatischer Kontinentalplatte. Ein kleiner Traum geht in Erf\u00fcllung: \u00dcber Land bis Teheran und zur\u00fcck geht es auf der kleinen Yamaha R6.<br>Dabei sind im Gotteststaat Iran Motorr\u00e4der \u00fcber 250ccm sowie motorradfahrende und reisende Frauen verboten.<br>Aber was erlebt man als Motorradtouristin, wenn man all diese Shariagesetzte missachtet?<\/p>\n\n\n\n<figure class=\"wp-block-image size-large is-resized\"><img loading=\"lazy\" decoding=\"async\" src=\"https:\/\/advtime.eu\/wp-content\/uploads\/2023\/08\/20230528_164528-768x1024.jpg\" alt=\"\" class=\"wp-image-607\" style=\"width:384px;height:512px\" width=\"384\" height=\"512\" srcset=\"https:\/\/advtime.eu\/wp-content\/uploads\/2023\/08\/20230528_164528-768x1024.jpg 768w, https:\/\/advtime.eu\/wp-content\/uploads\/2023\/08\/20230528_164528-225x300.jpg 225w, https:\/\/advtime.eu\/wp-content\/uploads\/2023\/08\/20230528_164528-1152x1536.jpg 1152w, https:\/\/advtime.eu\/wp-content\/uploads\/2023\/08\/20230528_164528-1536x2048.jpg 1536w, https:\/\/advtime.eu\/wp-content\/uploads\/2023\/08\/20230528_164528-1320x1760.jpg 1320w, https:\/\/advtime.eu\/wp-content\/uploads\/2023\/08\/20230528_164528-scaled.jpg 1920w\" sizes=\"auto, (max-width: 384px) 100vw, 384px\" \/><\/figure>\n\n\n\n<p><br>La\u00dft Euch mitnehmen auf eine ungew\u00f6hnliche Reise einer noch ungew\u00f6hnlicheren Frau mit Power und Unternehmungslust.<br>Erfahrt mehr \u00dcber &#8222;Heels on Wheels&#8220; und erlebt einen au\u00dfergew\u00f6hnlichen Vortrag auf der B\u00fchne der Wtec.<\/p>\n","protected":false},"excerpt":{"rendered":"<p>Wenn andere noch von der gro\u00dfen Reise tr\u00e4umen ist Irene Seidler bereits \u00fcber das Planungsstadium hinaus und erf\u00fcllt gleich noch die Tr\u00e4ume anderer mit. In Ihrem Vortrag berichtet die neue &#8222;verdreckte Ermittlerin&#8220; bei Paetschman Proudly Presents nicht nur von Ihren Erlebnissen als Tourguide und Initiatorin der Charitytour &#8222;Heels on Wheels&#8220; mit 7 Motorradfahrern von Neuss &hellip; <\/p>\n<p class=\"link-more\"><a href=\"https:\/\/advtime.eu\/index.php\/planungsstadium-hinaus-und-erfuellt-gleich-noch-die-traeume-anderer-mit-in-ihrem-vortrag-berichtet-die-neue-verdreckte-ermittlerin-bei-paetschman-proudly-presents-nicht-nur-von-ihren-erlebnissen-a\/\" class=\"more-link\"><span class=\"screen-reader-text\">\u201eSamstag 04. November 2023 Irene Seitler &#8211; Vom Racetrack nach Teheran\u201c<\/span> weiterlesen<\/a><\/p>\n","protected":false},"author":3,"featured_media":632,"parent":0,"menu_order":11,"comment_status":"closed","ping_status":"closed","template":"","meta":{"footnotes":""},"class_list":["post-664","page","type-page","status-publish","has-post-thumbnail","hentry"],"_links":{"self":[{"href":"https:\/\/advtime.eu\/index.php\/wp-json\/wp\/v2\/pages\/664","targetHints":{"allow":["GET"]}}],"collection":[{"href":"https:\/\/advtime.eu\/index.php\/wp-json\/wp\/v2\/pages"}],"about":[{"href":"https:\/\/advtime.eu\/index.php\/wp-json\/wp\/v2\/types\/page"}],"author":[{"embeddable":true,"href":"https:\/\/advtime.eu\/index.php\/wp-json\/wp\/v2\/users\/3"}],"replies":[{"embeddable":true,"href":"https:\/\/advtime.eu\/index.php\/wp-json\/wp\/v2\/comments?post=664"}],"version-history":[{"count":3,"href":"https:\/\/advtime.eu\/index.php\/wp-json\/wp\/v2\/pages\/664\/revisions"}],"predecessor-version":[{"id":672,"href":"https:\/\/advtime.eu\/index.php\/wp-json\/wp\/v2\/pages\/664\/revisions\/672"}],"wp:featuredmedia":[{"embeddable":true,"href":"https:\/\/advtime.eu\/index.php\/wp-json\/wp\/v2\/media\/632"}],"wp:attachment":[{"href":"https:\/\/advtime.eu\/index.php\/wp-json\/wp\/v2\/media?parent=664"}],"curies":[{"name":"wp","href":"https:\/\/api.w.org\/{rel}","templated":true}]}}