{"id":649,"date":"2023-09-21T12:19:02","date_gmt":"2023-09-21T11:19:02","guid":{"rendered":"https:\/\/advtime.eu\/?page_id=649"},"modified":"2025-12-02T09:28:50","modified_gmt":"2025-12-02T08:28:50","slug":"samstag-16-dezember-2023-anton-brey-wenn-nicht-jetzt-wann-dann","status":"publish","type":"page","link":"https:\/\/advtime.eu\/index.php\/samstag-16-dezember-2023-anton-brey-wenn-nicht-jetzt-wann-dann\/","title":{"rendered":"Samstag 6 Dezember 2025 Anton Brey &#8211; Weltreise auf Raten"},"content":{"rendered":"\n<p>Anton Brey ist ein Weltreisender und Motorradenthusiast, der mit seiner Yamaha T\u00e9n\u00e9r\u00e9 immer wieder die Herausforderung abseits der Stra\u00dfe sucht. Er erkundet W\u00fcsten und Steppen und betrachtet diese &#8222;Durchschlage\u00fcbungen&#8220; als abenteuerliche Urlaubsreise und Horizonterweiterung.<\/p>\n\n\n<div class=\"wp-block-image\">\n<figure class=\"aligncenter size-medium\"><img loading=\"lazy\" decoding=\"async\" width=\"300\" height=\"200\" src=\"https:\/\/advtime.eu\/wp-content\/uploads\/2023\/09\/NW-Afrika_antBREY_09-04-23_0488web-300x200.jpg\" alt=\"\" class=\"wp-image-620\" srcset=\"https:\/\/advtime.eu\/wp-content\/uploads\/2023\/09\/NW-Afrika_antBREY_09-04-23_0488web-300x200.jpg 300w, https:\/\/advtime.eu\/wp-content\/uploads\/2023\/09\/NW-Afrika_antBREY_09-04-23_0488web-768x512.jpg 768w, https:\/\/advtime.eu\/wp-content\/uploads\/2023\/09\/NW-Afrika_antBREY_09-04-23_0488web.jpg 1024w\" sizes=\"auto, (max-width: 300px) 100vw, 300px\" \/><\/figure><\/div>\n\n\n<p>Am <strong>6. Dezember 2025<\/strong> pr\u00e4sentiert \u201ePaetschman Proudly Presents\u201c euch Anton Brey mit seinem Vortrag &#8222;Weltreise auf Raten\u201c in der <strong>W-Tec Wuppertal (Geb\u00e4ude 2, Liese-Meitner-Stra\u00dfe)<\/strong>. Der sympathische Garmisch-Partenkirchner nimmt euch mit auf seine Reisen mit der Zweizylinder-Enduro.<\/p>\n\n\n\n<p>Anton sagt: \u201eIch bin mein ganzes Leben auf der Reise, um zu suchen, zu finden, ich wei\u00df nicht wonach. Dennoch treibt es mich immer in die Ferne, ob mit Skiern oder dem Mountainbike. So hat es mich die vergangenen 37 Jahre von Alaska bis in den Iran verschlagen.\u201c 2018 entschloss er sich, mit einem Motorrad in die Mongolei zu fahren. Im Herbst kaufte er sich eine GS 1150, Baujahr 2001, und im Fr\u00fchling 2019 unternahm er mit einem Freund eine dreiw\u00f6chige Testfahrt auf den Balkan, die sich \u00fcber Bosnien, Montenegro bis Albanien erstreckte. Es gab einige Hindernisse zu \u00fcberwinden, aber das war f\u00fcr Anton nie ein Grund, an seinem Vorhaben zu zweifeln, und so war er guter Dinge, 2020 eine Reise in die Mongolei zu starten. Doch dann kam Corona&#8230;<\/p>\n\n\n\n<p>Unabh\u00e4ngig davon hatte er ein Ziel: Reisen mit dem Motorrad. Im M\u00e4rz 2021 kaufte er sich eine T\u00e9n\u00e9r\u00e9 700, um seine Reiselust mit der Leidenschaft f\u00fcr Enduro besser ausleben zu k\u00f6nnen.<\/p>\n\n\n\n<figure class=\"wp-block-image size-full\"><img loading=\"lazy\" decoding=\"async\" width=\"1024\" height=\"683\" src=\"https:\/\/advtime.eu\/wp-content\/uploads\/2023\/09\/NW-Afrika_antBREY_09-04-23_0829web.jpg\" alt=\"\" class=\"wp-image-622\" srcset=\"https:\/\/advtime.eu\/wp-content\/uploads\/2023\/09\/NW-Afrika_antBREY_09-04-23_0829web.jpg 1024w, https:\/\/advtime.eu\/wp-content\/uploads\/2023\/09\/NW-Afrika_antBREY_09-04-23_0829web-300x200.jpg 300w, https:\/\/advtime.eu\/wp-content\/uploads\/2023\/09\/NW-Afrika_antBREY_09-04-23_0829web-768x512.jpg 768w\" sizes=\"auto, (max-width: 767px) 89vw, (max-width: 1000px) 54vw, (max-width: 1071px) 543px, 580px\" \/><\/figure>\n\n\n\n<p><\/p>\n\n\n\n<p>Anton beschreibt seine Reisen so: \u201eIn den nun fast drei Jahren, in denen ich mit der T\u00e9n\u00e9r\u00e9 unterwegs bin, habe ich den kompletten Balkan, die Alpen, Spanien, Portugal und Teile von Nordwestafrika bereist. Dabei habe ich festgestellt, dass es nicht immer eine Weltreise sein muss, um Abenteuer zu erleben und Herausforderungen zu meistern. Das Abenteuer beginnt dann, wenn man nicht wei\u00df, wie, wo oder wann der Tag, die Reise, endet. Thierry Sabine sagte: If life gets boring, risk it! Doch es geht nicht darum, um jeden Preis sein gesetztes Ziel zu erreichen, sondern Probleme zu erkennen und mit Verantwortung eine Entscheidung zu treffen. Das Besondere bei der Suche nach dem Abenteuer ist, den Punkt zu erkennen, an dem man seinen Plan hinterfragt. Das Schwierigste hierbei ist die Erkenntnis des Scheiterns. Das sind die Momente, in denen man w\u00e4chst. Um diesen Punkt zu erreichen, bedarf es jedoch erst einmal der Lektion des Scheiterns!\u201c<\/p>\n\n\n\n<p>Ich erreichte Anton bei seiner aktuellen Tunesien-Reise, und er sagte direkt f\u00fcr den weihnachtlichen Auftritt bei Paetschman Proudly Presents zu. Seid dabei und lasst euch von Anton Breys Abenteuern inspirieren!<\/p>\n\n\n\n<figure class=\"wp-block-embed is-type-video is-provider-youtube wp-block-embed-youtube wp-embed-aspect-16-9 wp-has-aspect-ratio\"><div class=\"wp-block-embed__wrapper\">\n<iframe loading=\"lazy\" title=\"TUNESIEN #adventure EP 2 \/ Abk\u00fcrzung Eisenbahntunnel\" width=\"525\" height=\"295\" src=\"https:\/\/www.youtube.com\/embed\/ivOzEEJBShg?feature=oembed\" frameborder=\"0\" allow=\"accelerometer; autoplay; clipboard-write; encrypted-media; gyroscope; picture-in-picture; web-share\" referrerpolicy=\"strict-origin-when-cross-origin\" allowfullscreen><\/iframe>\n<\/div><\/figure>\n\n\n\n<p>Dennoch treibt es mich immer in die Ferne, ob mit Skier oder dem Mountainbike, so hat es mich die vergangenen 35 Jahre von Alaska bis in den Iran verschlagen.\u201c sagte Anton mir bei Vorgespr\u00e4ch<\/p>\n\n\n\n<p>2018 entschloss er sich mit einem Motorrad in die Mongolei zu fahren. Im Herbst kaufte Anton sich eine GS 1150 Bj. 2001 und im Fr\u00fchling 2019 unternahm er mit einem Freund eine dreiw\u00f6chige Testfahrt in den Balkan die sich dann \u00fcber Bosnien, Montenegro bis Albanien erstreckte. Es gab einige Hindernisse zu \u00fcberwinden, aber das war f\u00fcr Anton nie ein Grund an seinem Vorhaben zu zweifeln und so war er guter Dinge 2020 eine Reise in die Mongolei zu starten.<\/p>\n\n\n\n<p>Dann aber kam Corona\u2026. &nbsp;&nbsp;<\/p>\n\n\n\n<p>Unabh\u00e4ngig davon hatte er aber ein Ziel und das hie\u00df auf dem Punkt gebracht, Reisen mit dem Motorrad.<\/p>\n\n\n\n<figure class=\"wp-block-image size-medium\"><img loading=\"lazy\" decoding=\"async\" width=\"300\" height=\"200\" src=\"https:\/\/advtime.eu\/wp-content\/uploads\/2023\/09\/NW-Afrika_antBREY_09-04-23_0130web-300x200.jpg\" alt=\"\" class=\"wp-image-623\" srcset=\"https:\/\/advtime.eu\/wp-content\/uploads\/2023\/09\/NW-Afrika_antBREY_09-04-23_0130web-300x200.jpg 300w, https:\/\/advtime.eu\/wp-content\/uploads\/2023\/09\/NW-Afrika_antBREY_09-04-23_0130web-768x512.jpg 768w, https:\/\/advtime.eu\/wp-content\/uploads\/2023\/09\/NW-Afrika_antBREY_09-04-23_0130web.jpg 1024w\" sizes=\"auto, (max-width: 300px) 100vw, 300px\" \/><\/figure>\n\n\n\n<p>Im M\u00e4rz 2021 kaufte er sich eine Tenere 700 um seine Reiselust mit der Leidenschaft Enduro besser ausleben zu k\u00f6nnen.<\/p>\n\n\n\n<p>Wie das bei Ihm Aussieht beschreibt Anton so:<\/p>\n\n\n\n<p>\u201eIn den nun fast drei Jahren, in denen ich nun mit der Tenere unterwegs bin, habe ich den kompletten Balkan die Alpen bereist, Spanien, Portugal und Teile von Nord West Afrika.<\/p>\n\n\n\n<p>Hierbei habe ich festgestellt das es nicht immer eine Weltreise sein muss um Abenteuer zu erleben und Herausforderungen zu meistern.<\/p>\n\n\n\n<p>Das Abenteuer beginnt dann, wenn man nicht wei\u00df wie, wo, wann der Tag, die Reise, endet. Thierry Sabine sagte: If life gets boring, risk it!<\/p>\n\n\n\n<figure class=\"wp-block-image size-full\"><img loading=\"lazy\" decoding=\"async\" width=\"1024\" height=\"683\" src=\"https:\/\/advtime.eu\/wp-content\/uploads\/2023\/09\/NW-Afrika_antBREY_09-04-23_0829web.jpg\" alt=\"\" class=\"wp-image-622\" srcset=\"https:\/\/advtime.eu\/wp-content\/uploads\/2023\/09\/NW-Afrika_antBREY_09-04-23_0829web.jpg 1024w, https:\/\/advtime.eu\/wp-content\/uploads\/2023\/09\/NW-Afrika_antBREY_09-04-23_0829web-300x200.jpg 300w, https:\/\/advtime.eu\/wp-content\/uploads\/2023\/09\/NW-Afrika_antBREY_09-04-23_0829web-768x512.jpg 768w\" sizes=\"auto, (max-width: 767px) 89vw, (max-width: 1000px) 54vw, (max-width: 1071px) 543px, 580px\" \/><\/figure>\n\n\n\n<p>Damit ist aber nicht gemeint um alles in der Welt sein gesetztes Ziel zu erreichen, sondern Probleme zu erkennen und mit Verantwortung eine Entscheidung zu treffen. Das besondere bei der Suche nach dem Abenteuer ist es, den Punkt zu erkennen an dem man seinen Plan zu hinterfragen beginnt, das schwierigste hierbei ist die Erkenntnis des Scheiterns. Das sind die Momente an denen man w\u00e4chst.<br>Um diesen Punkt zu erreichen bedarf es aber erst einmal die Lektion des Scheitern!\u201c<\/p>\n\n\n\n<p><\/p>\n\n\n\n<p><\/p>\n\n\n\n<p>Wie Anton das umsetzt erleben wir in seinem Vortrag. Ich bin sicher er wird auch Dich begeistern.<br><\/p>\n\n\n\n<p><a href=\"https:\/\/www.wuppertal-live.de\/shop\/562665\">https:\/\/www.wuppertal-live.de\/shop\/562665<\/a><br><\/p>\n\n\n\n<figure class=\"wp-block-image size-full\"><a href=\"https:\/\/www.wuppertal-live.de\/shop\/562665\"><img loading=\"lazy\" decoding=\"async\" width=\"432\" height=\"117\" src=\"https:\/\/advtime.eu\/wp-content\/uploads\/2019\/12\/Logo.jpg\" alt=\"\" class=\"wp-image-40\" srcset=\"https:\/\/advtime.eu\/wp-content\/uploads\/2019\/12\/Logo.jpg 432w, https:\/\/advtime.eu\/wp-content\/uploads\/2019\/12\/Logo-300x81.jpg 300w\" sizes=\"auto, (max-width: 432px) 100vw, 432px\" \/><\/a><figcaption class=\"wp-element-caption\">Paetschman Proudly Presents Tickets im VVK. Online und bei den angeschlossenen Ticketshops<\/figcaption><\/figure>\n\n\n\n<p><\/p>\n","protected":false},"excerpt":{"rendered":"<p>Anton Brey ist ein Weltreisender und Motorradenthusiast, der mit seiner Yamaha T\u00e9n\u00e9r\u00e9 immer wieder die Herausforderung abseits der Stra\u00dfe sucht. Er erkundet W\u00fcsten und Steppen und betrachtet diese &#8222;Durchschlage\u00fcbungen&#8220; als abenteuerliche Urlaubsreise und Horizonterweiterung. Am 6. Dezember 2025 pr\u00e4sentiert \u201ePaetschman Proudly Presents\u201c euch Anton Brey mit seinem Vortrag &#8222;Weltreise auf Raten\u201c in der W-Tec Wuppertal &hellip; <\/p>\n<p class=\"link-more\"><a href=\"https:\/\/advtime.eu\/index.php\/samstag-16-dezember-2023-anton-brey-wenn-nicht-jetzt-wann-dann\/\" class=\"more-link\"><span class=\"screen-reader-text\">\u201eSamstag 6 Dezember 2025 Anton Brey &#8211; Weltreise auf Raten\u201c<\/span> weiterlesen<\/a><\/p>\n","protected":false},"author":3,"featured_media":0,"parent":0,"menu_order":12,"comment_status":"closed","ping_status":"closed","template":"","meta":{"footnotes":""},"class_list":["post-649","page","type-page","status-publish","hentry"],"_links":{"self":[{"href":"https:\/\/advtime.eu\/index.php\/wp-json\/wp\/v2\/pages\/649","targetHints":{"allow":["GET"]}}],"collection":[{"href":"https:\/\/advtime.eu\/index.php\/wp-json\/wp\/v2\/pages"}],"about":[{"href":"https:\/\/advtime.eu\/index.php\/wp-json\/wp\/v2\/types\/page"}],"author":[{"embeddable":true,"href":"https:\/\/advtime.eu\/index.php\/wp-json\/wp\/v2\/users\/3"}],"replies":[{"embeddable":true,"href":"https:\/\/advtime.eu\/index.php\/wp-json\/wp\/v2\/comments?post=649"}],"version-history":[{"count":8,"href":"https:\/\/advtime.eu\/index.php\/wp-json\/wp\/v2\/pages\/649\/revisions"}],"predecessor-version":[{"id":1069,"href":"https:\/\/advtime.eu\/index.php\/wp-json\/wp\/v2\/pages\/649\/revisions\/1069"}],"wp:attachment":[{"href":"https:\/\/advtime.eu\/index.php\/wp-json\/wp\/v2\/media?parent=649"}],"curies":[{"name":"wp","href":"https:\/\/api.w.org\/{rel}","templated":true}]}}