{"id":407,"date":"2022-12-19T22:49:12","date_gmt":"2022-12-19T22:49:12","guid":{"rendered":"https:\/\/www.advtime.eu\/?page_id=407"},"modified":"2023-03-09T12:57:17","modified_gmt":"2023-03-09T11:57:17","slug":"407-2","status":"publish","type":"page","link":"https:\/\/advtime.eu\/index.php\/vergangene-events-bei-ppp\/407-2\/","title":{"rendered":"2021"},"content":{"rendered":"\n<h1 class=\"wp-block-heading\">2021 unter Covid Restriktionen<\/h1>\n\n\n\n<p><a href=\"https:\/\/www.advtime.eu\/index.php\/2021\/10\/18\/mit-der-greundiek-in-die-welt\/\">Mit der Greundiek in die Welt<\/a><\/p>\n\n\n\n<p>Am 29.10.21 d\u00fcrfte ich in Dennis Ciminskis Serie &#8222;Mit der Greundiek um die Welt&#8220; auf dem   Museumsschiff Greudiek in Stade meinen Vortrag X-USA \u2013 Abwegig durch die USA pr\u00e4sentieren.<br>Im Bauch des Frachters, im Stader Stadthafen festgemacht lauschte ein interessiertes Publikum meiner Multivision und wir feierten zusammen einen Fernreiseabend der besonderen Art. <br>Mit Sicherheit geh\u00f6rte diese Location und Dennis Reihe zu den spektakul\u00e4rsten meine bisherigen Auftritte.<\/p>\n\n\n\n<figure class=\"wp-block-embed is-type-video is-provider-youtube wp-block-embed-youtube wp-embed-aspect-16-9 wp-has-aspect-ratio\"><div class=\"wp-block-embed__wrapper\">\n<iframe loading=\"lazy\" title=\"Mit der Greundiek in die Welt\" width=\"525\" height=\"295\" src=\"https:\/\/www.youtube.com\/embed\/vzkd72TZjpw?feature=oembed\" frameborder=\"0\" allow=\"accelerometer; autoplay; clipboard-write; encrypted-media; gyroscope; picture-in-picture; web-share\" referrerpolicy=\"strict-origin-when-cross-origin\" allowfullscreen><\/iframe>\n<\/div><\/figure>\n\n\n\n<p><\/p>\n\n\n\n<figure class=\"wp-block-embed\"><div class=\"wp-block-embed__wrapper\">\nhttps:\/\/services.kreiszeitung-wochenblatt.de\/uploads\/blaetterkatalog\/ausgabe\/mi\/ns\/27102021\/catalogs\/27102021\/pdf\/print\/bk_11.pdf\n<\/div><\/figure>\n\n\n\n<p><\/p>\n\n\n\n<figure class=\"wp-block-image\"><img decoding=\"async\" src=\"https:\/\/www.advtime.eu\/wp-content\/uploads\/2021\/09\/OnStage.jpg\" alt=\"Paetschman On Stage\"\/><\/figure>\n\n\n\n<p><a href=\"https:\/\/www.advtime.eu\/index.php\/2021\/09\/06\/geht-nix-geht-nicht\/\"><\/a><\/p>\n\n\n\n<p>Die Entwicklung der Corona Pandemie mit all Ihren Auswirkungen vor allem auch f\u00fcr \u00f6ffentliche Auftritte, Veranstaltungen\u2026 war auch im Sommer 2021 noch dramatisch. Zwar waren die Impfquoten erfreulich gestiegen und so winkte ein wenig Normalit\u00e4t, aber f\u00fcr die die Aufnahme des \u201eregul\u00e4ren Spielbetriebs\u201c meiner Veranstaltungsreihe<br>\u201ePaetschman Proudly Presents\u201c<br>lagen die H\u00fcrden leider immer noch zu hoch.<br>Leider musste auch der geplante Start der Reihe Mit Eva und Dennis am 18. September nun wieder gecancelt werden, da dies wohl, mit allen Auflagen, nicht finanzierbar geworden w\u00e4re. Damit sah es f\u00fcr 2021 schlecht aus und ich schaute vertrauensvoll in das neue Jahr um dann endlich wieder durchstarten zu k\u00f6nnen.<\/p>\n\n\n\n<p>Da stimmte das Tesch treffen in Malmedy mit Bernds 80. Geburtstag schon hoffnungsvoller, bei dem sich das Who is Who der Szene endlich wieder einmal um das gro\u00dfe Lagerfeuer versammelte. Zusammen mit Carola M\u00f6ller, Andreas H\u00fclsmann und Jo Deleker d\u00fcrfte auch ich ein Paar Reiseanekdoten beitragen um in die Ferne zu schweifen.<\/p>\n\n\n\n<p>Das Motorrad Reisetreffen in Gieboldehausen und damit dem zweiten Schwergewicht in Punkto Motorradreisen bot mir dann noch die Gelegenheit nahezu den kompletten Rest der Reisefreunde zu Treffen die zum Tesch Treffen verhindert waren. Selbst Ted Simon und Bernd Tesch waren Online Zugeschaltet um das 25. Jubil\u00e4um des MRT zu feiern.<br>Die B\u00fchne des MRT zu betreten auf der schon so viele Geschichten erz\u00e4hlt wurden und Grundsteine f\u00fcr Abenteuer gelegt wurden war mir eine besondere Ehre. Vor allem auch im Wissen dass auch an diesem Tag noch viele tolle Geschichten folgen sollten. Ich d\u00fcrfte meinen Teaser aus verschiedenen Albanienreisen zum Besten geben.<\/p>\n\n\n\n<figure class=\"wp-block-image\"><img loading=\"lazy\" decoding=\"async\" width=\"450\" height=\"338\" src=\"https:\/\/www.advtime.eu\/wp-content\/uploads\/2021\/09\/Band.jpg\" alt=\"\" class=\"wp-image-392\" srcset=\"https:\/\/advtime.eu\/wp-content\/uploads\/2021\/09\/Band.jpg 450w, https:\/\/advtime.eu\/wp-content\/uploads\/2021\/09\/Band-300x225.jpg 300w\" sizes=\"auto, (max-width: 450px) 100vw, 450px\" \/><\/figure>\n\n\n\n<p><br>Vielen Dank an Ralph, Speedy und das ganze MRT Team daf\u00fcr , dass Ihr das gro\u00dfe Treffen in diesem schwierigen Zeiten m\u00f6glich gemacht habt.<br><br>Ein Auftritt beim T\u00e9n\u00e9r\u00e9 Spirit Treffen im Rahmen des Touratech Activ Adventure am 11.09.2021 rundete Jahr ab.<\/p>\n","protected":false},"excerpt":{"rendered":"<p>2021 unter Covid Restriktionen Mit der Greundiek in die Welt Am 29.10.21 d\u00fcrfte ich in Dennis Ciminskis Serie &#8222;Mit der Greundiek um die Welt&#8220; auf dem Museumsschiff Greudiek in Stade meinen Vortrag X-USA \u2013 Abwegig durch die USA pr\u00e4sentieren.Im Bauch des Frachters, im Stader Stadthafen festgemacht lauschte ein interessiertes Publikum meiner Multivision und wir feierten &hellip; <\/p>\n<p class=\"link-more\"><a href=\"https:\/\/advtime.eu\/index.php\/vergangene-events-bei-ppp\/407-2\/\" class=\"more-link\"><span class=\"screen-reader-text\">\u201e2021\u201c<\/span> weiterlesen<\/a><\/p>\n","protected":false},"author":3,"featured_media":393,"parent":129,"menu_order":2021,"comment_status":"closed","ping_status":"closed","template":"","meta":{"footnotes":""},"class_list":["post-407","page","type-page","status-publish","has-post-thumbnail","hentry"],"_links":{"self":[{"href":"https:\/\/advtime.eu\/index.php\/wp-json\/wp\/v2\/pages\/407","targetHints":{"allow":["GET"]}}],"collection":[{"href":"https:\/\/advtime.eu\/index.php\/wp-json\/wp\/v2\/pages"}],"about":[{"href":"https:\/\/advtime.eu\/index.php\/wp-json\/wp\/v2\/types\/page"}],"author":[{"embeddable":true,"href":"https:\/\/advtime.eu\/index.php\/wp-json\/wp\/v2\/users\/3"}],"replies":[{"embeddable":true,"href":"https:\/\/advtime.eu\/index.php\/wp-json\/wp\/v2\/comments?post=407"}],"version-history":[{"count":5,"href":"https:\/\/advtime.eu\/index.php\/wp-json\/wp\/v2\/pages\/407\/revisions"}],"predecessor-version":[{"id":557,"href":"https:\/\/advtime.eu\/index.php\/wp-json\/wp\/v2\/pages\/407\/revisions\/557"}],"up":[{"embeddable":true,"href":"https:\/\/advtime.eu\/index.php\/wp-json\/wp\/v2\/pages\/129"}],"wp:featuredmedia":[{"embeddable":true,"href":"https:\/\/advtime.eu\/index.php\/wp-json\/wp\/v2\/media\/393"}],"wp:attachment":[{"href":"https:\/\/advtime.eu\/index.php\/wp-json\/wp\/v2\/media?parent=407"}],"curies":[{"name":"wp","href":"https:\/\/api.w.org\/{rel}","templated":true}]}}