{"id":354,"date":"2020-10-12T18:09:36","date_gmt":"2020-10-12T18:09:36","guid":{"rendered":"https:\/\/www.advtime.eu\/?page_id=354"},"modified":"2025-07-01T11:54:09","modified_gmt":"2025-07-01T10:54:09","slug":"verkauf","status":"publish","type":"page","link":"https:\/\/advtime.eu\/index.php\/verkauf\/","title":{"rendered":"Verkauf"},"content":{"rendered":"\n<p>Zu verkaufen:<br><br><br>XT 1200 Z Super T\u00e9n\u00e9r\u00e9 Vorderrad <br><strong>VB.: 400 ,- \u20ac<\/strong><\/p>\n\n\n\n<figure class=\"wp-block-image size-large\"><img loading=\"lazy\" decoding=\"async\" width=\"977\" height=\"1024\" src=\"https:\/\/advtime.eu\/wp-content\/uploads\/2024\/04\/20240409_130032-977x1024.jpg\" alt=\"\" class=\"wp-image-818\" srcset=\"https:\/\/advtime.eu\/wp-content\/uploads\/2024\/04\/20240409_130032-977x1024.jpg 977w, https:\/\/advtime.eu\/wp-content\/uploads\/2024\/04\/20240409_130032-286x300.jpg 286w, https:\/\/advtime.eu\/wp-content\/uploads\/2024\/04\/20240409_130032-768x805.jpg 768w, https:\/\/advtime.eu\/wp-content\/uploads\/2024\/04\/20240409_130032-1466x1536.jpg 1466w, https:\/\/advtime.eu\/wp-content\/uploads\/2024\/04\/20240409_130032-1954x2048.jpg 1954w, https:\/\/advtime.eu\/wp-content\/uploads\/2024\/04\/20240409_130032-1320x1383.jpg 1320w\" sizes=\"auto, (max-width: 767px) 89vw, (max-width: 1000px) 54vw, (max-width: 1071px) 543px, 580px\" \/><\/figure>\n\n\n\n<figure class=\"wp-block-gallery has-nested-images columns-default is-cropped wp-block-gallery-1 is-layout-flex wp-block-gallery-is-layout-flex\">\n<figure class=\"wp-block-image size-large\"><img loading=\"lazy\" decoding=\"async\" width=\"1024\" height=\"1020\" data-id=\"819\" src=\"https:\/\/advtime.eu\/wp-content\/uploads\/2024\/04\/20240409_130041-1024x1020.jpg\" alt=\"\" class=\"wp-image-819\" srcset=\"https:\/\/advtime.eu\/wp-content\/uploads\/2024\/04\/20240409_130041-1024x1020.jpg 1024w, https:\/\/advtime.eu\/wp-content\/uploads\/2024\/04\/20240409_130041-300x300.jpg 300w, https:\/\/advtime.eu\/wp-content\/uploads\/2024\/04\/20240409_130041-150x150.jpg 150w, https:\/\/advtime.eu\/wp-content\/uploads\/2024\/04\/20240409_130041-768x765.jpg 768w, https:\/\/advtime.eu\/wp-content\/uploads\/2024\/04\/20240409_130041-1536x1530.jpg 1536w, https:\/\/advtime.eu\/wp-content\/uploads\/2024\/04\/20240409_130041-2048x2040.jpg 2048w, https:\/\/advtime.eu\/wp-content\/uploads\/2024\/04\/20240409_130041-100x100.jpg 100w, https:\/\/advtime.eu\/wp-content\/uploads\/2024\/04\/20240409_130041-1320x1315.jpg 1320w\" sizes=\"auto, (max-width: 767px) 89vw, (max-width: 1000px) 54vw, (max-width: 1071px) 543px, 580px\" \/><\/figure>\n<\/figure>\n\n\n\n<p>Hinterradfelge XT 1200 Z<br><strong>VB.: 300,- \u20ac<\/strong><\/p>\n\n\n\n<figure class=\"wp-block-gallery has-nested-images columns-default is-cropped wp-block-gallery-2 is-layout-flex wp-block-gallery-is-layout-flex\">\n<figure class=\"wp-block-image size-large\"><img loading=\"lazy\" decoding=\"async\" width=\"960\" height=\"1024\" data-id=\"821\" src=\"https:\/\/advtime.eu\/wp-content\/uploads\/2024\/04\/20240409_125916-960x1024.jpg\" alt=\"\" class=\"wp-image-821\" srcset=\"https:\/\/advtime.eu\/wp-content\/uploads\/2024\/04\/20240409_125916-960x1024.jpg 960w, https:\/\/advtime.eu\/wp-content\/uploads\/2024\/04\/20240409_125916-281x300.jpg 281w, https:\/\/advtime.eu\/wp-content\/uploads\/2024\/04\/20240409_125916-768x819.jpg 768w, https:\/\/advtime.eu\/wp-content\/uploads\/2024\/04\/20240409_125916-1440x1536.jpg 1440w, https:\/\/advtime.eu\/wp-content\/uploads\/2024\/04\/20240409_125916-1921x2048.jpg 1921w, https:\/\/advtime.eu\/wp-content\/uploads\/2024\/04\/20240409_125916-1320x1408.jpg 1320w\" sizes=\"auto, (max-width: 767px) 89vw, (max-width: 1000px) 54vw, (max-width: 1071px) 543px, 580px\" \/><\/figure>\n\n\n\n<figure class=\"wp-block-image size-large\"><img loading=\"lazy\" decoding=\"async\" width=\"1024\" height=\"946\" data-id=\"820\" src=\"https:\/\/advtime.eu\/wp-content\/uploads\/2024\/04\/20240409_125950-1024x946.jpg\" alt=\"\" class=\"wp-image-820\" srcset=\"https:\/\/advtime.eu\/wp-content\/uploads\/2024\/04\/20240409_125950-1024x946.jpg 1024w, https:\/\/advtime.eu\/wp-content\/uploads\/2024\/04\/20240409_125950-300x277.jpg 300w, https:\/\/advtime.eu\/wp-content\/uploads\/2024\/04\/20240409_125950-768x709.jpg 768w, https:\/\/advtime.eu\/wp-content\/uploads\/2024\/04\/20240409_125950-1536x1418.jpg 1536w, https:\/\/advtime.eu\/wp-content\/uploads\/2024\/04\/20240409_125950-2048x1891.jpg 2048w, https:\/\/advtime.eu\/wp-content\/uploads\/2024\/04\/20240409_125950-1320x1219.jpg 1320w\" sizes=\"auto, (max-width: 767px) 89vw, (max-width: 1000px) 54vw, (max-width: 1071px) 543px, 580px\" \/><\/figure>\n\n\n\n<figure class=\"wp-block-image size-large\"><img loading=\"lazy\" decoding=\"async\" width=\"1024\" height=\"994\" data-id=\"822\" src=\"https:\/\/advtime.eu\/wp-content\/uploads\/2024\/04\/20240409_125956-1024x994.jpg\" alt=\"\" class=\"wp-image-822\" srcset=\"https:\/\/advtime.eu\/wp-content\/uploads\/2024\/04\/20240409_125956-1024x994.jpg 1024w, https:\/\/advtime.eu\/wp-content\/uploads\/2024\/04\/20240409_125956-300x291.jpg 300w, https:\/\/advtime.eu\/wp-content\/uploads\/2024\/04\/20240409_125956-768x746.jpg 768w, https:\/\/advtime.eu\/wp-content\/uploads\/2024\/04\/20240409_125956-1536x1491.jpg 1536w, https:\/\/advtime.eu\/wp-content\/uploads\/2024\/04\/20240409_125956-2048x1989.jpg 2048w, https:\/\/advtime.eu\/wp-content\/uploads\/2024\/04\/20240409_125956-1320x1282.jpg 1320w\" sizes=\"auto, (max-width: 767px) 89vw, (max-width: 1000px) 54vw, (max-width: 1071px) 543px, 580px\" \/><\/figure>\n<\/figure>\n\n\n\n<p>F\u00fcr X-Trail T30<br>2,2 DCI <\/p>\n\n\n\n<p>Radsatz (Alu) mit OffRoad Reifen:<br>Zwei nahezu neue Reifen davon verliert ein Reifen Luft<br>VB.: 150,- \u20ac<br><\/p>\n\n\n\n<figure class=\"wp-block-gallery has-nested-images columns-default is-cropped wp-block-gallery-3 is-layout-flex wp-block-gallery-is-layout-flex\">\n<figure class=\"wp-block-image size-large\"><img loading=\"lazy\" decoding=\"async\" width=\"768\" height=\"1024\" data-id=\"836\" src=\"https:\/\/advtime.eu\/wp-content\/uploads\/2024\/08\/20240822_150346-768x1024.jpg\" alt=\"\" class=\"wp-image-836\" srcset=\"https:\/\/advtime.eu\/wp-content\/uploads\/2024\/08\/20240822_150346-768x1024.jpg 768w, https:\/\/advtime.eu\/wp-content\/uploads\/2024\/08\/20240822_150346-225x300.jpg 225w, https:\/\/advtime.eu\/wp-content\/uploads\/2024\/08\/20240822_150346-1152x1536.jpg 1152w, https:\/\/advtime.eu\/wp-content\/uploads\/2024\/08\/20240822_150346-1536x2048.jpg 1536w, https:\/\/advtime.eu\/wp-content\/uploads\/2024\/08\/20240822_150346-1320x1760.jpg 1320w, https:\/\/advtime.eu\/wp-content\/uploads\/2024\/08\/20240822_150346-scaled.jpg 1920w\" sizes=\"auto, (max-width: 767px) 89vw, (max-width: 1000px) 54vw, (max-width: 1071px) 543px, 580px\" \/><\/figure>\n\n\n\n<figure class=\"wp-block-image size-large\"><img loading=\"lazy\" decoding=\"async\" width=\"768\" height=\"1024\" data-id=\"837\" src=\"https:\/\/advtime.eu\/wp-content\/uploads\/2024\/08\/20240822_150350-768x1024.jpg\" alt=\"\" class=\"wp-image-837\" srcset=\"https:\/\/advtime.eu\/wp-content\/uploads\/2024\/08\/20240822_150350-768x1024.jpg 768w, https:\/\/advtime.eu\/wp-content\/uploads\/2024\/08\/20240822_150350-225x300.jpg 225w, https:\/\/advtime.eu\/wp-content\/uploads\/2024\/08\/20240822_150350-1152x1536.jpg 1152w, https:\/\/advtime.eu\/wp-content\/uploads\/2024\/08\/20240822_150350-1536x2048.jpg 1536w, https:\/\/advtime.eu\/wp-content\/uploads\/2024\/08\/20240822_150350-1320x1760.jpg 1320w, https:\/\/advtime.eu\/wp-content\/uploads\/2024\/08\/20240822_150350-scaled.jpg 1920w\" sizes=\"auto, (max-width: 767px) 89vw, (max-width: 1000px) 54vw, (max-width: 1071px) 543px, 580px\" \/><\/figure>\n\n\n\n<figure class=\"wp-block-image size-large\"><img loading=\"lazy\" decoding=\"async\" width=\"768\" height=\"1024\" data-id=\"838\" src=\"https:\/\/advtime.eu\/wp-content\/uploads\/2024\/08\/20240822_150355-768x1024.jpg\" alt=\"\" class=\"wp-image-838\" srcset=\"https:\/\/advtime.eu\/wp-content\/uploads\/2024\/08\/20240822_150355-768x1024.jpg 768w, https:\/\/advtime.eu\/wp-content\/uploads\/2024\/08\/20240822_150355-225x300.jpg 225w, https:\/\/advtime.eu\/wp-content\/uploads\/2024\/08\/20240822_150355-1152x1536.jpg 1152w, https:\/\/advtime.eu\/wp-content\/uploads\/2024\/08\/20240822_150355-1536x2048.jpg 1536w, https:\/\/advtime.eu\/wp-content\/uploads\/2024\/08\/20240822_150355-1320x1760.jpg 1320w, https:\/\/advtime.eu\/wp-content\/uploads\/2024\/08\/20240822_150355-scaled.jpg 1920w\" sizes=\"auto, (max-width: 767px) 89vw, (max-width: 1000px) 54vw, (max-width: 1071px) 543px, 580px\" \/><\/figure>\n<\/figure>\n\n\n\n<p>Radsatz (Alu)<br>VB 150,- \u20ac<\/p>\n\n\n\n<figure class=\"wp-block-gallery has-nested-images columns-default is-cropped wp-block-gallery-4 is-layout-flex wp-block-gallery-is-layout-flex\">\n<figure class=\"wp-block-image size-large\"><img loading=\"lazy\" decoding=\"async\" width=\"768\" height=\"1024\" data-id=\"842\" src=\"https:\/\/advtime.eu\/wp-content\/uploads\/2024\/08\/20240822_150310-768x1024.jpg\" alt=\"\" class=\"wp-image-842\" srcset=\"https:\/\/advtime.eu\/wp-content\/uploads\/2024\/08\/20240822_150310-768x1024.jpg 768w, https:\/\/advtime.eu\/wp-content\/uploads\/2024\/08\/20240822_150310-225x300.jpg 225w, https:\/\/advtime.eu\/wp-content\/uploads\/2024\/08\/20240822_150310-1152x1536.jpg 1152w, https:\/\/advtime.eu\/wp-content\/uploads\/2024\/08\/20240822_150310-1536x2048.jpg 1536w, https:\/\/advtime.eu\/wp-content\/uploads\/2024\/08\/20240822_150310-1320x1760.jpg 1320w, https:\/\/advtime.eu\/wp-content\/uploads\/2024\/08\/20240822_150310-scaled.jpg 1920w\" sizes=\"auto, (max-width: 767px) 89vw, (max-width: 1000px) 54vw, (max-width: 1071px) 543px, 580px\" \/><\/figure>\n\n\n\n<figure class=\"wp-block-image size-large\"><img loading=\"lazy\" decoding=\"async\" width=\"768\" height=\"1024\" data-id=\"841\" src=\"https:\/\/advtime.eu\/wp-content\/uploads\/2024\/08\/20240822_150315-768x1024.jpg\" alt=\"\" class=\"wp-image-841\" srcset=\"https:\/\/advtime.eu\/wp-content\/uploads\/2024\/08\/20240822_150315-768x1024.jpg 768w, https:\/\/advtime.eu\/wp-content\/uploads\/2024\/08\/20240822_150315-225x300.jpg 225w, https:\/\/advtime.eu\/wp-content\/uploads\/2024\/08\/20240822_150315-1152x1536.jpg 1152w, https:\/\/advtime.eu\/wp-content\/uploads\/2024\/08\/20240822_150315-1536x2048.jpg 1536w, https:\/\/advtime.eu\/wp-content\/uploads\/2024\/08\/20240822_150315-1320x1760.jpg 1320w, https:\/\/advtime.eu\/wp-content\/uploads\/2024\/08\/20240822_150315-scaled.jpg 1920w\" sizes=\"auto, (max-width: 767px) 89vw, (max-width: 1000px) 54vw, (max-width: 1071px) 543px, 580px\" \/><\/figure>\n\n\n\n<figure class=\"wp-block-image size-large\"><img loading=\"lazy\" decoding=\"async\" width=\"768\" height=\"1024\" data-id=\"840\" src=\"https:\/\/advtime.eu\/wp-content\/uploads\/2024\/08\/20240822_150325-768x1024.jpg\" alt=\"\" class=\"wp-image-840\" srcset=\"https:\/\/advtime.eu\/wp-content\/uploads\/2024\/08\/20240822_150325-768x1024.jpg 768w, https:\/\/advtime.eu\/wp-content\/uploads\/2024\/08\/20240822_150325-225x300.jpg 225w, https:\/\/advtime.eu\/wp-content\/uploads\/2024\/08\/20240822_150325-1152x1536.jpg 1152w, https:\/\/advtime.eu\/wp-content\/uploads\/2024\/08\/20240822_150325-1536x2048.jpg 1536w, https:\/\/advtime.eu\/wp-content\/uploads\/2024\/08\/20240822_150325-1320x1760.jpg 1320w, https:\/\/advtime.eu\/wp-content\/uploads\/2024\/08\/20240822_150325-scaled.jpg 1920w\" sizes=\"auto, (max-width: 767px) 89vw, (max-width: 1000px) 54vw, (max-width: 1071px) 543px, 580px\" \/><\/figure>\n\n\n\n<figure class=\"wp-block-image size-large\"><img loading=\"lazy\" decoding=\"async\" width=\"768\" height=\"1024\" data-id=\"839\" src=\"https:\/\/advtime.eu\/wp-content\/uploads\/2024\/08\/20240822_150338-768x1024.jpg\" alt=\"\" class=\"wp-image-839\" srcset=\"https:\/\/advtime.eu\/wp-content\/uploads\/2024\/08\/20240822_150338-768x1024.jpg 768w, https:\/\/advtime.eu\/wp-content\/uploads\/2024\/08\/20240822_150338-225x300.jpg 225w, https:\/\/advtime.eu\/wp-content\/uploads\/2024\/08\/20240822_150338-1152x1536.jpg 1152w, https:\/\/advtime.eu\/wp-content\/uploads\/2024\/08\/20240822_150338-1536x2048.jpg 1536w, https:\/\/advtime.eu\/wp-content\/uploads\/2024\/08\/20240822_150338-1320x1760.jpg 1320w, https:\/\/advtime.eu\/wp-content\/uploads\/2024\/08\/20240822_150338-scaled.jpg 1920w\" sizes=\"auto, (max-width: 767px) 89vw, (max-width: 1000px) 54vw, (max-width: 1071px) 543px, 580px\" \/><\/figure>\n<\/figure>\n\n\n\n<p><\/p>\n\n\n\n<p>SW-Motech Koffertr\u00e4ger (inkl. Topcase) f\u00fcr Honda Varadero SD 02 bis BJ.2006<br>VB.: 150,- \u20ac<br><\/p>\n\n\n\n<figure class=\"wp-block-gallery has-nested-images columns-default is-cropped wp-block-gallery-5 is-layout-flex wp-block-gallery-is-layout-flex\">\n<figure class=\"wp-block-image size-large\"><img loading=\"lazy\" decoding=\"async\" width=\"869\" height=\"1024\" data-id=\"901\" src=\"https:\/\/advtime.eu\/wp-content\/uploads\/2024\/09\/20240921_124020-869x1024.jpg\" alt=\"\" class=\"wp-image-901\" srcset=\"https:\/\/advtime.eu\/wp-content\/uploads\/2024\/09\/20240921_124020-869x1024.jpg 869w, https:\/\/advtime.eu\/wp-content\/uploads\/2024\/09\/20240921_124020-255x300.jpg 255w, https:\/\/advtime.eu\/wp-content\/uploads\/2024\/09\/20240921_124020-768x904.jpg 768w, https:\/\/advtime.eu\/wp-content\/uploads\/2024\/09\/20240921_124020-1304x1536.jpg 1304w, https:\/\/advtime.eu\/wp-content\/uploads\/2024\/09\/20240921_124020-1739x2048.jpg 1739w, https:\/\/advtime.eu\/wp-content\/uploads\/2024\/09\/20240921_124020-1320x1555.jpg 1320w\" sizes=\"auto, (max-width: 767px) 89vw, (max-width: 1000px) 54vw, (max-width: 1071px) 543px, 580px\" \/><\/figure>\n\n\n\n<figure class=\"wp-block-image size-large\"><img loading=\"lazy\" decoding=\"async\" width=\"933\" height=\"1024\" data-id=\"899\" src=\"https:\/\/advtime.eu\/wp-content\/uploads\/2024\/09\/20240921_124128-933x1024.jpg\" alt=\"\" class=\"wp-image-899\" srcset=\"https:\/\/advtime.eu\/wp-content\/uploads\/2024\/09\/20240921_124128-933x1024.jpg 933w, https:\/\/advtime.eu\/wp-content\/uploads\/2024\/09\/20240921_124128-273x300.jpg 273w, https:\/\/advtime.eu\/wp-content\/uploads\/2024\/09\/20240921_124128-768x843.jpg 768w, https:\/\/advtime.eu\/wp-content\/uploads\/2024\/09\/20240921_124128-1400x1536.jpg 1400w, https:\/\/advtime.eu\/wp-content\/uploads\/2024\/09\/20240921_124128-1867x2048.jpg 1867w, https:\/\/advtime.eu\/wp-content\/uploads\/2024\/09\/20240921_124128-1320x1448.jpg 1320w\" sizes=\"auto, (max-width: 767px) 89vw, (max-width: 1000px) 54vw, (max-width: 1071px) 543px, 580px\" \/><\/figure>\n\n\n\n<figure class=\"wp-block-image size-large\"><img loading=\"lazy\" decoding=\"async\" width=\"936\" height=\"1024\" data-id=\"900\" src=\"https:\/\/advtime.eu\/wp-content\/uploads\/2024\/09\/20240921_124130-936x1024.jpg\" alt=\"\" class=\"wp-image-900\" srcset=\"https:\/\/advtime.eu\/wp-content\/uploads\/2024\/09\/20240921_124130-936x1024.jpg 936w, https:\/\/advtime.eu\/wp-content\/uploads\/2024\/09\/20240921_124130-274x300.jpg 274w, https:\/\/advtime.eu\/wp-content\/uploads\/2024\/09\/20240921_124130-768x841.jpg 768w, https:\/\/advtime.eu\/wp-content\/uploads\/2024\/09\/20240921_124130-1403x1536.jpg 1403w, https:\/\/advtime.eu\/wp-content\/uploads\/2024\/09\/20240921_124130-1871x2048.jpg 1871w, https:\/\/advtime.eu\/wp-content\/uploads\/2024\/09\/20240921_124130-1320x1445.jpg 1320w\" sizes=\"auto, (max-width: 767px) 89vw, (max-width: 1000px) 54vw, (max-width: 1071px) 543px, 580px\" \/><\/figure>\n\n\n\n<figure class=\"wp-block-image size-large\"><img loading=\"lazy\" decoding=\"async\" width=\"872\" height=\"1024\" data-id=\"902\" src=\"https:\/\/advtime.eu\/wp-content\/uploads\/2024\/09\/20240921_124133-872x1024.jpg\" alt=\"\" class=\"wp-image-902\" srcset=\"https:\/\/advtime.eu\/wp-content\/uploads\/2024\/09\/20240921_124133-872x1024.jpg 872w, https:\/\/advtime.eu\/wp-content\/uploads\/2024\/09\/20240921_124133-255x300.jpg 255w, https:\/\/advtime.eu\/wp-content\/uploads\/2024\/09\/20240921_124133-768x902.jpg 768w, https:\/\/advtime.eu\/wp-content\/uploads\/2024\/09\/20240921_124133-1308x1536.jpg 1308w, https:\/\/advtime.eu\/wp-content\/uploads\/2024\/09\/20240921_124133-1744x2048.jpg 1744w, https:\/\/advtime.eu\/wp-content\/uploads\/2024\/09\/20240921_124133-1320x1550.jpg 1320w\" sizes=\"auto, (max-width: 767px) 89vw, (max-width: 1000px) 54vw, (max-width: 1071px) 543px, 580px\" \/><\/figure>\n<\/figure>\n\n\n\n<p><\/p>\n\n\n\n<p>Showequipment:<\/p>\n\n\n\n<p>Beamer der Marke Optoma DX 609<br>240 Std. Laufleistung.<br>Das Ger\u00e4t kommt mit der originalen Tasche, FB. Kabeln und ist in Top Zustand. <br>Die Schnittstellen und die Topfl\u00e4che sind noch iriginal mit Folie gesch\u00fctzt.<br><br>Epson Beamer &#8211; Weitere Infos Folgen<\/p>\n\n\n\n<p><\/p>\n","protected":false},"excerpt":{"rendered":"<p>Zu verkaufen: XT 1200 Z Super T\u00e9n\u00e9r\u00e9 Vorderrad VB.: 400 ,- \u20ac Hinterradfelge XT 1200 ZVB.: 300,- \u20ac F\u00fcr X-Trail T302,2 DCI Radsatz (Alu) mit OffRoad Reifen:Zwei nahezu neue Reifen davon verliert ein Reifen LuftVB.: 150,- \u20ac Radsatz (Alu)VB 150,- \u20ac SW-Motech Koffertr\u00e4ger (inkl. Topcase) f\u00fcr Honda Varadero SD 02 bis BJ.2006VB.: 150,- \u20ac Showequipment: &hellip; <\/p>\n<p class=\"link-more\"><a href=\"https:\/\/advtime.eu\/index.php\/verkauf\/\" class=\"more-link\"><span class=\"screen-reader-text\">\u201eVerkauf\u201c<\/span> weiterlesen<\/a><\/p>\n","protected":false},"author":3,"featured_media":819,"parent":0,"menu_order":10,"comment_status":"closed","ping_status":"closed","template":"","meta":{"footnotes":"[]"},"class_list":["post-354","page","type-page","status-publish","has-post-thumbnail","hentry"],"_links":{"self":[{"href":"https:\/\/advtime.eu\/index.php\/wp-json\/wp\/v2\/pages\/354","targetHints":{"allow":["GET"]}}],"collection":[{"href":"https:\/\/advtime.eu\/index.php\/wp-json\/wp\/v2\/pages"}],"about":[{"href":"https:\/\/advtime.eu\/index.php\/wp-json\/wp\/v2\/types\/page"}],"author":[{"embeddable":true,"href":"https:\/\/advtime.eu\/index.php\/wp-json\/wp\/v2\/users\/3"}],"replies":[{"embeddable":true,"href":"https:\/\/advtime.eu\/index.php\/wp-json\/wp\/v2\/comments?post=354"}],"version-history":[{"count":12,"href":"https:\/\/advtime.eu\/index.php\/wp-json\/wp\/v2\/pages\/354\/revisions"}],"predecessor-version":[{"id":1029,"href":"https:\/\/advtime.eu\/index.php\/wp-json\/wp\/v2\/pages\/354\/revisions\/1029"}],"wp:featuredmedia":[{"embeddable":true,"href":"https:\/\/advtime.eu\/index.php\/wp-json\/wp\/v2\/media\/819"}],"wp:attachment":[{"href":"https:\/\/advtime.eu\/index.php\/wp-json\/wp\/v2\/media?parent=354"}],"curies":[{"name":"wp","href":"https:\/\/api.w.org\/{rel}","templated":true}]}}