{"id":205,"date":"2020-02-24T18:15:50","date_gmt":"2020-02-24T18:15:50","guid":{"rendered":"https:\/\/www.advtime.eu\/?page_id=205"},"modified":"2020-02-24T19:14:57","modified_gmt":"2020-02-24T19:14:57","slug":"albanien-abwegig","status":"publish","type":"page","link":"https:\/\/advtime.eu\/index.php\/live-multivisionen\/albanien-abwegig\/","title":{"rendered":"Paetschman -Albanien Abwegig"},"content":{"rendered":"\n<figure class=\"wp-block-embed-youtube wp-block-embed is-type-video is-provider-youtube wp-embed-aspect-16-9 wp-has-aspect-ratio\"><div class=\"wp-block-embed__wrapper\">\n<iframe loading=\"lazy\" title=\"Wildcamp\" width=\"525\" height=\"295\" src=\"https:\/\/www.youtube.com\/embed\/daHNESgps3I?feature=oembed\" frameborder=\"0\" allow=\"accelerometer; autoplay; clipboard-write; encrypted-media; gyroscope; picture-in-picture; web-share\" referrerpolicy=\"strict-origin-when-cross-origin\" allowfullscreen><\/iframe>\n<\/div><\/figure>\n\n\n\n<p>Der Balkan hat schon immer eine besondere Anziehungskraft ausge\u00fcbt. So abwechslungsreich die kulturelle Vielfalt sich gibt, so ist auch die Landschaf, welche sowohl kristalklares Meer, schroffes Gebirge, tiefe W\u00e4lder und Seen zu bieten hat wie wilde Pisten in abgeschiedenen Gegenden. <br>Heike und Paetschman starten so zu einem besonderen Abenteuer abwegig durch Albanien.<br>Dass sich dabei Heikes Feuertaufe im Gel\u00e4nde so pl\u00f6tzlich ergeben solle, war nicht geplant. Pl\u00f6tzlich im &#8222;kalten Wasser&#8220; wird aber genau das zu einem grandiosen Abenteuer.<br>Im Dunkeln \u00fcber Albanische Schotterpisten im Grenzgebiet zum Kosowo &#8211; so finden wir das &#8222;Hotel 1000 Sterne&#8220;. <br>Wir erlebten den Morgen mit ganz neuen Einblicken auf die umliegende Landschaft und werden von den Bauern aus dem nahen Dorf, welches wir in der Nacht gar nicht bemerkt hatten, begr\u00fc\u00dft . Kein Wunder, dass Albanien nun auch f\u00fcr Heike zu einem neuen Traum-Urlaubsland erkoren wird. Urspr\u00fcngliche Landschaften, eine F\u00e4hrfahrt durch gro\u00dfartige Schluchten, Hochzeit auf der Autobahn und feuriger Himmel.<br>Eine Reise mit weit mehr als Cevapchichi und Ajvar.<\/p>\n\n\n\n<figure class=\"wp-block-image size-large\"><img loading=\"lazy\" decoding=\"async\" width=\"1000\" height=\"152\" src=\"https:\/\/www.advtime.eu\/wp-content\/uploads\/2020\/02\/Patchworkweb-2.jpg\" alt=\"Paetschman - Albanien Abwegig\" class=\"wp-image-206\" srcset=\"https:\/\/advtime.eu\/wp-content\/uploads\/2020\/02\/Patchworkweb-2.jpg 1000w, https:\/\/advtime.eu\/wp-content\/uploads\/2020\/02\/Patchworkweb-2-300x46.jpg 300w, https:\/\/advtime.eu\/wp-content\/uploads\/2020\/02\/Patchworkweb-2-768x117.jpg 768w\" sizes=\"auto, (max-width: 767px) 89vw, (max-width: 1000px) 54vw, (max-width: 1071px) 543px, 580px\" \/><figcaption>Albanien Abwegig \u00a9 Paetschman<\/figcaption><\/figure>\n\n\n\n<p>\u00d6sterreich, Slovenien, Kroatien, Bosnien, Montenegro, Albanien, Kosowo, Albanien, Montenegro, Bosnien, Kroatien, Slowenien, \u00d6sterreich.<\/p>\n\n\n\n<p>KTM LC4, Yamaha XT1200Z<\/p>\n","protected":false},"excerpt":{"rendered":"<p>Der Balkan hat schon immer eine besondere Anziehungskraft ausge\u00fcbt. So abwechslungsreich die kulturelle Vielfalt sich gibt, so ist auch die Landschaf, welche sowohl kristalklares Meer, schroffes Gebirge, tiefe W\u00e4lder und Seen zu bieten hat wie wilde Pisten in abgeschiedenen Gegenden. Heike und Paetschman starten so zu einem besonderen Abenteuer abwegig durch Albanien.Dass sich dabei Heikes &hellip; <\/p>\n<p class=\"link-more\"><a href=\"https:\/\/advtime.eu\/index.php\/live-multivisionen\/albanien-abwegig\/\" class=\"more-link\"><span class=\"screen-reader-text\">\u201ePaetschman -Albanien Abwegig\u201c<\/span> weiterlesen<\/a><\/p>\n","protected":false},"author":1,"featured_media":206,"parent":194,"menu_order":2017,"comment_status":"closed","ping_status":"closed","template":"","meta":{"footnotes":""},"class_list":["post-205","page","type-page","status-publish","has-post-thumbnail","hentry"],"_links":{"self":[{"href":"https:\/\/advtime.eu\/index.php\/wp-json\/wp\/v2\/pages\/205","targetHints":{"allow":["GET"]}}],"collection":[{"href":"https:\/\/advtime.eu\/index.php\/wp-json\/wp\/v2\/pages"}],"about":[{"href":"https:\/\/advtime.eu\/index.php\/wp-json\/wp\/v2\/types\/page"}],"author":[{"embeddable":true,"href":"https:\/\/advtime.eu\/index.php\/wp-json\/wp\/v2\/users\/1"}],"replies":[{"embeddable":true,"href":"https:\/\/advtime.eu\/index.php\/wp-json\/wp\/v2\/comments?post=205"}],"version-history":[{"count":4,"href":"https:\/\/advtime.eu\/index.php\/wp-json\/wp\/v2\/pages\/205\/revisions"}],"predecessor-version":[{"id":264,"href":"https:\/\/advtime.eu\/index.php\/wp-json\/wp\/v2\/pages\/205\/revisions\/264"}],"up":[{"embeddable":true,"href":"https:\/\/advtime.eu\/index.php\/wp-json\/wp\/v2\/pages\/194"}],"wp:featuredmedia":[{"embeddable":true,"href":"https:\/\/advtime.eu\/index.php\/wp-json\/wp\/v2\/media\/206"}],"wp:attachment":[{"href":"https:\/\/advtime.eu\/index.php\/wp-json\/wp\/v2\/media?parent=205"}],"curies":[{"name":"wp","href":"https:\/\/api.w.org\/{rel}","templated":true}]}}