{"id":197,"date":"2020-02-24T18:13:12","date_gmt":"2020-02-24T18:13:12","guid":{"rendered":"https:\/\/www.advtime.eu\/?page_id=197"},"modified":"2020-02-24T18:13:12","modified_gmt":"2020-02-24T18:13:12","slug":"paetschman-abwegig-um-spanien","status":"publish","type":"page","link":"https:\/\/advtime.eu\/index.php\/live-multivisionen\/paetschman-abwegig-um-spanien\/","title":{"rendered":"Paetschman &#8211; Abwegig um Spanien"},"content":{"rendered":"\n<figure class=\"wp-block-embed-youtube wp-block-embed is-type-video is-provider-youtube wp-embed-aspect-16-9 wp-has-aspect-ratio\"><div class=\"wp-block-embed__wrapper\">\n<iframe loading=\"lazy\" title=\"Teaser zur Multimediashow 2016 der united Teneristi &quot;Abwegig um Spanien&quot;\" width=\"525\" height=\"295\" src=\"https:\/\/www.youtube.com\/embed\/LQkeKdqsbXg?feature=oembed\" frameborder=\"0\" allow=\"accelerometer; autoplay; clipboard-write; encrypted-media; gyroscope; picture-in-picture; web-share\" referrerpolicy=\"strict-origin-when-cross-origin\" allowfullscreen><\/iframe>\n<\/div><\/figure>\n\n\n\n<p>Die drei united Teneristi Jens, Latus und Paetschman machen sich kurzentschlossen auf, um die Iberische Halbinsel zu erkunden. Auf zwei Yamaha XT 1200 Super T\u00e9n\u00e9r\u00e9 und einer BMW 800GS soll es im gro\u00dfen Bogen rund um Spanien gehen. Warum die Atlantikk\u00fcste auch Costa Verde genannt wird, lernen die drei zur Gen\u00fcge kennen. Dabei hatte Paetschman im Vorfeld schon viel \u00dcberzeugungskraft einsetzen m\u00fcssen, auch diese Region einmal zu bereisen. Wieder einmal best\u00e4tigt sich das Motto: &#8222;Abenteuer ist eben auch nur ein romantisches Wort f\u00fcr Probleme &#8222;.<\/p>\n\n\n\n<p>Von Regen und Wind gebeutelt, kommen wir aber sp\u00e4testens auf der Fahrt entlang der Costa da Morte voll auf unsere Kosten. Die grandiose Karthedralenstadt Santiago de Compostela fasziniert wieder einmal, und das Nachtleben lockt uns schnell wieder aus dem Zimmer des ehemaligen Klosters.  Ein Dudelsackspieler am Lighthouse des Cabo Finisterre zieht uns in seinen Bann und unterstreicht mit seinem Spiel lebhaft die atemberaubende Landschaft.<br>Motorrad- und Surferparadise, Westernfeeling, Britische Primaten und Katakomben, ein Tafelberg und der Besuche eines Weingutes sind nur Stichworte, welche die Erlebnisse dieser Reise umrei\u00dfen.<\/p>\n\n\n\n<figure class=\"wp-block-image size-large\"><img loading=\"lazy\" decoding=\"async\" width=\"1000\" height=\"173\" src=\"https:\/\/www.advtime.eu\/wp-content\/uploads\/2020\/02\/Patchworkweb.jpg\" alt=\"\" class=\"wp-image-198\" srcset=\"https:\/\/advtime.eu\/wp-content\/uploads\/2020\/02\/Patchworkweb.jpg 1000w, https:\/\/advtime.eu\/wp-content\/uploads\/2020\/02\/Patchworkweb-300x52.jpg 300w, https:\/\/advtime.eu\/wp-content\/uploads\/2020\/02\/Patchworkweb-768x133.jpg 768w\" sizes=\"auto, (max-width: 767px) 89vw, (max-width: 1000px) 54vw, (max-width: 1071px) 543px, 580px\" \/><figcaption>Abwegig um Spanien \u00a9 Paetschman<\/figcaption><\/figure>\n\n\n\n<p>Spanien, Portugal, Spanien<\/p>\n\n\n\n<p>Yamaha XT 1200Z, Yamaha XT 1200 ZE, BMW GS 800<\/p>\n\n\n\n<figure class=\"wp-block-embed-youtube wp-block-embed is-type-video is-provider-youtube wp-embed-aspect-16-9 wp-has-aspect-ratio\"><div class=\"wp-block-embed__wrapper\">\n<iframe loading=\"lazy\" title=\"Teaser zur Show &quot;Abwegig um Spanien&quot;\" width=\"525\" height=\"295\" src=\"https:\/\/www.youtube.com\/embed\/2vVFSG1KCn0?feature=oembed\" frameborder=\"0\" allow=\"accelerometer; autoplay; clipboard-write; encrypted-media; gyroscope; picture-in-picture; web-share\" referrerpolicy=\"strict-origin-when-cross-origin\" allowfullscreen><\/iframe>\n<\/div><\/figure>\n","protected":false},"excerpt":{"rendered":"<p>Die drei united Teneristi Jens, Latus und Paetschman machen sich kurzentschlossen auf, um die Iberische Halbinsel zu erkunden. Auf zwei Yamaha XT 1200 Super T\u00e9n\u00e9r\u00e9 und einer BMW 800GS soll es im gro\u00dfen Bogen rund um Spanien gehen. Warum die Atlantikk\u00fcste auch Costa Verde genannt wird, lernen die drei zur Gen\u00fcge kennen. Dabei hatte Paetschman &hellip; <\/p>\n<p class=\"link-more\"><a href=\"https:\/\/advtime.eu\/index.php\/live-multivisionen\/paetschman-abwegig-um-spanien\/\" class=\"more-link\"><span class=\"screen-reader-text\">\u201ePaetschman &#8211; Abwegig um Spanien\u201c<\/span> weiterlesen<\/a><\/p>\n","protected":false},"author":1,"featured_media":198,"parent":194,"menu_order":2015,"comment_status":"closed","ping_status":"closed","template":"","meta":{"footnotes":""},"class_list":["post-197","page","type-page","status-publish","has-post-thumbnail","hentry"],"_links":{"self":[{"href":"https:\/\/advtime.eu\/index.php\/wp-json\/wp\/v2\/pages\/197","targetHints":{"allow":["GET"]}}],"collection":[{"href":"https:\/\/advtime.eu\/index.php\/wp-json\/wp\/v2\/pages"}],"about":[{"href":"https:\/\/advtime.eu\/index.php\/wp-json\/wp\/v2\/types\/page"}],"author":[{"embeddable":true,"href":"https:\/\/advtime.eu\/index.php\/wp-json\/wp\/v2\/users\/1"}],"replies":[{"embeddable":true,"href":"https:\/\/advtime.eu\/index.php\/wp-json\/wp\/v2\/comments?post=197"}],"version-history":[{"count":5,"href":"https:\/\/advtime.eu\/index.php\/wp-json\/wp\/v2\/pages\/197\/revisions"}],"predecessor-version":[{"id":244,"href":"https:\/\/advtime.eu\/index.php\/wp-json\/wp\/v2\/pages\/197\/revisions\/244"}],"up":[{"embeddable":true,"href":"https:\/\/advtime.eu\/index.php\/wp-json\/wp\/v2\/pages\/194"}],"wp:featuredmedia":[{"embeddable":true,"href":"https:\/\/advtime.eu\/index.php\/wp-json\/wp\/v2\/media\/198"}],"wp:attachment":[{"href":"https:\/\/advtime.eu\/index.php\/wp-json\/wp\/v2\/media?parent=197"}],"curies":[{"name":"wp","href":"https:\/\/api.w.org\/{rel}","templated":true}]}}