{"id":194,"date":"2020-02-19T20:14:35","date_gmt":"2020-02-19T20:14:35","guid":{"rendered":"https:\/\/www.advtime.eu\/?page_id=194"},"modified":"2020-02-24T20:32:12","modified_gmt":"2020-02-24T20:32:12","slug":"live-multivisionen","status":"publish","type":"page","link":"https:\/\/advtime.eu\/index.php\/live-multivisionen\/","title":{"rendered":"Live Multivisionen"},"content":{"rendered":"\n<p class=\"has-text-align-center\">Du suchst eine Multivision f\u00fcr Deinen Event?<br>Hier findest Du verschiedene Live Multivisionen \/ Pressetexte. <br>Ich freue mich auf Deine \/ Eure Anfrage via proudlypresents (\u00e4t) Paetschman.de<\/p>\n\n\n\n<ul class=\"wp-block-list\"><li><a href=\"https:\/\/www.advtime.eu\/index.php\/live-multivisionen\/paetschman---abwegig-nach-syrien-und-zuruck\/\" target=\"_blank\" rel=\"noreferrer noopener\" aria-label=\"Abwegig nach Syrien mit den united T\u00e9n\u00e9risti Bodo und Paetschman (\u00f6ffnet in neuem Tab)\">Abwegig nach Syrien mit den united T\u00e9n\u00e9risti Bodo und Paetschman<\/a><br><\/li><li><a rel=\"noreferrer noopener\" aria-label=\"Abwegig um die Ostsee mit den united T\u00e9n\u00e9risti Bodo und Paetschman (\u00f6ffnet in neuem Tab)\" href=\"https:\/\/www.advtime.eu\/index.php\/multivisionen\/baltic-challenge\" target=\"_blank\">Abwegig um die Ostsee mit den united T\u00e9n\u00e9risti Bodo und Paetschman<\/a><br><\/li><li><a rel=\"noreferrer noopener\" aria-label=\"Abwegig um Spanien mit den united T\u00e9n\u00e9risti Bodo, Jens und Paetschman (\u00f6ffnet in neuem Tab)\" href=\"https:\/\/www.advtime.eu\/index.php\/live-multivisionen\/paetschman-abwegig-um-spanien\/\" target=\"_blank\">Abwegig um Spanien mit den united T\u00e9n\u00e9risti Bodo, Jens und Paetschman<\/a><br><\/li><li><a rel=\"noreferrer noopener\" aria-label=\"Abwegig durchs goldene Dreieck mit den united T\u00e9n\u00e9risti Bodo und Paetschman (\u00f6ffnet in neuem Tab)\" href=\"https:\/\/www.advtime.eu\/index.php\/multivisionen\/paetschman---abwegig-durchs-goldene-dreieck\/\" target=\"_blank\">Abwegig durchs goldene Dreieck mit den united T\u00e9n\u00e9risti Bodo und Paetschman<\/a><br><\/li><li><a rel=\"noreferrer noopener\" aria-label=\"Abwegig in Albanien mit den united T\u00e9n\u00e9risti Heike und Paetschman (\u00f6ffnet in neuem Tab)\" href=\"https:\/\/www.advtime.eu\/index.php\/live-multivisionen\/albanien-abwegig\/\" target=\"_blank\">Abwegig in Albanien mit den united T\u00e9n\u00e9risti Heike und Paetschman<\/a><\/li><\/ul>\n\n\n\n<p><\/p>\n","protected":false},"excerpt":{"rendered":"<p>Du suchst eine Multivision f\u00fcr Deinen Event?Hier findest Du verschiedene Live Multivisionen \/ Pressetexte. Ich freue mich auf Deine \/ Eure Anfrage via proudlypresents (\u00e4t) Paetschman.de Abwegig nach Syrien mit den united T\u00e9n\u00e9risti Bodo und Paetschman Abwegig um die Ostsee mit den united T\u00e9n\u00e9risti Bodo und Paetschman Abwegig um Spanien mit den united T\u00e9n\u00e9risti Bodo, &hellip; <\/p>\n<p class=\"link-more\"><a href=\"https:\/\/advtime.eu\/index.php\/live-multivisionen\/\" class=\"more-link\"><span class=\"screen-reader-text\">\u201eLive Multivisionen\u201c<\/span> weiterlesen<\/a><\/p>\n","protected":false},"author":1,"featured_media":52,"parent":0,"menu_order":5,"comment_status":"closed","ping_status":"closed","template":"","meta":{"footnotes":""},"class_list":["post-194","page","type-page","status-publish","has-post-thumbnail","hentry"],"_links":{"self":[{"href":"https:\/\/advtime.eu\/index.php\/wp-json\/wp\/v2\/pages\/194","targetHints":{"allow":["GET"]}}],"collection":[{"href":"https:\/\/advtime.eu\/index.php\/wp-json\/wp\/v2\/pages"}],"about":[{"href":"https:\/\/advtime.eu\/index.php\/wp-json\/wp\/v2\/types\/page"}],"author":[{"embeddable":true,"href":"https:\/\/advtime.eu\/index.php\/wp-json\/wp\/v2\/users\/1"}],"replies":[{"embeddable":true,"href":"https:\/\/advtime.eu\/index.php\/wp-json\/wp\/v2\/comments?post=194"}],"version-history":[{"count":13,"href":"https:\/\/advtime.eu\/index.php\/wp-json\/wp\/v2\/pages\/194\/revisions"}],"predecessor-version":[{"id":274,"href":"https:\/\/advtime.eu\/index.php\/wp-json\/wp\/v2\/pages\/194\/revisions\/274"}],"wp:featuredmedia":[{"embeddable":true,"href":"https:\/\/advtime.eu\/index.php\/wp-json\/wp\/v2\/media\/52"}],"wp:attachment":[{"href":"https:\/\/advtime.eu\/index.php\/wp-json\/wp\/v2\/media?parent=194"}],"curies":[{"name":"wp","href":"https:\/\/api.w.org\/{rel}","templated":true}]}}