{"id":191,"date":"2020-02-24T18:07:51","date_gmt":"2020-02-24T18:07:51","guid":{"rendered":"https:\/\/www.advtime.eu\/?page_id=191"},"modified":"2020-02-24T19:12:08","modified_gmt":"2020-02-24T19:12:08","slug":"baltic-challenge","status":"publish","type":"page","link":"https:\/\/advtime.eu\/index.php\/live-multivisionen\/baltic-challenge\/","title":{"rendered":"Paetschman &#8211; Baltic Challenge"},"content":{"rendered":"\n<figure class=\"wp-block-embed-youtube wp-block-embed is-type-video is-provider-youtube wp-embed-aspect-16-9 wp-has-aspect-ratio\"><div class=\"wp-block-embed__wrapper\">\n<iframe loading=\"lazy\" title=\"2013 Baltic Challange\" width=\"525\" height=\"295\" src=\"https:\/\/www.youtube.com\/embed\/S9KWFRs-RuE?feature=oembed\" frameborder=\"0\" allow=\"accelerometer; autoplay; clipboard-write; encrypted-media; gyroscope; picture-in-picture; web-share\" referrerpolicy=\"strict-origin-when-cross-origin\" allowfullscreen><\/iframe>\n<\/div><\/figure>\n\n\n\n<p>Immer wieder Andalusien, so fing alles an mit den Motorradreisen bei Michael Paetsch alias Paetschman. Schon die Anreise auf eigener Achse sollte reichen, um den Reisevirus tief in seine DNA zu schreiben, und so sollte es in den folgenden Jahrzehnten kaum einen Urlaubstag geben, den Paetschman nicht im Sattel seiner Reiseenduro verbrachte. Als \u201eunited Teneristi\u201c ging es so mit seinen verschiedenen Reisepartnern immer wieder zu exotischen Zielen. Marokko, Thailand, Kanada und die USA sowie Syrien waren dabei nur einige Stationen. <br>Nach so vielen Begegnungen mit interessanten Kulturen und grandiosen Landschaften wurde es also Zeit, etwas zur\u00fcckzugeben. Der Gewinn des Reisef\u00f6rderpreises der &#8222;Stiftung f\u00fcr Helfer&#8220; war da der willkommene Startschuss zu einem neuen Projekt, welches Paetschman und Latus in den Norden Europas f\u00fchren sollte. Dass die Idee, Stra\u00dfenkindern in Kaliningrad ein Zuhause zu geben, jedoch so gro\u00dfe H\u00fcrden aufwerfen w\u00fcrde, h\u00e4tten auch die beiden United Teneristi nicht f\u00fcr m\u00f6glich gehalten. Nicht nur dass ein gewisser Herr Putin von solchen Aktionen nicht begeistert war, auch hartn\u00e4ckige Viren, der Austausch des Probstes von Kaliningrad, nicht vorhandene Russischkenntnisse und vieles mehr sollte das zweik\u00f6pfige Team vor ungeahnte Herausforderungen stellen. <\/p>\n\n\n\n<p>Erlebe mit, wie sich das sympathische Team \u00fcber Schotterpisten und Waldwege einen Weg gen Osten bahnt und Natursch\u00f6nheiten erlebt, die sie so schnell nicht vergessen werden. Elefanten in Schweden, Sauna in Finnland, Biwak bei St. Petersburg, Wildwasser in Estland und Kabelbrand in Kaliningrad inklusive. Eine Abenteuer-Live-Multivision, die zeigt wie trotz aller Widerst\u00e4nde am Ende doch so einige frohe Gesichter zu sehen sind.<\/p>\n\n\n\n<figure class=\"wp-block-image size-large\"><img decoding=\"async\" src=\"https:\/\/www.advtime.eu\/wp-content\/uploads\/2020\/02\/Patchwork-1024x238.jpg\" alt=\"Unterwegs abwegig um die Ostsee Paetschman und die united T\u00e9n\u00e9risti\" class=\"wp-image-192\"\/><figcaption>Baltic Challenge \u00a9Paetschman<\/figcaption><\/figure>\n\n\n\n<p>Eine Reise mit Yamaha XTZ 750 und Yamaha XT 1200 Z<br>Spendenaktion in Zusammenarbeit mit der Stiftung f\u00fcr Helfer in Kaliningrad<br>Knapp 6000 Km durch D\u00e4nemark, Schweden, Finnland, Russland, Estland, Lettland, Litauen, Russland (Kaliningrad), Polen<\/p>\n","protected":false},"excerpt":{"rendered":"<p>Immer wieder Andalusien, so fing alles an mit den Motorradreisen bei Michael Paetsch alias Paetschman. Schon die Anreise auf eigener Achse sollte reichen, um den Reisevirus tief in seine DNA zu schreiben, und so sollte es in den folgenden Jahrzehnten kaum einen Urlaubstag geben, den Paetschman nicht im Sattel seiner Reiseenduro verbrachte. Als \u201eunited Teneristi\u201c &hellip; <\/p>\n<p class=\"link-more\"><a href=\"https:\/\/advtime.eu\/index.php\/live-multivisionen\/baltic-challenge\/\" class=\"more-link\"><span class=\"screen-reader-text\">\u201ePaetschman &#8211; Baltic Challenge\u201c<\/span> weiterlesen<\/a><\/p>\n","protected":false},"author":1,"featured_media":262,"parent":194,"menu_order":2013,"comment_status":"closed","ping_status":"closed","template":"","meta":{"footnotes":""},"class_list":["post-191","page","type-page","status-publish","has-post-thumbnail","hentry"],"_links":{"self":[{"href":"https:\/\/advtime.eu\/index.php\/wp-json\/wp\/v2\/pages\/191","targetHints":{"allow":["GET"]}}],"collection":[{"href":"https:\/\/advtime.eu\/index.php\/wp-json\/wp\/v2\/pages"}],"about":[{"href":"https:\/\/advtime.eu\/index.php\/wp-json\/wp\/v2\/types\/page"}],"author":[{"embeddable":true,"href":"https:\/\/advtime.eu\/index.php\/wp-json\/wp\/v2\/users\/1"}],"replies":[{"embeddable":true,"href":"https:\/\/advtime.eu\/index.php\/wp-json\/wp\/v2\/comments?post=191"}],"version-history":[{"count":4,"href":"https:\/\/advtime.eu\/index.php\/wp-json\/wp\/v2\/pages\/191\/revisions"}],"predecessor-version":[{"id":243,"href":"https:\/\/advtime.eu\/index.php\/wp-json\/wp\/v2\/pages\/191\/revisions\/243"}],"up":[{"embeddable":true,"href":"https:\/\/advtime.eu\/index.php\/wp-json\/wp\/v2\/pages\/194"}],"wp:featuredmedia":[{"embeddable":true,"href":"https:\/\/advtime.eu\/index.php\/wp-json\/wp\/v2\/media\/262"}],"wp:attachment":[{"href":"https:\/\/advtime.eu\/index.php\/wp-json\/wp\/v2\/media?parent=191"}],"curies":[{"name":"wp","href":"https:\/\/api.w.org\/{rel}","templated":true}]}}