{"id":148,"date":"2020-01-19T19:53:02","date_gmt":"2020-01-19T19:53:02","guid":{"rendered":"https:\/\/www.advtime.eu\/?page_id=148"},"modified":"2020-01-19T19:55:30","modified_gmt":"2020-01-19T19:55:30","slug":"2017-2","status":"publish","type":"page","link":"https:\/\/advtime.eu\/index.php\/vergangene-events-bei-ppp\/2017-2\/","title":{"rendered":"2017"},"content":{"rendered":"\n<p>Abwegig rund um Spanien, dass war mein Thema zum Saisonstart bei<br><strong>Paetschman Proudly Presents <\/strong>im Mad Dog Cronenberg <strong>am 07 Januar 2017<br><\/strong>Dieses Mal durfte ich Euch mitnehmen auf unsere (Jens, Bodo und meine)<br>Reise mir zwei 1200er Super T\u00e9n\u00e9r\u00e9s&nbsp; und einer GS 800 rund um Spanien und Portugal. In Premiere konnte ich Euch die Show im Mad Dog Cronenberg in meiner Reihe pr\u00e4sentieren.<\/p>\n\n\n\n<div class=\"wp-block-image\"><figure class=\"alignleft\"><a href=\"gig rund um Spanien\"><img decoding=\"async\" src=\"http:\/\/unitedteneristi.de\/wp-content\/uploads\/2017\/02\/IMG_0343-300x200.jpg\" alt=\"\" class=\"wp-image-4363\"\/><\/a><figcaption>Paetschman Proudly Presents: Abwegig rund um Spanien mit den united Teneristi am 07.01.2017<\/figcaption><\/figure><\/div>\n\n\n\n<p><\/p>\n\n\n\n<p>&#8222;<strong>Namibia &#8211; auf vier R\u00e4dern<\/strong>&#8220;  Das war der Titel der Multivisionsshow der <strong>Kaitinnis<\/strong> am <strong>04.02.2017<\/strong> mit der die beiden sympathischen Traveller das Mad Dog im wahrsten Sinne des Wortes gerockt haben. Nicht ohne Grund platzte das Mad Dog an diesem Abend aus allen N\u00e4hten. Denn die Kaitinnis hatten nicht zu viel versprochen.&nbsp; In Ihrer Premiere der neuen Show nahmen Sie unsere G\u00e4ste mit auf die Reise und tief hinein in die emotionalen Geschichten Ihrer Abenteuer.<\/p>\n\n\n\n<div class=\"wp-block-image size-medium wp-image-4352\"><figure class=\"alignleft\"><img decoding=\"async\" src=\"http:\/\/unitedteneristi.de\/wp-content\/uploads\/2016\/12\/Homepage-headerV1-1-300x169.jpg\" alt=\"\" class=\"wp-image-4352\"\/><figcaption>Paetschman Proudly Presents &#8211; 04.02.2017<br>Die Kaitinnis &#8211; Namibia auf vier R\u00e4der\u00b4n<\/figcaption><\/figure><\/div>\n\n\n\n<p><\/p>\n\n\n\n<p>So hat es sich f\u00fcr alle gelohnt dass Helmuts Ausl\u00f6ser in Namibia wieder hemmungslos geklickt hatte und Heike in gewohnt sympathischer Art die G\u00e4ste in den Bann gezogen hat. Die Cronenberger Woche hatte bereits \u00fcber das bevorstehende Ereignis auf Seite vier berichtet. Schaut doch einmal rein in den Bericht : <a href=\"https:\/\/www.cronenberger-woche.de\/media\/2017\/02\/Gesamt.pdf\">https:\/\/www.cronenberger-woche.de\/media\/2017\/02\/Gesamt.pdf<\/a>. <\/p>\n\n\n\n<p>Ein bildgewaltiges Abeteuer erlebten wir am <strong>4.M\u00e4rz 2017<\/strong> mit dem Auftritt von<strong> Jo Deleker<\/strong>. <strong>&#8220; Island&#8220; <\/strong>hei\u00dfkalte Abenteuer in vier Jahreszeiten<\/p>\n\n\n\n<p>7 Reisen, 30 Wochen, 30.000 Kilometer kreuz und quer \u00fcber spannendste Insel Europas. Jo Deleker spannte den Bogen von seinen ersten Island-Motorrad-Reisen vor fast 30 Jahren bis zu winterlichen Jeep-Touren im letzten M\u00e4rz. Er erz\u00e4hlte von desastr\u00f6sen Flussdurchfahrten, einem unerwarteten Schneesturm auf dem Kverkfj\u00f6ll, von der sch\u00f6nsten Hochlandpiste \u00fcberhaupt und lies uns teilnahmen wie er den lustigen Papageitauchern bei ihren tollpatschigen Landungen zu schaute. Der kurze aber bunte Herbst und schlie\u00dflich der Winter, wo Island seine andere, einsame und raue Seite zeigt war ein weiteres Kapitel im Bilderreigen wie die langen N\u00e4chte, stundenlanges Warten aufs Polarlicht, grandiose St\u00fcrme, die zw\u00f6lf Meter hohen Wellen gegen die Steilk\u00fcste werfen, Eiszapfen, Eish\u00f6hlen, Eisberge und Softeis von der Tanke.<\/p>\n\n\n\n<div class=\"wp-block-image size-medium wp-image-4382\"><figure class=\"alignleft\"><img decoding=\"async\" src=\"http:\/\/unitedteneristi.de\/wp-content\/uploads\/2017\/02\/IMG_0540-300x200.jpg\" alt=\"\" class=\"wp-image-4382\"\/><figcaption>Paetschman Proudly Presents: Island &#8211; Hei\u00dfkalte Abenteuer in vier Jahreszeiten mit Jo Deleker.<\/figcaption><\/figure><\/div>\n\n\n\n<p><\/p>\n\n\n\n<p>Schon direkt nach der Show wurden die Rufe laut wo und wann man das noch einmal sehen kann. Da zu diesem Zeitpunkt noch keine Termine feststehen hilft nur der Blick auf&nbsp; Jo Delekers Seite&nbsp; <a href=\"http:\/\/www.jodeleker.de\">www.jodeleker.de.<\/a> Ich verspreche sicherlich nicht zu wenig wenn ich sage, dass es da noch viel mehr zu entdecken gibt. Vielen Dank an Birgit und Jo f\u00fcr den Tollen Abend mit einem ebenso grandiosem Publikum.<\/p>\n\n\n\n<p>Am <strong>01. April 2017 <\/strong>pr\u00e4sentierte ich im Rahmen von <strong>Yamaha Live<\/strong> bei<br><strong>Yamaha King Bikes in Remscheid<\/strong> meine Show &#8222;<strong>Abwegig auf dem Balkan<\/strong>&#8222;<br>Bei freiem Eintritt, leckerem vom Grill sowie den neusten Yamaha Modellen und top Betreuung durch das ganze Team von Jacob sind alle G\u00e4ste auf Ihre Kosten gekommen. Ein sch\u00f6ner Tag den ich trotz akuter Erk\u00e4ltung gemeistert habe.<\/p>\n\n\n\n<div class=\"wp-block-image\"><figure class=\"alignleft\"><a href=\"maha King Biukes\"><img decoding=\"async\" src=\"http:\/\/unitedteneristi.de\/wp-content\/uploads\/2017\/02\/2017_04_01_3474-200x300.jpg\" alt=\"\" class=\"wp-image-4411\"\/><\/a><figcaption>Paetschman Proudly Presents bei Yamaha Live In Remscheid bei King Bikes<\/figcaption><\/figure><\/div>\n\n\n\n<p><\/p>\n\n\n\n<p><strong>Am 8.April 2017<\/strong> hatte ich das Vergn\u00fcgen Euch <strong>Erik Peters <\/strong>mit<strong><br>&#8220; Abenteuer S\u00fcdostasien&#8220;<\/strong>pr\u00e4sentieren zu d\u00fcrfen<strong>.<br><\/strong>Erik in das Mad Dog Cronenberg zu holen ist mir immer wieder eine echte Freude und Ehre. L\u00e4ngst die gro\u00dfen B\u00fchnen erklommen ist es \u00fcberhaupt nicht selbstverst\u00e4ndlich Erik zu ergattern. Selbstverst\u00e4ndlich erobert Erik in der kleinen Clubatmosph\u00e4re des Mad Dog Cronenbergs auch die Herzen der Zuschauer im Fluge. Die entpuppen sich von Vortrag zu Vortrag selbst immer mehr als &#8222;Fachpublikum&#8220; welches sich immer schon konspirativ die H\u00e4nde reibt wenn die Highlights der Reise nahen. Klar &#8211; der ein oder andere war auch schon hier und da&#8230; <strong>Mit dem Motorrad durch Thailand, Laos und Kambodscha&#8230;<\/strong> Ein Vierteljahr lang ist der Abenteurer Erik Peters mit seinem Motorrad in S\u00fcdostasien unterwegs. Von der thail\u00e4ndischen Megametropole Bangkok an die Traumstr\u00e4nde im S\u00fcden des Landes, weiter in die wilden Berglandschaften der Provinzen Chiang Mai und Mae Hong Son \u2013 mitten hinein ins Kurvenparadies S\u00fcdostasiens. Laosmit der alten K\u00f6nigsstadt Luang Prabang am Mekong, Flusstourenund der legend\u00e4ren H\u1ed3-Ch\u00ed-Minh-Pfad vorbei an den tosenden Mekongf\u00e4llen weiter nach Kambodscha, in die Ruinen von Angkor ehe die Reise nach \u00fcber 15.000 Kilometern p\u00fcnktlich zum Songkranfest wieder in Thailand endet.<br>Wir erlebten atemberaubende Fotos und Filmsequenzen mit umfangreichen Informationen f\u00fcr die eventuell n\u00e4chste Reise und tief Einblicke in die Kultur S\u00fcdostasiens. Vor allem aber ein grandioses Vergn\u00fcgen, das mit viel Humor gew\u00fcrzt war. Vielen Dank Erik f\u00fcr einen sch\u00f6nen Abend.<\/p>\n\n\n\n<div class=\"wp-block-image size-medium wp-image-4413\"><figure class=\"alignleft\"><img decoding=\"async\" src=\"http:\/\/unitedteneristi.de\/wp-content\/uploads\/2017\/02\/2017_04_08_3660-300x200.jpg\" alt=\"\" class=\"wp-image-4413\"\/><figcaption>Am 08.04.2017 pr\u00e4sentierte ich Euch im Mad Dog Cronenberg im Rahmen von Paetschman Proudly Presents Erik Peters mit &#8222;Abenteuer S\u00fcdostasien&#8220;<\/figcaption><\/figure><\/div>\n\n\n\n<p><\/p>\n\n\n\n<p>Am <strong>1.Mai 2017<\/strong> hatte ich das Vergn\u00fcgen Euch meine neue Show <strong>Thailand abwegig<\/strong>  in der Dorfsch\u00e4nke Agathaberg zu pr\u00e4sentieren. <\/p>\n\n\n\n<div class=\"wp-block-image size-medium wp-image-4409\"><figure class=\"alignleft\"><img decoding=\"async\" src=\"http:\/\/unitedteneristi.de\/wp-content\/uploads\/2017\/04\/ThaiHeaderHP-300x86.jpg\" alt=\"\" class=\"wp-image-4409\"\/><figcaption>Paetschman Proudly Presents &#8222;Thailand Abwegig&#8220; mit den united Teneristi in der Dorfsch\u00e4nke Agathaberg am 1. Mai 2017<\/figcaption><\/figure><\/div>\n\n\n\n<p><\/p>\n\n\n\n<p>Gerade zur\u00fcck vom Tesch Treavel Treffen in Malmedy und mit ordentlicher Erk\u00e4ltung k\u00e4mpfend war ich sehr dankbar f\u00fcr die tatkr\u00e4ftige Unterst\u00fctzung von Nicky und Alex ohne die ich die Schlepperei dieses Mal kaum hinter mich gebracht h\u00e4tte. Vielen Dank auch an Wirt Thomas Ufer der uns alle mit leckerem Essen und einer tollen B\u00fchne versorgte.<\/p>\n\n\n\n<p><strong>Am 06.05.2017 <\/strong>d\u00fcrfte ich Euch <strong>In 18 Monaten 65000 km durch&nbsp; &#8222;Nord-Amerika&#8220;<\/strong><br>von und mit <strong>Alexander Conrad <\/strong>meinem neuen verdreckten Ermittler pr\u00e4sentieren.<br>Im April 2015 brach Alexander Conrad mit seiner bereits 90.000 km betagten BMW F 650 GS &#8222;Dakar&#8220; auf um Nord-Amerika zu entdecken. Von New York aus f\u00fchrte in die Reise quer durch die USA bis nach Kanada hinein, wo er dem Alaska-Highway bis in den n\u00f6rdlichsten Bundesstaat der USA folgt. Nach 4 Monaten erreicht in Prudhoe Bay\/AK den n\u00f6rdlichsten Punkt des amerikanischen Kontinents und macht sich erneut auf den Weg gen S\u00fcden. Er durchstreift die endlosen W\u00e4lder des Yukon Territory, \u00fcberquert mehrmals die Rocky Mountains, bis er nach einem dreiviertel Jahr &#8222;on the road&#8220; im Sonnenstaat Kalifornien sein Winterquartier errichtet und diesen ausgiebigst erkundet. Anschlie\u00dfend f\u00fchrt in ihn seine Reise weiter durch den Wilden Westen Utah\u2019s, die texanischen Ebenen und quer durch die S\u00fcd-Staaten der USA, bis er nach \u00fcber 14 Monaten Miami und Key West\/ Florida als ein Zwischenziel seiner Reise erreicht. Seit Kindestagen an von Landtechnik fasziniert, verbringt der studierte Maschinenbau-Ingenieur immer wieder mehrere Wochen bei einheimischen Farmern oder Maschinenherstellern, um zum einen sein Wissen zu erweiteren, aber auch die ohnehin schmale Reisekasse aufzubessern.<\/p>\n\n\n\n<div class=\"wp-block-image size-medium wp-image-4417\"><figure class=\"alignleft\"><img decoding=\"async\" src=\"http:\/\/unitedteneristi.de\/wp-content\/uploads\/2012\/10\/PlakatConradV1web-300x213.jpg\" alt=\"\" class=\"wp-image-4417\"\/><figcaption>Paetschman Proudly Presents<br>Alexander Conrad am 06. Mai 2017 im Mad Dog Cronenberg<\/figcaption><\/figure><\/div>\n\n\n\n<p><\/p>\n\n\n\n<p>Alexander performte seine Show perfekt, heimste einige Lacher ein und hinterlie\u00df das Publikum in perfekter Verfassung um sich nun in meiner Sommerpause selbst in Abenteuer zu st\u00fcrzen. Es war uns allen ein Vergn\u00fcgen&#8230;<\/p>\n\n\n\n<div class=\"wp-block-image size-medium wp-image-4439\"><figure class=\"alignleft\"><img decoding=\"async\" src=\"http:\/\/unitedteneristi.de\/wp-content\/uploads\/2017\/02\/2017_05_06_3761-300x200.jpg\" alt=\"\" class=\"wp-image-4439\"\/><figcaption>Alexander Conrad @ Paetschman Proudly Presents 6.5.17<\/figcaption><\/figure><\/div>\n\n\n\n<p><\/p>\n\n\n\n<p><a href=\"http:\/\/unitedteneristi.de\/?page_id=2299\"><strong>Am 07. Oktober 2017<\/strong><\/a> war es wieder einmal soweit und <strong>Joachim von Loeben<\/strong> pr\u00e4sentierte eine Show im Mad Dog Cronenberg. Dieses Mal war es seine neue Show <strong>111 L\u00e4nder<\/strong>.<\/p>\n\n\n\n<div class=\"wp-block-image size-full wp-image-4475\"><figure class=\"aligncenter\"><img decoding=\"async\" src=\"http:\/\/unitedteneristi.de\/wp-content\/uploads\/2017\/05\/JoHeader-1.jpg\" alt=\"\" class=\"wp-image-4475\"\/><figcaption>PaetschmanProudy Presents &#8211; Joachim von Loeben am 7. Oktober 2017 im Mad Dog Cronenberg<\/figcaption><\/figure><\/div>\n\n\n\n<p>Am <strong>4. November<\/strong> rockte <strong>Dennis Ciminski Tees<\/strong> das Mad Dog und pr\u00e4sentierte im Rahmen von <strong>Paetschman Proudly Presents<\/strong> gleich seine beiden Shows <strong>&#8222;Aralkum Ride<\/strong>&#8220; und &#8222;<strong>Kirgistan &#8211; Perle im Tian Shan<\/strong>&#8222;<br>So hatten wir das Vergn\u00fcgen einen Newcomer der Szene zu erleben der sich nicht hinter so mancher Gr\u00f6\u00dfe zu verstecken braucht.<br>Mitrei\u00dfend berichtete er von zahllosen Abenteuern, pr\u00e4sentierte grandiose Landschaftsaufnahmen und erz\u00e4hlte so einige Anekdoten die den G\u00e4sten ein Lachen ins Gesicht zauberte.<br>Dazu dann auch noch eine hoch anst\u00e4ndige Philosophie zu vertreten macht f\u00fcr den mich den Auftritt besonders rund.<br>Vielen Dank f\u00fcr dieses Vergn\u00fcgen im MAD Dog Cronenberg und bis bald.<\/p>\n\n\n\n<div class=\"wp-block-image\"><figure class=\"aligncenter\"><img decoding=\"async\" src=\"http:\/\/unitedteneristi.de\/wp-content\/uploads\/2017\/02\/Aralkum_Rideheader.jpg\" alt=\"\" class=\"wp-image-4500\"\/><\/figure><\/div>\n\n\n\n<div class=\"wp-block-image\"><figure class=\"aligncenter\"><img decoding=\"async\" src=\"http:\/\/unitedteneristi.de\/wp-content\/uploads\/2017\/02\/Kirgistanheaderweb.jpg\" alt=\"\" class=\"wp-image-4499\"\/><\/figure><\/div>\n\n\n\n<p>Am<strong> 02 Dezember 2017 <\/strong>haben die Kaitinnis wieder einmal korrekt abgeliefert.<\/p>\n\n\n\n<div class=\"wp-block-image size-large wp-image-4436\"><figure class=\"alignleft is-resized\"><img loading=\"lazy\" decoding=\"async\" src=\"http:\/\/unitedteneristi.de\/wp-content\/uploads\/2012\/10\/PlakaMyanmarFinal-1024x728.jpg\" alt=\"\" class=\"wp-image-4436\" width=\"512\" height=\"364\"\/><figcaption>02.12.2017 Paetschman Proudly Presents die Kaitinnis mit Faszinierendes S\u00fcdostasien<\/figcaption><\/figure><\/div>\n\n\n\n<p><br><\/p>\n\n\n\n<p><\/p>\n\n\n\n<p>Gleich in zwei hinter einander statt findenden Shows durften wir die Motorradfamile nach Loas, Kambodscha und schlie\u00dflich Myanmar begleiten und an Ihrer Abenteuerlichen Reise teilnehmen.<br>Mit &#8222;Kindern&#8220; als Backpacker, auf dem Zweirad mit &#8222;Big Bikes&#8220; durch kaum erkundete Landschaften, Begegnungen mit Menschen die den Tourismus noch freundlich aufnehmen. Es gab wieder einmal viel zu bestaunen und lachen. Grandiose Bilder brachten uns die fernen L\u00e4nder n\u00e4her und Heikes lebendigen Kommentare lie\u00dfen den ein oder anderen im voll besetzten Mad Dog Cronenberg schon einmal im Handy nach der Nummer des Reiseb\u00fcros suchen. Ein rundherum gelungener Abend und ein w\u00fcrdiger Saisonabschluss der Jahres 2017.<\/p>\n","protected":false},"excerpt":{"rendered":"<p>Abwegig rund um Spanien, dass war mein Thema zum Saisonstart beiPaetschman Proudly Presents im Mad Dog Cronenberg am 07 Januar 2017Dieses Mal durfte ich Euch mitnehmen auf unsere (Jens, Bodo und meine)Reise mir zwei 1200er Super T\u00e9n\u00e9r\u00e9s&nbsp; und einer GS 800 rund um Spanien und Portugal. In Premiere konnte ich Euch die Show im Mad &hellip; <\/p>\n<p class=\"link-more\"><a href=\"https:\/\/advtime.eu\/index.php\/vergangene-events-bei-ppp\/2017-2\/\" class=\"more-link\"><span class=\"screen-reader-text\">\u201e2017\u201c<\/span> weiterlesen<\/a><\/p>\n","protected":false},"author":1,"featured_media":0,"parent":129,"menu_order":2017,"comment_status":"closed","ping_status":"closed","template":"","meta":{"footnotes":""},"class_list":["post-148","page","type-page","status-publish","hentry"],"_links":{"self":[{"href":"https:\/\/advtime.eu\/index.php\/wp-json\/wp\/v2\/pages\/148","targetHints":{"allow":["GET"]}}],"collection":[{"href":"https:\/\/advtime.eu\/index.php\/wp-json\/wp\/v2\/pages"}],"about":[{"href":"https:\/\/advtime.eu\/index.php\/wp-json\/wp\/v2\/types\/page"}],"author":[{"embeddable":true,"href":"https:\/\/advtime.eu\/index.php\/wp-json\/wp\/v2\/users\/1"}],"replies":[{"embeddable":true,"href":"https:\/\/advtime.eu\/index.php\/wp-json\/wp\/v2\/comments?post=148"}],"version-history":[{"count":2,"href":"https:\/\/advtime.eu\/index.php\/wp-json\/wp\/v2\/pages\/148\/revisions"}],"predecessor-version":[{"id":150,"href":"https:\/\/advtime.eu\/index.php\/wp-json\/wp\/v2\/pages\/148\/revisions\/150"}],"up":[{"embeddable":true,"href":"https:\/\/advtime.eu\/index.php\/wp-json\/wp\/v2\/pages\/129"}],"wp:attachment":[{"href":"https:\/\/advtime.eu\/index.php\/wp-json\/wp\/v2\/media?parent=148"}],"curies":[{"name":"wp","href":"https:\/\/api.w.org\/{rel}","templated":true}]}}