{"id":144,"date":"2020-01-19T19:21:04","date_gmt":"2020-01-19T19:21:04","guid":{"rendered":"https:\/\/www.advtime.eu\/?page_id=144"},"modified":"2020-01-19T19:21:04","modified_gmt":"2020-01-19T19:21:04","slug":"2016-2","status":"publish","type":"page","link":"https:\/\/advtime.eu\/index.php\/vergangene-events-bei-ppp\/2016-2\/","title":{"rendered":"2016"},"content":{"rendered":"\n<p>Kaum hatte das Jahr 2016 begonnen stand die erste Veranstaltung auf dem Programm.<\/p>\n\n\n\n<div class=\"wp-block-image\"><figure class=\"aligncenter is-resized\"><img loading=\"lazy\" decoding=\"async\" src=\"http:\/\/unitedteneristi.de\/wp-content\/uploads\/2016\/01\/AuszugFB-1024x471.gif\" alt=\"PPP mit &quot;highWAY&quot; im Mad Dog Cronenberg\" class=\"wp-image-4074\" width=\"256\" height=\"118\"\/><\/figure><\/div>\n\n\n\n<p>Abermals er\u00f6ffnete Bruno Pillitteri mit seinem &#8222;<strong>aufSPUR&#8220;<\/strong> Team die Saison und zog das Publikum fast schon gewohnheitsm\u00e4\u00dfig in den Bann. Die Frage ob die gelbe Linie auf der Landkarte eine Abk\u00fcrzung oder Sackgasse sein w\u00fcrde war schnell gekl\u00e4rt. Ein grandioses Abenteuer sollte die Antwort hei\u00dfen. Bruno wir haben es wieder einmal sehr genossen Dir zu zu h\u00f6ren. Das &#8222;aufSPUR&#8220; Team auf die B\u00fchne zu bekommen war Plan und auch er ist gelungen.<\/p>\n\n\n\n<div class=\"wp-block-image size-full wp-image-4075\"><figure class=\"aligncenter is-resized\"><img loading=\"lazy\" decoding=\"async\" src=\"http:\/\/unitedteneristi.de\/wp-content\/uploads\/2016\/01\/2016_01_08_0295web.jpg\" alt=\"Das aufSPUR Team im Mad Dog bei Paetschman Proudly Presents 08.01.2016\" class=\"wp-image-4075\" width=\"150\" height=\"100\"\/><figcaption>Das aufSPUR Team im Mad Dog bei Paetschman Proudly Presents 08.01.2016<\/figcaption><\/figure><\/div>\n\n\n\n<p>Ich bin gespannt ob mein kleines Dankesch\u00f6n f\u00fcr deren Auftritt noch &#8222;Folgen&#8220; hat \ud83d\ude42<\/p>\n\n\n\n<p><strong>Am 26.02.2016<\/strong> \u00a0stand Panny von den <strong>Krad-Vagabunden<\/strong> wieder einmal auf der B\u00fchne des Mad Dogs. <strong>Grenzen Erfahren<\/strong> Das ist nicht nur der Titel des 2. Teils der Weltreise der <strong>Krad-Vagabunden,<\/strong> sondern auch Programm. Wenn die Technik mir an diesem Abend auch fast den letzten Nerv gekostet hat, war es dennoch eine klasse Veranstaltung. Panny ist zu Spitzenleistungen aufgelaufen und auch das Publikum war begeistert. Pannys lockere Art seine Anekdoten, tolle Bilder und Geschichten&#8230;<\/p>\n\n\n\n<p>Am <strong>11.03.16<\/strong> rockte <strong>Dirk Sch\u00e4fer<\/strong> das Mad Dog und bereicherte meine Veranstaltungsreihe um einen weiteren gro\u00dfen Namn und die wahnsinns Multivision. <strong>Wilde Ritte &#8211; das Beste aus 30 Jahren unterwegs<\/strong><\/p>\n\n\n\n<div class=\"wp-block-image\"><figure class=\"aligncenter\"><img decoding=\"async\" src=\"http:\/\/unitedteneristi.de\/wp-content\/uploads\/2016\/02\/FBVeranstaDS.gif\" alt=\"FBVeranstaDS\" class=\"wp-image-4094\"\/><\/figure><\/div>\n\n\n\n<p>Wenn jemand eine Reise tut hat er viel zu erz\u00e4hlen. Wenn jemand seit 30 Jahren unterwegs ist, dann muss er sich gut \u00fcberlegen, was er erz\u00e4hlt. Unter diesem Motto pr\u00e4sentiert Dirk Sch\u00e4fer das Beste aus 30 Jahren unterwegs. Deshalb f\u00fchrt ihn die Bestenauslese seiner Reisen noch einmal nach Neuseeland, in den Orient, nach Afrika und besonders gern ans Mittelmeer. Viele seiner Bilder und Reisen drehen sich um Sehnsuchtsorte und traumhafte Landschaften. Dass bei solchen Touren jedoch nicht immer alles glatt l\u00e4uft, zeigte Dirk Sch\u00e4fer mit seinem begeisternden Vortrag \u201eWilde Ritte\u201c, in dem er die besten und kuriosesten Momente aus 30 Jahren Motorradreisen zusammengefasst hatte. Mit einer gro\u00dfen Portion kom\u00f6diantischen Talents \u00fcberrascht er immer wieder mit ungew\u00f6hnlichen Problemen und noch unkonventionelleren L\u00f6sungen. Keine Frage: Das Beste aus 30 Jahren verspricht beste Unterhaltung mit besten Bildern, Filmausschnitten, Zeitraffern, Luftaufnahmen und jeder Menge Geschichten.<\/p>\n\n\n\n<div class=\"wp-block-image wp-image-4103 size-medium\"><figure class=\"aligncenter\"><img decoding=\"async\" src=\"http:\/\/unitedteneristi.de\/wp-content\/uploads\/2016\/01\/2016_03_11_0400-200x300.jpg\" alt=\"Paetschman Proudly Presents: Dirk Sch\u00e4fer - Wilde Ritte 11.3.16\" class=\"wp-image-4103\"\/><figcaption>Paetschman Proudly Presents: Dirk Sch\u00e4fer &#8211; Wilde Ritte 11.3.16<\/figcaption><\/figure><\/div>\n\n\n\n<p>Am <strong>16.4.2016<\/strong> entf\u00fchrten uns die einzigartigen <strong>Kaitinnis<\/strong> einmal in den tiefen S\u00fcden. Marokko als Traumziel ist durch Helmuts Linse betrachtet noch einmal mehr eine Reise wert und wenn Heike von den Abenteuern in diesem Land schw\u00e4rmt bracht es kaum noch die Farbenpr\u00e4chtigen Bilder des erlebten um die G\u00e4ste zu bannen. Wir erlebten eine Reise aus einem neuen Blickwinkel. <\/p>\n\n\n\n<p>Am <strong>7.5.2016<\/strong> hatte ich das Vergn\u00fcgen Euch mit der Tour &#8222;<strong>abwegig auf dem Balkan<\/strong>&#8220; der <strong>united T\u00e9n\u00e9risti<\/strong> <strong>Bodo<\/strong> und <strong>Paetschman<\/strong> zu unterhalten. Mit viel Off Road Einlagen haben wir zahlreiche L\u00e4nder auf den Balkan besucht, unerwartet Grenzen \u00fcberschritten und Albanien nicht nur zum Wenden genutzt. Ein weiteres Abenteuer der <strong>united Teneristi<\/strong> welches begeistern konnte.<\/p>\n\n\n\n<p>Am <strong>17.06.2016<\/strong> hatte ich das Vergn\u00fcgen meinen aktuellen Vortrag United T\u00e9n\u00e9risti &#8222;abwegig um Spanien&#8220; im Rahmen der &#8222;Neuss Enduro&#8220; zu pr\u00e4sentieren. Im Zelt und prassenden Regen gab es so auch eine Hand voll Sonne in Neuss.<\/p>\n\n\n\n<figure class=\"wp-block-image size-large is-resized\"><img loading=\"lazy\" decoding=\"async\" src=\"https:\/\/www.advtime.eu\/wp-content\/uploads\/2020\/01\/Plakat-NEV3.jpg\" alt=\"\" class=\"wp-image-146\" width=\"256\" height=\"182\" srcset=\"https:\/\/advtime.eu\/wp-content\/uploads\/2020\/01\/Plakat-NEV3.jpg 1024w, https:\/\/advtime.eu\/wp-content\/uploads\/2020\/01\/Plakat-NEV3-300x213.jpg 300w, https:\/\/advtime.eu\/wp-content\/uploads\/2020\/01\/Plakat-NEV3-768x546.jpg 768w\" sizes=\"auto, (max-width: 256px) 100vw, 256px\" \/><\/figure>\n\n\n\n<p>Am <strong>07.10.2016<\/strong> beendete <strong>Doris Wiedemann<\/strong> die Sommerpause mit Ihrer Show: <\/p>\n\n\n\n<div class=\"wp-block-image\"><figure class=\"alignleft\"><img decoding=\"async\" src=\"http:\/\/www.doriswiedemann.de\/navigation\/bilder\/Reise\/china\/Buchcover-unten.jpg\" alt=\"\"\/><figcaption>Paetschman Proudly Presents: Doris Wiedemann Auf Dschingis Khans Spuren: Alleine mit dem Motorrad durch Uraine, Kasachstan und Mongolei nach China<\/figcaption><\/figure><\/div>\n\n\n\n<p><\/p>\n\n\n\n<p><strong>Auf Dschingis Khans Spuren &#8211; Allein mit dem Motorrad<\/strong> durch Ukraine, Kasachstan und die Mongolei nach China<\/p>\n\n\n\n<p>Doris Wiedemann, geboren 1967 in M\u00fcnchen, reist seit 1990 immer wieder mit dem Motorrad und meist alleine um die Welt. Die diplomierte Volkswirtin und Powerfrau schreibt B\u00fccher und Artikel \u00fcber ihre Reisen und \u00fcber ihre Reiselust erkl\u00e4rt sie augenzwinkernd als \u201etypisch Frau: grenzenlos neugierig\u201c. Im Mad Dog Cronenberg erlebte die verschworene Gemeinde der reisebegeisterten einen grandiosen Vortrag der nicht nur viel \u00fcber die Hintergr\u00fcnde zur Region enth\u00fcllte sondern in bewegenden Bildern schnell die Faszination f\u00fcr die atemberaubende Natur und freundlichen Menschen vermittelte.<\/p>\n\n\n\n<div class=\"wp-block-image size-large wp-image-4217\"><figure class=\"aligncenter is-resized\"><img loading=\"lazy\" decoding=\"async\" src=\"http:\/\/unitedteneristi.de\/wp-content\/uploads\/2016\/01\/Doris_Pae-1024x683.jpg\" alt=\"Copyright Oliver Grundhoff\" class=\"wp-image-4217\" width=\"512\" height=\"342\"\/><figcaption>Copyright Oliver Grundhoff<\/figcaption><\/figure><\/div>\n\n\n\n<p><a href=\"https:\/\/www.cronenberger-woche.de\/media\/2016\/10\/Seite-5-1.pdf\">Dazu \u00fcbrigens auch ein sch\u00f6ner Kommentar in der Cronenberger Woche<\/a><\/p>\n\n\n\n<div class=\"wp-block-image size-medium wp-image-4219\"><figure class=\"aligncenter\"><img decoding=\"async\" src=\"http:\/\/unitedteneristi.de\/wp-content\/uploads\/2016\/01\/CWS5KW41-300x265.jpg\" alt=\"Copyright Cronenberger Woche \/ Oliver Grundhoff\" class=\"wp-image-4219\"\/><figcaption>Copyright Cronenberger Woche \/ Oliver Grundhoff<\/figcaption><\/figure><\/div>\n\n\n\n<p>Am <strong>12.11.2016<\/strong> befeuerte der USA Tag die Reiselust der G\u00e4ste.<\/p>\n\n\n\n<p>Zuerst zeigte <strong>Martin Lietz<\/strong> mit seinem Vortrag &#8222;Borderline Timezone Tour&#8220; wie man mit Frau und zwei Kindern von Toronto nach Vancouver reisen kann und dabei unglaubliche Geschichten erlebt.<br>Im zweiten Teil berichtete ich von der Reise der beiden United T\u00e9n\u00e9risti <strong>Bodo und Paetschman<\/strong> von Vancouver nach L.A. mit unseren Motorr\u00e4dern welche wir in Vancouver von Lietzclan \u00fcbernommen hatten.<\/p>\n\n\n\n<figure class=\"wp-block-image size-large\"><img loading=\"lazy\" decoding=\"async\" width=\"1000\" height=\"288\" src=\"https:\/\/www.advtime.eu\/wp-content\/uploads\/2020\/01\/Kombiheaderweb.jpg\" alt=\"\" class=\"wp-image-145\" srcset=\"https:\/\/advtime.eu\/wp-content\/uploads\/2020\/01\/Kombiheaderweb.jpg 1000w, https:\/\/advtime.eu\/wp-content\/uploads\/2020\/01\/Kombiheaderweb-300x86.jpg 300w, https:\/\/advtime.eu\/wp-content\/uploads\/2020\/01\/Kombiheaderweb-768x221.jpg 768w\" sizes=\"auto, (max-width: 767px) 89vw, (max-width: 1000px) 54vw, (max-width: 1071px) 543px, 580px\" \/><\/figure>\n\n\n\n<p><\/p>\n","protected":false},"excerpt":{"rendered":"<p>Kaum hatte das Jahr 2016 begonnen stand die erste Veranstaltung auf dem Programm. Abermals er\u00f6ffnete Bruno Pillitteri mit seinem &#8222;aufSPUR&#8220; Team die Saison und zog das Publikum fast schon gewohnheitsm\u00e4\u00dfig in den Bann. Die Frage ob die gelbe Linie auf der Landkarte eine Abk\u00fcrzung oder Sackgasse sein w\u00fcrde war schnell gekl\u00e4rt. Ein grandioses Abenteuer sollte &hellip; <\/p>\n<p class=\"link-more\"><a href=\"https:\/\/advtime.eu\/index.php\/vergangene-events-bei-ppp\/2016-2\/\" class=\"more-link\"><span class=\"screen-reader-text\">\u201e2016\u201c<\/span> weiterlesen<\/a><\/p>\n","protected":false},"author":1,"featured_media":0,"parent":129,"menu_order":2016,"comment_status":"closed","ping_status":"closed","template":"","meta":{"footnotes":""},"class_list":["post-144","page","type-page","status-publish","hentry"],"_links":{"self":[{"href":"https:\/\/advtime.eu\/index.php\/wp-json\/wp\/v2\/pages\/144","targetHints":{"allow":["GET"]}}],"collection":[{"href":"https:\/\/advtime.eu\/index.php\/wp-json\/wp\/v2\/pages"}],"about":[{"href":"https:\/\/advtime.eu\/index.php\/wp-json\/wp\/v2\/types\/page"}],"author":[{"embeddable":true,"href":"https:\/\/advtime.eu\/index.php\/wp-json\/wp\/v2\/users\/1"}],"replies":[{"embeddable":true,"href":"https:\/\/advtime.eu\/index.php\/wp-json\/wp\/v2\/comments?post=144"}],"version-history":[{"count":1,"href":"https:\/\/advtime.eu\/index.php\/wp-json\/wp\/v2\/pages\/144\/revisions"}],"predecessor-version":[{"id":147,"href":"https:\/\/advtime.eu\/index.php\/wp-json\/wp\/v2\/pages\/144\/revisions\/147"}],"up":[{"embeddable":true,"href":"https:\/\/advtime.eu\/index.php\/wp-json\/wp\/v2\/pages\/129"}],"wp:attachment":[{"href":"https:\/\/advtime.eu\/index.php\/wp-json\/wp\/v2\/media?parent=144"}],"curies":[{"name":"wp","href":"https:\/\/api.w.org\/{rel}","templated":true}]}}