{"id":142,"date":"2020-01-19T19:01:56","date_gmt":"2020-01-19T19:01:56","guid":{"rendered":"https:\/\/www.advtime.eu\/?page_id=142"},"modified":"2020-01-19T19:01:56","modified_gmt":"2020-01-19T19:01:56","slug":"2015-2","status":"publish","type":"page","link":"https:\/\/advtime.eu\/index.php\/vergangene-events-bei-ppp\/2015-2\/","title":{"rendered":"2015"},"content":{"rendered":"\n<p>Am <strong>9.01.2015<\/strong> begr\u00fc\u00dfte ich ein furioses Duo. H<strong>einz Schulze<\/strong> berichtete in seinem <strong>Spitzbergen<\/strong> Film ebenso aus dem hohen Norden wie <strong>Bruno Pillitteri<\/strong>, der uns mit seinen Geschichten aus <strong>Island<\/strong> in den Bann gezogen hat. Noch einmal lief die Veranstaltung auf Spendenbasis und die Besucher rockten das Mad Dog. Knapp 100 G\u00e4ste feierten die beiden Referenten f\u00fcr die beeindruckenden Bilder und lebhaften Geschichten aus dem hohen Norden. Gerade die Kombination von Heinz und Bruno mit Abenteuern die Unterschiedlicher kaum sein konnten bereicherten das Programm und machten Spa\u00df auf mehr. Bei der Show wurde die Reaktivierung der Karawane im Duisburger Steinbruch unter dem neuen Namen &#8222;<strong>Lagerfeuer<\/strong>&#8220; mit dem neun Veranstaltungsteam sowie unsere Kooperation bekannt gegeben.<\/p>\n\n\n\n<p>Das Programm 2015 startete damit Standesgem\u00e4\u00df<\/p>\n\n\n\n<div class=\"wp-block-image size-medium wp-image-3810\"><figure class=\"aligncenter\"><img decoding=\"async\" src=\"http:\/\/unitedteneristi.de\/wp-content\/uploads\/2015\/01\/Brunoheinze-Poster-212x300.jpg\" alt=\"Paetschman proudly presents: Heinz Schulze und Bruno Pillitteri\" class=\"wp-image-3810\"\/><figcaption>Paetschman proudly presents: Heinz Schulze und Bruno Pillitteri<\/figcaption><\/figure><\/div>\n\n\n\n<p>Am <strong>20.03.2015 <\/strong>rockten die <strong>Dunehoppers <\/strong>erfolgreich das Mad Dog<strong>\u201eVersprochen ist Versprochen \u2013 von der Schulbank in die Sahara. <\/strong>In einer mitrei\u00dfenden Show mit grandiosen Bilder, tollen Geschichten und einer interessanten Route durch Marokko rockten die Dunehoppers das Publikum im Mad Dog. Nicht nur die angereiste Fangemeinde der beiden war begeistert und feierte den Auftritt. Gut, dass die Dunehoppers\u00a0 schon wieder auf den Sprung ins n\u00e4chste Abenteuer sind&#8230;<\/p>\n\n\n\n<div class=\"wp-block-image\"><figure class=\"aligncenter\"><img decoding=\"async\" src=\"http:\/\/unitedteneristi.de\/wp-content\/uploads\/2012\/10\/Dunehoppers-Posterweb-212x300.jpg\" alt=\"Dunehoppers-Posterweb\" class=\"wp-image-3822\"\/><\/figure><\/div>\n\n\n\n<p>Am Freitag dem <strong>07.08.2015<\/strong> waren die Kaitinnis &#8222;in da House&#8220; &#8222;<strong>Schottische Geschichten<\/strong>&#8220; hie\u00df der grandiose Vortrag und wer nicht alleine der beliebten Kaitinnis wegen ins Tal kam, wollte sich die grandiosen Bilder und Geschichten aus Schottland nicht entgehen lassen. Zu Recht.<\/p>\n\n\n\n<div class=\"wp-block-image\"><figure class=\"aligncenter\"><img decoding=\"async\" src=\"http:\/\/unitedteneristi.de\/wp-content\/uploads\/2015\/08\/2013-Schottland-2035-1024x683.jpg\" alt=\"2013 Schottland 2035\" class=\"wp-image-3910\"\/><\/figure><\/div>\n\n\n\n<p>Mit 4 Motorr\u00e4dern machte sich die Familie Kaitinnis auf nach Schottland, um Musik, Kultur und den Whisky Schottlands zu genie\u00dfen. Die Reise ging bis auf die Orkneys im hohen Norden, durch die einsamen Highlands und \u00fcber die sch\u00f6nen Inseln Mull und Arran.Das Highlight f\u00fcr Heike und Helmut, die Whisky-Insel Islay wurden als Programmpunkt gestrichen \u2013 die F\u00e4hren waren ausgebucht. Da das vollkommen inakzeptabel war, holten die Kaitinnis das Tasting im n\u00e4chsten Jahr nach und beschlossen die Reise mit einer Runde durch den wunderbaren Lake Distrikt. Viele interessante Geschichten und noch mehr grandiose Bilder brachte uns das Team mit in die Heimat. Die Urlaubsregion &#8222;direkt vor der Haust\u00fcr&#8220; h\u00e4tte kaum besser dargestellt werden k\u00f6nnen. &#8222;Ein Wohlf\u00fchlabend im Kreise anderer Reisender&#8220;, &#8222;Ein Genu\u00df&#8220; solche Kommentare habe ich zahlreich geh\u00f6rt.<\/p>\n\n\n\n<p><strong>Am 04. September 2015<\/strong> rockten die Fahrbelwesen <strong>Julia\u00a0 und HaDi<\/strong> zum ersten Mal die B\u00fchne des Mad Dogs. In 7 Monaten und 7 Tagen reisen die beiden von Anchorage nach Constiticion und lie\u00dfen uns in bewegenden Bildern und mitrei\u00dfenden Geschichten an ihrer Reise virtuell teilnehmen.<\/p>\n\n\n\n<div class=\"wp-block-image\"><figure class=\"aligncenter is-resized\"><img loading=\"lazy\" decoding=\"async\" src=\"http:\/\/unitedteneristi.de\/wp-content\/uploads\/2012\/10\/Fahrbelwesen-Posterweb-724x1024.jpg\" alt=\"Fahrbelwesen-Posterweb\" class=\"wp-image-3834\" width=\"181\" height=\"256\"\/><\/figure><\/div>\n\n\n\n<p>&#8222;Zwei Polizisten mit dem Motorrad auf der Panamericana 40000 km&#8220; dieses Motto stimmte uns perfekt ein. Zu sehen gab es ein Sympathisches Paar welches uns mit grandiosen Bildern und Geschichten mit auf die Reise genommen hat. Gerne wieder sag ich da nur&#8230;<\/p>\n\n\n\n<p>Am<strong> 09. 10 2015<\/strong> d\u00fcrfte ich Euch stolz die <strong>Premiere<\/strong> der Show von <strong>Tobias H\u00fcbers <\/strong>dem neuen Stern am Reisehimmel pr\u00e4sentieren.<\/p>\n\n\n\n<p>&#8222;Man nehme 3 Monate, 15 L\u00e4nder und 16.000km und vermenge Sie mit den Hauptzutaten, einer alten Yamaha Tenere XTZ 660 und Tobias H\u00fcbers. Gew\u00fcrzt wird das Gericht mit alten Stra\u00dfen, neuen Grenzen, beeindruckenden Landschaften und \u00fcberw\u00e4ltigender Kultur. Verfeinert wurde das Rezept immer wieder von den vielen Menschen unterwegs, die den Geschmack erst richtig abrunden.<br>Nun ist fertig gekocht und ich freue mich auf euren Besuch!&#8220; So textete Tobias zu seiner Show und versprach nicht im mindesten zu wenig. Wer diese Show verpasst hat, sollte unbedingt die Augen aufhalten ob er eine weitere Gelegenheit findet.<\/p>\n\n\n\n<div class=\"wp-block-image\"><figure class=\"aligncenter is-resized\"><img loading=\"lazy\" decoding=\"async\" src=\"http:\/\/unitedteneristi.de\/wp-content\/uploads\/2012\/10\/Tobi-Posterweb-724x1024.jpg\" alt=\"Orientalischer Eintopf\" class=\"wp-image-3841\" width=\"181\" height=\"256\"\/><\/figure><\/div>\n\n\n\n<p>Wir alle erlebten ein Bilderfeuerwerk vom feinsten mit hautnahen Geschichten aus verschiedensten Kulturkreisen. <br><br><strong>Am 30 Oktober 2015 <\/strong>z\u00fcndeten <strong>Sonja Ritter und Claudio Gnypek<\/strong> auf die B\u00fchne des Mad Dog Cronenberg Ihr Feuerwerk. Dieses Mal hie\u00df es Paetschman proudly presents: <strong>Jalan-jalan Sumatra<\/strong> Tropische Hitze, chaotischen Strassenverkehr und wunderbare Menschen lernten Sonja Ritter und Claudio Gnypek auf ihrer Reise durch Sumatra kennen. Unterwegs mit zwei landestypischen Mopeds durchquerten sie die Insel, ohne Zelt und Kocher, stets darauf angewiesen mit den Menschen in Kontakt zu treten. Sie trafen Kaffeebauern im Hochland, \u00fcbernachteten im Regenwald und tauchten ein in die faszinierende Kultur des Batak-Volkes. Ihre Reisegeschichten w\u00fcrzen sie mit Ger\u00e4uschen, Interviews und O-T\u00f6nen. Mehr dazu auf: <a href=\"http:\/\/www.pegasoreise.de\">www.pegasoreise.de<\/a><a rel=\"noreferrer noopener\" href=\"http:\/\/youtu.be\/ETasCrfba1I\" target=\"_blank\">Trailer (Klick)<\/a><\/p>\n\n\n\n<div class=\"wp-block-image size-large wp-image-3829\"><figure class=\"aligncenter is-resized\"><img loading=\"lazy\" decoding=\"async\" src=\"http:\/\/unitedteneristi.de\/wp-content\/uploads\/2012\/10\/Pegaso-Poster-724x1024.jpg\" alt=\"30.10.15\" class=\"wp-image-3829\" width=\"181\" height=\"256\"\/><figcaption>30.10.15<\/figcaption><\/figure><\/div>\n\n\n\n<p>Meine G\u00e4ste und ich erlebten einen au\u00dfergew\u00f6hnlichen Vortrag mit dem Schwerpunkt auf Menschen. Wir tauchten tief in die Kultur Sumatras ein und katapultierten uns mit den O-T\u00f6nen direkt in die fantastische Reise der beiden Podcaster welche auch zum Team des &#8222;Lagerfeuers&#8220; geh\u00f6ren.<\/p>\n\n\n\n<p><strong>Am 20.11.2015<\/strong> durfte ich Euch zum Saisonabschluss als Premiere den <strong>Abenteuerabend<\/strong> in Wuppertal Pr\u00e4sentieren. In den tollen R\u00e4umlichkeiten der ESG Wuppertal war das ein besonderes Vergn\u00fcgen. Zwar war zur Realisation des Abenteuerabends ein Irrer Aufwand notwendig (2 Wagenladungen voll Equipment eine dritte zur Versorgung),\u00a0 aber das Feedback meiner G\u00e4ste best\u00e4tigt &#8211; Es hatte sich gelohnt. Zu sehen gab es die Premiere meines &#8222;<strong>Abwegig auf dem Balkan<\/strong>&#8220; Vortrages sowie als Highlight des Abends &#8222;<strong>Seidenstrasse &#8211; Seidenhart<\/strong>&#8220; von <strong>Susanne und Thomas Goertz.<\/strong><\/p>\n\n\n\n<p>Vielen Dank an alle Helfer, die ESG sowie Euch meine G\u00e4ste ohne die dieser Event nicht m\u00f6glich gewesen w\u00e4re.<\/p>\n\n\n\n<div class=\"wp-block-image size-full wp-image-4049\"><figure class=\"aligncenter\"><img decoding=\"async\" src=\"http:\/\/unitedteneristi.de\/wp-content\/uploads\/2015\/11\/HeaderAbenteuerabend.gif\" alt=\"20. November 2015 Der Abenteuerabend mit den united Teneristi Latus und Paetschman sowie Susanne und Thomas Goertz\" class=\"wp-image-4049\"\/><figcaption>20. November 2015<br>Der Abenteuerabend mit den united Teneristi Latus und Paetschman sowie Susanne und Thomas Goertz<\/figcaption><\/figure><\/div>\n","protected":false},"excerpt":{"rendered":"<p>Am 9.01.2015 begr\u00fc\u00dfte ich ein furioses Duo. Heinz Schulze berichtete in seinem Spitzbergen Film ebenso aus dem hohen Norden wie Bruno Pillitteri, der uns mit seinen Geschichten aus Island in den Bann gezogen hat. Noch einmal lief die Veranstaltung auf Spendenbasis und die Besucher rockten das Mad Dog. Knapp 100 G\u00e4ste feierten die beiden Referenten &hellip; <\/p>\n<p class=\"link-more\"><a href=\"https:\/\/advtime.eu\/index.php\/vergangene-events-bei-ppp\/2015-2\/\" class=\"more-link\"><span class=\"screen-reader-text\">\u201e2015\u201c<\/span> weiterlesen<\/a><\/p>\n","protected":false},"author":1,"featured_media":0,"parent":129,"menu_order":2015,"comment_status":"closed","ping_status":"closed","template":"","meta":{"footnotes":""},"class_list":["post-142","page","type-page","status-publish","hentry"],"_links":{"self":[{"href":"https:\/\/advtime.eu\/index.php\/wp-json\/wp\/v2\/pages\/142","targetHints":{"allow":["GET"]}}],"collection":[{"href":"https:\/\/advtime.eu\/index.php\/wp-json\/wp\/v2\/pages"}],"about":[{"href":"https:\/\/advtime.eu\/index.php\/wp-json\/wp\/v2\/types\/page"}],"author":[{"embeddable":true,"href":"https:\/\/advtime.eu\/index.php\/wp-json\/wp\/v2\/users\/1"}],"replies":[{"embeddable":true,"href":"https:\/\/advtime.eu\/index.php\/wp-json\/wp\/v2\/comments?post=142"}],"version-history":[{"count":1,"href":"https:\/\/advtime.eu\/index.php\/wp-json\/wp\/v2\/pages\/142\/revisions"}],"predecessor-version":[{"id":143,"href":"https:\/\/advtime.eu\/index.php\/wp-json\/wp\/v2\/pages\/142\/revisions\/143"}],"up":[{"embeddable":true,"href":"https:\/\/advtime.eu\/index.php\/wp-json\/wp\/v2\/pages\/129"}],"wp:attachment":[{"href":"https:\/\/advtime.eu\/index.php\/wp-json\/wp\/v2\/media?parent=142"}],"curies":[{"name":"wp","href":"https:\/\/api.w.org\/{rel}","templated":true}]}}