{"id":139,"date":"2020-01-19T18:51:00","date_gmt":"2020-01-19T18:51:00","guid":{"rendered":"https:\/\/www.advtime.eu\/?page_id=139"},"modified":"2020-01-19T18:51:00","modified_gmt":"2020-01-19T18:51:00","slug":"2014-2","status":"publish","type":"page","link":"https:\/\/advtime.eu\/index.php\/vergangene-events-bei-ppp\/2014-2\/","title":{"rendered":"2014"},"content":{"rendered":"\n<p>Am <strong>17.1.2014 <\/strong>startete das Jahr 2014 direkt mit einem Highlight. <strong>Erik Peters<\/strong> beehrte das\u00a0 Mad Dog Cronenberg und brachte neben seinem Bauchladen mit B\u00fcchern und DVD\u00b4s  auch den zweiten Teil seiner Nordamerika-Reise auf die B\u00fchne. Von Alaska durch Kanada bis nach New York erlebten die zahlreich angereisten Fan\u00b4s auch dieses Mal Erik und seine T\u00e9n\u00e9r\u00e9 im Adventuremodus.<\/p>\n\n\n\n<figure class=\"wp-block-image\"><img decoding=\"async\" src=\"http:\/\/unitedteneristi.de\/wp-content\/uploads\/2013\/05\/Erik-Peters170114aweb-215x300.jpg\" alt=\"Showplakat\"\/><\/figure>\n\n\n\n<p><\/p>\n\n\n\n<p>Am <strong>09.02.2014<\/strong> pr\u00e4sentierte Joachim von Loeben meine Reise  &#8222;abwegig um die Ostsee&#8220; mit der <a rel=\"noreferrer noopener\" href=\"https:\/\/www.stiftung-fuer-helfer.de\/\" target=\"_blank\">Stiftung f\u00fcr Helfe<\/a>r im <a rel=\"noreferrer noopener\" href=\"http:\/\/www.huerth.de\/kultur\/loehrerhof\/index.php\" target=\"_blank\">L\u00f6hrerhof dem Kunst und Kulturhaus der Stadt H\u00fcrth<\/a>. Ein\u00a0 sehr interessiertes Publikum erlebte den Bericht \u00fcber die abenteuerliche Reise um die Ostsee. Mit weiteren Shows von <a rel=\"noreferrer noopener\" href=\"http:\/\/www.uncites.de\/\" target=\"_blank\">Sven von Loga<\/a> und <a rel=\"noreferrer noopener\" href=\"http:\/\/www.joachim-vonloeben.de\/\" target=\"_blank\">Joachim von Loeben<\/a> erlebte H\u00fcrth so das erste Reiselustfestival in 2014 in einem sehr sch\u00f6nen Veranstaltungsort. <\/p>\n\n\n\n<div class=\"wp-block-image size-medium wp-image-3256\"><figure class=\"aligncenter\"><img decoding=\"async\" src=\"http:\/\/unitedteneristi.de\/wp-content\/uploads\/2014\/01\/Header2013-300x86.jpg\" alt=\"&quot;abwegig&quot; in H\u00fcrth\" class=\"wp-image-3256\"\/><figcaption>&#8222;abwegig&#8220; in H\u00fcrth<\/figcaption><\/figure><\/div>\n\n\n\n<p>Am <strong>21.2.2014\u00a0 <\/strong>hatte ich die Ehre meine Show &#8222;Abwegig um die Ostsee&#8220; Im Store der Touratech AG in Niedereschach zu zeigen.<\/p>\n\n\n\n<figure class=\"wp-block-image\"><img decoding=\"async\" src=\"http:\/\/unitedteneristi.de\/wp-content\/uploads\/2014\/02\/Header2013tt-300x86.jpg\" alt=\"&quot;abwegig&quot; im Touratech Store\"\/><\/figure>\n\n\n\n<p>Hier wo das Herz des Abenteuers sp\u00fcrbar unser aller Blutdruck befl\u00fcgelt und inmitten der grandiosen Landschaft des Schwarzwaldes war f\u00fcr gut 300 Interessierte die M\u00f6glichkeit die united Teneristi auch einmal live zu erleben zum Fest geworden. Virtuell ging es auf unserem Weg um die Ostsee und das Publikum war offensichtlich begeistert und die Stimmung grandios. Auch dank der perfekten Organisation durch Touratech ein toller Abend f\u00fcr alle &#8211; so muss es sein. Vielen Dank f\u00fcr diesen sch\u00f6nen Abend.<\/p>\n\n\n\n<p>Am <strong>28.2.2014<\/strong> hatte ich das Vergn\u00fcgen <strong>Andreas H\u00fclsmann und Lothar Baltrusch<\/strong> ins Mad Dog Cronenberg zu locken.<\/p>\n\n\n\n<figure class=\"wp-block-image\"><img decoding=\"async\" src=\"http:\/\/unitedteneristi.de\/wp-content\/uploads\/2014\/02\/WaytoHuyen1-215x300.jpg\" alt=\"Andreas H\u00fclsmann im Mad Dog Cronenberg\"\/><\/figure>\n\n\n\n<p>Sibirien, die W\u00fcste Gobi, China, die Mongolei&#8230;\u00a0Der Vortrag brachte meinen G\u00e4sten diese verhei\u00dfungsvollen Namen ferner L\u00e4nder in die in die &#8222;richtige&#8220; Reihenfolge und wurde Durch die Akteure mit Abenteuerlichen Geschichten und Atemberaubenden Bildern gespickt.<\/p>\n\n\n\n<p><strong>Am 3.5.2014<\/strong> durfte ich auf dem Globetrotter-Olymp klettern und die B\u00fchne des Tesch Treffens erklimmen.<\/p>\n\n\n\n<div class=\"wp-block-image\"><figure class=\"aligncenter\"><img decoding=\"async\" src=\"http:\/\/unitedteneristi.de\/wp-content\/uploads\/2014\/05\/Baltic-Storchnew-Tesch-252x300.jpg\" alt=\"Vortrag beim Tesch Treffen 2014\" class=\"wp-image-3331\"\/><\/figure><\/div>\n\n\n\n<p>Unter den Augen eines Publikums welches Fachkundiger kaum sein kann, durfte ich die Tesch-Edition meines Show &#8222;Abwegig um die Ostsee&#8220; zum besten geben und viel positives Feedback einstecken. Vielen Dank daf\u00fcr. Ihr wart ein tolles Publikum.<\/p>\n\n\n\n<div class=\"wp-block-image\"><figure class=\"aligncenter\"><img decoding=\"async\" src=\"http:\/\/unitedteneristi.de\/wp-content\/uploads\/2014\/01\/20140503_132143web-300x84.jpg\" alt=\"TTT2014\" class=\"wp-image-3336\"\/><\/figure><\/div>\n\n\n\n<p>Das Winterprogramm 2014 startete mit\u00a0 <strong>Werner Zwick. <\/strong>Er fuhr im Januar 2014 mit dem Motorrad von Guatemala City nach Mexiko und besuchte faszinierde M\u00e4rkte, alte St\u00e4dte, verwunschene Maya-Ruinen und atemberaubende Landschaften mit Schluchten, aktiven Vulkanen und erlebte grandiose Motorradstrecken mit und ohne Asphalt. Mir grandiosen Bildern begeisterte er das gut besuchte Mad Dog und lie\u00df so manchen von einer Reise wie dieser tr\u00e4umen.<\/p>\n\n\n\n<div class=\"wp-block-image\"><figure class=\"aligncenter\"><img decoding=\"async\" src=\"http:\/\/unitedteneristi.de\/wp-content\/uploads\/2012\/10\/P1140534web-300x225.jpg\" alt=\"P1140534web\" class=\"wp-image-3410\"\/><\/figure><\/div>\n\n\n\n<p><strong>\u00a0<\/strong>Am<strong> 01.11.2014 <\/strong>hatte\u00a0 ich das Vergn\u00fcgen, euch im Rahmen des <a rel=\"noreferrer noopener\" href=\"http:\/\/www.einspur.de\" target=\"_blank\">&#8222;<strong>Motorrad Reise Abenteuer Treffens<\/strong>&#8222;<\/a> von <strong>Tina &amp; <em>Kai<\/em> Sypniewski<\/strong> in Helsa-Wickenrode meine Show <strong>X-USA &#8222;Abwegig durch die USA<\/strong>&#8220; zu pr\u00e4sentieren. Ich hoffe die beiden haben auch in Zukunft die Energie die gro\u00dfe weite Welt in die &#8222;Wildnis&#8220; zu holen und so &#8222;Augen zu \u00f6ffnen&#8220;<\/p>\n\n\n<p><br>\n<!--StartFragment--><\/p>\n\n\n<div class=\"wp-block-image\"><figure class=\"aligncenter\"><img decoding=\"async\" src=\"http:\/\/unitedteneristi.de\/wp-content\/uploads\/2012\/10\/PlakatXUSA-300x237.jpg\" alt=\"&quot;Abwegig&quot; durch die USA\" class=\"wp-image-2347\"\/><\/figure><\/div>\n\n\n<p><!--EndFragment--><br>\n<br>\n<\/p>\n\n\n<p>Am<strong> 7.11.2014 <\/strong>zeigte<strong> Andreas H\u00fclsmann<\/strong>  &#8222;<strong>100 L\u00e4ngengrade Ost<\/strong>&#8220; <\/p>\n\n\n\n<figure class=\"wp-block-image size-large is-resized\"><img loading=\"lazy\" decoding=\"async\" src=\"https:\/\/www.advtime.eu\/wp-content\/uploads\/2020\/01\/100-L\u00e4ngengradeweb.jpg\" alt=\"\" class=\"wp-image-140\" width=\"150\" height=\"119\" srcset=\"https:\/\/advtime.eu\/wp-content\/uploads\/2020\/01\/100-L\u00e4ngengradeweb.jpg 600w, https:\/\/advtime.eu\/wp-content\/uploads\/2020\/01\/100-L\u00e4ngengradeweb-300x238.jpg 300w\" sizes=\"auto, (max-width: 150px) 100vw, 150px\" \/><\/figure>\n\n\n\n<p>im Mad Dog Cronenberg.<\/p>\n\n\n\n<p>Mit seiner Frau Claudia erlebte Andreas nach tausenden von Kilometern die grenzenlose Weite der Mongolei, in die es ihn immer wieder ziehen soll. Sie \u00fcbernachten in Jurten und erfahren die herzliche Gastfreundschaft der Nomaden. An den Ausl\u00e4ufern der W\u00fcste Gobi entlang navigieren sie ihre Motorr\u00e4der durch das Altai Gebirge. Nach den weiten Steppen Kasachstans stehen sie schlie\u00dflich auf dem Dach der Welt, dem Pamir Gebirge!<\/p>\n\n\n\n<div class=\"wp-block-image size-medium wp-image-3653\"><figure class=\"aligncenter\"><img decoding=\"async\" src=\"http:\/\/unitedteneristi.de\/wp-content\/uploads\/2014\/01\/2014_11_07_3335web-300x200.jpg\" alt=\"Andreas H\u00fclsmann im Mad Dog Cronenberg\" class=\"wp-image-3653\"\/><figcaption>Andreas H\u00fclsmann im Mad Dog Cronenberg<\/figcaption><\/figure><\/div>\n\n\n\n<p><strong>Kradvagabund Panny<\/strong><\/p>\n\n\n\n<p>Einmal im Leben auf gro\u00dfe Fahrt gehen! Viele Jahre haben die beiden Kradvagabunden davon getr\u00e4umt, bis sie schlie\u00dflich den Mut fanden, es zu wagen. Nach dreieinhalb Jahren Motorrad-Weltreise waren sie nun zur\u00fcck und bereit, uns am <strong>07.11.2014<\/strong> im Mad Dog mit Ihrer Premiere von einer Reise berichten welche aus Ihre Weise einzigartig zu nennen ist. Panny und Simon schlossen das Jahr 2014 dieses Mal im Mad Dog furios mit Ihrer Premiere ab. Das Mad Dog krachte aus allen N\u00e4hten und das Publikum wurde ordentlich gerockt.<\/p>\n\n\n\n<div class=\"wp-block-image\"><figure class=\"aligncenter\"><img decoding=\"async\" src=\"http:\/\/unitedteneristi.de\/wp-content\/uploads\/2012\/10\/Krad-Vagabunden-Panny-+-Simon-300x208.jpg\" alt=\"Krad-Vagabunden Panny + Simon\" class=\"wp-image-3390\"\/><\/figure><\/div>\n\n\n\n<p>Der Bauchladen der beiden Krad-Vagabunden brachte \u00fcbrigens so manches Weihnachtsgeschenk \u00fcber den Tresen. T.Shirts, Caps und B\u00fccher z\u00e4hlten zu den Highlights.<\/p>\n\n\n\n<div class=\"wp-block-image\"><figure class=\"aligncenter\"><img decoding=\"async\" src=\"http:\/\/unitedteneristi.de\/wp-content\/uploads\/2012\/10\/Krad-Vagabunden-Cover-1-Vorderseite-209x300.jpg\" alt=\"Krad-Vagabunden - Cover 1 - Vorderseite\" class=\"wp-image-3391\"\/><\/figure><\/div>\n","protected":false},"excerpt":{"rendered":"<p>Am 17.1.2014 startete das Jahr 2014 direkt mit einem Highlight. Erik Peters beehrte das\u00a0 Mad Dog Cronenberg und brachte neben seinem Bauchladen mit B\u00fcchern und DVD\u00b4s auch den zweiten Teil seiner Nordamerika-Reise auf die B\u00fchne. Von Alaska durch Kanada bis nach New York erlebten die zahlreich angereisten Fan\u00b4s auch dieses Mal Erik und seine T\u00e9n\u00e9r\u00e9 &hellip; <\/p>\n<p class=\"link-more\"><a href=\"https:\/\/advtime.eu\/index.php\/vergangene-events-bei-ppp\/2014-2\/\" class=\"more-link\"><span class=\"screen-reader-text\">\u201e2014\u201c<\/span> weiterlesen<\/a><\/p>\n","protected":false},"author":1,"featured_media":0,"parent":129,"menu_order":2014,"comment_status":"closed","ping_status":"closed","template":"","meta":{"footnotes":""},"class_list":["post-139","page","type-page","status-publish","hentry"],"_links":{"self":[{"href":"https:\/\/advtime.eu\/index.php\/wp-json\/wp\/v2\/pages\/139","targetHints":{"allow":["GET"]}}],"collection":[{"href":"https:\/\/advtime.eu\/index.php\/wp-json\/wp\/v2\/pages"}],"about":[{"href":"https:\/\/advtime.eu\/index.php\/wp-json\/wp\/v2\/types\/page"}],"author":[{"embeddable":true,"href":"https:\/\/advtime.eu\/index.php\/wp-json\/wp\/v2\/users\/1"}],"replies":[{"embeddable":true,"href":"https:\/\/advtime.eu\/index.php\/wp-json\/wp\/v2\/comments?post=139"}],"version-history":[{"count":1,"href":"https:\/\/advtime.eu\/index.php\/wp-json\/wp\/v2\/pages\/139\/revisions"}],"predecessor-version":[{"id":141,"href":"https:\/\/advtime.eu\/index.php\/wp-json\/wp\/v2\/pages\/139\/revisions\/141"}],"up":[{"embeddable":true,"href":"https:\/\/advtime.eu\/index.php\/wp-json\/wp\/v2\/pages\/129"}],"wp:attachment":[{"href":"https:\/\/advtime.eu\/index.php\/wp-json\/wp\/v2\/media?parent=139"}],"curies":[{"name":"wp","href":"https:\/\/api.w.org\/{rel}","templated":true}]}}