{"id":134,"date":"2020-01-19T18:36:46","date_gmt":"2020-01-19T18:36:46","guid":{"rendered":"https:\/\/www.advtime.eu\/?page_id=134"},"modified":"2020-01-19T18:36:46","modified_gmt":"2020-01-19T18:36:46","slug":"2013-2","status":"publish","type":"page","link":"https:\/\/advtime.eu\/index.php\/vergangene-events-bei-ppp\/2013-2\/","title":{"rendered":"2013"},"content":{"rendered":"\n<p>Am <strong>11.01.2013<\/strong> d\u00fcrfte ich das Jahr mit Andreas H\u00fclsmann\u00b4s Projekt Eurasien starten.<\/p>\n\n\n\n<figure class=\"wp-block-image size-large\"><img loading=\"lazy\" decoding=\"async\" width=\"1024\" height=\"683\" src=\"https:\/\/www.advtime.eu\/wp-content\/uploads\/2020\/01\/IMG_1667-1024x683.jpg\" alt=\"\" class=\"wp-image-135\" srcset=\"https:\/\/advtime.eu\/wp-content\/uploads\/2020\/01\/IMG_1667-1024x683.jpg 1024w, https:\/\/advtime.eu\/wp-content\/uploads\/2020\/01\/IMG_1667-300x200.jpg 300w, https:\/\/advtime.eu\/wp-content\/uploads\/2020\/01\/IMG_1667-768x512.jpg 768w, https:\/\/advtime.eu\/wp-content\/uploads\/2020\/01\/IMG_1667-1536x1024.jpg 1536w, https:\/\/advtime.eu\/wp-content\/uploads\/2020\/01\/IMG_1667-2048x1365.jpg 2048w, https:\/\/advtime.eu\/wp-content\/uploads\/2020\/01\/IMG_1667-1320x880.jpg 1320w\" sizes=\"auto, (max-width: 767px) 89vw, (max-width: 1000px) 54vw, (max-width: 1071px) 543px, 580px\" \/><\/figure>\n\n\n\n<p>&#8222;Gewohnt Faszinierend&#8220; war dieser Bericht von Andreas m\u00f6chte ich fast schon sagen. Dabei w\u00e4re das eine glatte Verunglimpfung dieser regelrecht magnetisch fesselnden Reise. In tollen Bildern und interessanten Geschichten erlaubte Andreas uns im Mad Dog Cronenberg diese Reise mit zu erleben. Viele G\u00e4ste bedanken sich nach der Show f\u00fcr den gelungenen Abend&#8230;<\/p>\n\n\n\n<p>Beachtet dazu auch den Bericht in der <a href=\"http:\/\/www.cronenberger-woche.de\/media\/2013\/01\/Gesamt2.pdf\" target=\"_blank\" rel=\"noreferrer noopener\">Cronenberger Woche<\/a><\/p>\n\n\n\n<p>Am <strong>22.02.2013<\/strong> sorgte<strong> Erik Peters <\/strong>mit seiner Show  <strong>Abenteuer Nordamerika<\/strong> daf\u00fcr, dass das Mad Dog Cronenberg aus allen n\u00e4hten platze.<\/p>\n\n\n\n<p>Wer schon einmal eine Show von Erik gesehen hat, wei\u00df dass hier kein 0815 Bericht von der Leinwand perlte. Wir alle waren begeistert zu sehen wie Eriks Stollenreifen in den nordamerikanischen Staub griffen oder Er zwischen Kakteen die Freiheit heraus grinste. Da zuckte auch im Mad Dog Cronenberg wieder zahlreichen Zuschauern die Gashand nerv\u00f6s. Wieder einmal ein gelungener Abend. <\/p>\n\n\n\n<p>Vielen Dank Erik.<\/p>\n\n\n\n<figure class=\"wp-block-image\"><a href=\"http:\/\/unitedteneristi.de\/?attachment_id=2457\"><img decoding=\"async\" src=\"http:\/\/unitedteneristi.de\/wp-content\/uploads\/2012\/10\/IMG_1759web1-300x287.gif\" alt=\"Erik im Mad Dog Cronenberg\"\/><\/a><\/figure>\n\n\n\n<p>\nErik im Mad Dog Cronenberg\n\n\n<\/p>\n\n\n\n<p><strong>Am 23.2.2012 ab 15:00 <\/strong>Im <a href=\"http:\/\/www.cafe-alte-schule.de\/\">Cafe alte Schule<\/a> in <a href=\"http:\/\/www.cafe-alte-schule.de\/anfahrt.php\">Much<\/a> erwartete ich Euch mit meiner Show zur X-USA Tour.<\/p>\n\n\n\n<p>Es folgte ein netter Abend mit einem sehr interessiertem Publikum.<\/p>\n\n\n\n<figure class=\"wp-block-image\"><a href=\"http:\/\/unitedteneristi.de\/?attachment_id=2347\"><img decoding=\"async\" src=\"http:\/\/unitedteneristi.de\/wp-content\/uploads\/2012\/10\/PlakatXUSA-300x237.jpg\" alt=\"\"\/><\/a><\/figure>\n\n\n\n<p> Am <strong>22.3.2013<\/strong> begeisterte das &#8222;aufSpur Team&#8220; rund um Bruno Pillitteri <\/p>\n\n\n\n<figure class=\"wp-block-image\"><a href=\"http:\/\/unitedteneristi.de\/?attachment_id=2414\"><img decoding=\"async\" src=\"http:\/\/unitedteneristi.de\/wp-content\/uploads\/2012\/10\/up2ladakhweb-300x210.gif\" alt=\" Up to Ladakh\"\/><\/a><\/figure>\n\n\n\n<p> up to Ladakh \u2013<br>Im Sattel der klassischen Enfield, bis zum h\u00f6chsten Dach der Welt Das aufSpur Team war wieder auf ungew\u00f6hnlichen Wegen unterwegs. Auf der Suche nach Schnee \u2013mitten im September ? Sie setzten ihre Idee um und fuhren bis zum Dach der Welt: \u201eup to Ladakh\u201c Bruno Pillitteri und seine Freunde aus dem Ruhrpott schwangen sich in den Sattel der urigen Enfields, um den den Manali-Leh Highway, hoch oben im Himalaya-Gebirge, zu bereisen. Eigentlich eine der Hauptrouten im Norden Indiens, ein unbeschwerlicher Trail, aber es kam nat\u00fcrlich ganz anders.<\/p>\n\n\n\n<p><a rel=\"noreferrer noopener\" href=\"http:\/\/wuppenduro.de\/\" target=\"_blank\">Am <strong>13.09.2013 <\/strong>durfte ich Euch im Rahmen des Showprogramms zum 10. Wuppenduro abermahls im H\u00f6rsaal FZH 1Campus Freudenberg der Bergischen Universit\u00e4t Wuppertal neben Dirk Sch\u00e4fer, den Keitinies, den De Finis sowie den 2Radkamelen den aktualisierten Bericht zu meiner Syrienreise vorstellen.<\/a> Zum 10-J\u00e4hrigen Bestehen der <a rel=\"noreferrer noopener\" href=\"http:\/\/www.wuppenduro.de\" target=\"_blank\">Wuppenduro<\/a> wurde hier ein gro\u00dfes Feuerwerk der Reisevortr\u00e4ge abgebrannt und ich bin dankbar dabei gewesen zu sein. Alle Referenten haben \u00fcbrigens auf Ihre Gage zugunsten des karikativen Zwecks der <a rel=\"noreferrer noopener\" href=\"http:\/\/www.wuppenduro.de\" target=\"_blank\">Wuppenduro<\/a> verzichtet und so haben alle Aktionen der Wuppenduro es in 2013 geschafft den Spendenbetrag wieder einmal drastisch zu erh\u00f6hen. Vielen Dank auch von meiner Seite an die zahlreichen Besucher der Veranstaltung die dies schlussendlich erm\u00f6glicht haben.<\/p>\n\n\n\n<p>&#8222;Nette Leute zum Mitreisen gesucht&#8220; so hie\u00df es als am <strong>15.10.2013<\/strong> der B\u00fcrgerbahnhof Vohwinkel die Showb\u00fchne f\u00fcr mich \u00f6ffnete auf der schon so manches Event stattgefunden hat.\u00a0 Neben Rock, Blues und anderen Events ging es an diesem Dienstag &#8222;abwegig durch die USA&#8220; \u00a0 <\/p>\n\n\n\n<figure class=\"wp-block-image\"><a href=\"http:\/\/unitedteneristi.de\/?attachment_id=2347\"><img decoding=\"async\" src=\"http:\/\/unitedteneristi.de\/wp-content\/uploads\/2012\/10\/PlakatXUSA-300x237.jpg\" alt=\"&quot;Abwegig&quot; durch die USA\"\/><\/a><\/figure>\n\n\n\n<p> Nat\u00fcrlich lohnt sich auch sonst immer ein Blick auf das <a rel=\"noreferrer noopener\" href=\"http:\/\/www.buergerbahnhof.com\/?option=com_content&amp;view=article&amp;id=6&amp;Itemid=6\" target=\"_blank\">Programm<\/a>, denn auch au\u00dferhalb div. Reiseshows hat der B\u00fcrgerbahnhof ein tolles Programm zu bieten und holt so manchen Star auf die B\u00fchne der Liebevoll ausgestatteten Eventlokation Somit lohnt ein <a href=\"http:\/\/www.b\u00fcrgerbahnhof.com\/index.php?option=com_content&amp;view=article&amp;id=6&amp;Itemid=6\">Klick<\/a> immer Vielen Dank f\u00fcr Euren Besuch und Ulli f\u00fcr die Gelegenheit im Bahnhof auftreten zu k\u00f6nnen. <\/p>\n\n\n\n<p><strong>Am 18.10.2013<\/strong> pr\u00e4sentierte ich meine neue Show &#8222;Baltic Challenge&#8220;\u00a0 im Mad Dog Cronenberg <br>Vielen Dank f\u00fcr Euer gro\u00dfes Interesse an unserer neuen Show der Reise von 2013. Abenteuer rund um die Ostsee und unser Einsatz als Helfer f\u00fcr die &#8222;Stiftung f\u00fcr Helfer&#8220; trafen auf ein interessiertes Publikum.<\/p>\n\n\n\n<figure class=\"wp-block-image size-large is-resized\"><img loading=\"lazy\" decoding=\"async\" src=\"https:\/\/www.advtime.eu\/wp-content\/uploads\/2020\/01\/ProgrammB\u00fcrgerbahnhof.jpg\" alt=\"\" class=\"wp-image-137\" width=\"135\" height=\"90\" srcset=\"https:\/\/advtime.eu\/wp-content\/uploads\/2020\/01\/ProgrammB\u00fcrgerbahnhof.jpg 540w, https:\/\/advtime.eu\/wp-content\/uploads\/2020\/01\/ProgrammB\u00fcrgerbahnhof-300x199.jpg 300w\" sizes=\"auto, (max-width: 135px) 100vw, 135px\" \/><\/figure>\n\n\n\n<p>Am <strong>7.11.2013<\/strong> pr\u00e4sentierte ich meine Show &#8222;Abwegig um die Ostsee&#8220; im Rahmen des Reiselust Festivals im Restaurant Hahnheiser in K\u00f6ln Nippes <\/p>\n\n\n\n<p><strong>Am 22.11.2013<\/strong> hatte ich die Ehre Euch die <a rel=\"noreferrer noopener\" href=\"http:\/\/www.2radkamele.de\/\" target=\"_blank\"><strong>2radKamele<\/strong><\/a> im Mad Dog Cronenberg zu pr\u00e4sentieren. Es war ein sehr netter Abend und zusammen sahen wir die 2RadKamele auf Sahara Expedition. <\/p>\n\n\n\n<figure class=\"wp-block-image\"><img decoding=\"async\" src=\"http:\/\/unitedteneristi.de\/wp-content\/uploads\/2012\/10\/2radKamele_Sahara-215x300.jpg\" alt=\"Sahara mit den 2radkamelen\"\/><\/figure>\n","protected":false},"excerpt":{"rendered":"<p>Am 11.01.2013 d\u00fcrfte ich das Jahr mit Andreas H\u00fclsmann\u00b4s Projekt Eurasien starten. &#8222;Gewohnt Faszinierend&#8220; war dieser Bericht von Andreas m\u00f6chte ich fast schon sagen. Dabei w\u00e4re das eine glatte Verunglimpfung dieser regelrecht magnetisch fesselnden Reise. In tollen Bildern und interessanten Geschichten erlaubte Andreas uns im Mad Dog Cronenberg diese Reise mit zu erleben. Viele G\u00e4ste &hellip; <\/p>\n<p class=\"link-more\"><a href=\"https:\/\/advtime.eu\/index.php\/vergangene-events-bei-ppp\/2013-2\/\" class=\"more-link\"><span class=\"screen-reader-text\">\u201e2013\u201c<\/span> weiterlesen<\/a><\/p>\n","protected":false},"author":1,"featured_media":0,"parent":129,"menu_order":2013,"comment_status":"closed","ping_status":"closed","template":"","meta":{"footnotes":""},"class_list":["post-134","page","type-page","status-publish","hentry"],"_links":{"self":[{"href":"https:\/\/advtime.eu\/index.php\/wp-json\/wp\/v2\/pages\/134","targetHints":{"allow":["GET"]}}],"collection":[{"href":"https:\/\/advtime.eu\/index.php\/wp-json\/wp\/v2\/pages"}],"about":[{"href":"https:\/\/advtime.eu\/index.php\/wp-json\/wp\/v2\/types\/page"}],"author":[{"embeddable":true,"href":"https:\/\/advtime.eu\/index.php\/wp-json\/wp\/v2\/users\/1"}],"replies":[{"embeddable":true,"href":"https:\/\/advtime.eu\/index.php\/wp-json\/wp\/v2\/comments?post=134"}],"version-history":[{"count":1,"href":"https:\/\/advtime.eu\/index.php\/wp-json\/wp\/v2\/pages\/134\/revisions"}],"predecessor-version":[{"id":138,"href":"https:\/\/advtime.eu\/index.php\/wp-json\/wp\/v2\/pages\/134\/revisions\/138"}],"up":[{"embeddable":true,"href":"https:\/\/advtime.eu\/index.php\/wp-json\/wp\/v2\/pages\/129"}],"wp:attachment":[{"href":"https:\/\/advtime.eu\/index.php\/wp-json\/wp\/v2\/media?parent=134"}],"curies":[{"name":"wp","href":"https:\/\/api.w.org\/{rel}","templated":true}]}}