{"id":132,"date":"2020-01-19T18:22:15","date_gmt":"2020-01-19T18:22:15","guid":{"rendered":"https:\/\/www.advtime.eu\/?page_id=132"},"modified":"2020-01-19T18:22:15","modified_gmt":"2020-01-19T18:22:15","slug":"2009-bis-2011","status":"publish","type":"page","link":"https:\/\/advtime.eu\/index.php\/vergangene-events-bei-ppp\/2009-bis-2011\/","title":{"rendered":"2009 bis 2011"},"content":{"rendered":"\n<p>Von meinen Reisen zu berichten?<br>Das gab es lange nur im Familien und Freundeskreis. Doch irgendwann konnten die Interessierten im heimischen Wohnzimmer nicht mehr unter gebracht werden. Was lag da n\u00e4her als meine Reiseerfahrungen auch auf Treffen&#8230; einem gr\u00f6\u00dferem Publikum zu pr\u00e4sentieren&#8230;<\/p>\n\n\n\n<p>Am <strong>27.06.2009<\/strong> pr\u00e4sentierte ich meine Show &#8222;Abenteuer Syrien&#8220; im Rahmen des T\u00e9n\u00e9r\u00e9 Treffens in Pfeddersheim kurz nach der R\u00fcckreise aus Syrien den anwesenden T\u00e9n\u00e9risti. So kurz nach der Reise was das eine echte Herausforderung, der Erfolg legte aber hier den Grundstein und f\u00fchrte zur Idee &#8222;weiter zu machen&#8220;<\/p>\n\n\n\n<p>Am <strong>06.05.2011<\/strong> startete dann auch die Wuppertaler Serie im Mad Dog\u00a0 mit meiner Syrienshow.<\/p>\n\n\n\n<figure class=\"wp-block-image\"><a href=\"http:\/\/unitedteneristi.de\/wp-content\/uploads\/2011\/06\/Flyer-Syrshow-Web.jpg\"><img decoding=\"async\" src=\"http:\/\/unitedteneristi.de\/wp-content\/uploads\/2011\/06\/Flyer-Syrshow-Web-300x200.jpg\" alt=\"\"\/><\/a><\/figure>\n\n\n\n<p>Damit war der Grundstein gelegt f\u00fcr eine Reihe von Veranstaltungen unter den Motto &#8222;Talentschuppen&#8220;. Bis dahin v\u00f6llig unbekannte Reisende aus der Szene bekamen nun die M\u00f6gklichkeit einmal auf der B\u00fchne auf zu treten und die zu 100% an den Vortragenden gehenden Einnahmen aus dem herum gereichten &#8222;Helm&#8220; waren immer ein direktes und gutes Feedback und zeigten wie sehr die Shows genossen wurden.<\/p>\n\n\n\n<p>Am <strong>24.6.2011 <\/strong>wurde die Serie fortgesetzt mit\u00a0 Acki\u00b4s Islandshow. Dabei \u00fcberrasche Acki mit einer grandiosen Show aus dem stand nicht nur das Publikum sondern auch sich selbst \ud83d\ude42<\/p>\n\n\n\n<figure class=\"wp-block-image\"><a href=\"http:\/\/unitedteneristi.de\/wp-content\/uploads\/2011\/06\/Showplaketweb.jpg\"><img decoding=\"async\" src=\"http:\/\/unitedteneristi.de\/wp-content\/uploads\/2011\/06\/Showplaketweb-300x225.jpg\" alt=\"\"\/><\/a><\/figure>\n\n\n\n<p> Am <strong>16.12.2011<\/strong> folgte zum Jahresabschluss\u00a0 Joachim von Loebens neueste Show im Mad Dog Cronenberg <\/p>\n\n\n\n<figure class=\"wp-block-image\"><img decoding=\"async\" src=\"http:\/\/www.highlights-verlag.de\/images\/joachimvonloebentable40.jpg\" alt=\"\"\/><\/figure>\n","protected":false},"excerpt":{"rendered":"<p>Von meinen Reisen zu berichten?Das gab es lange nur im Familien und Freundeskreis. Doch irgendwann konnten die Interessierten im heimischen Wohnzimmer nicht mehr unter gebracht werden. Was lag da n\u00e4her als meine Reiseerfahrungen auch auf Treffen&#8230; einem gr\u00f6\u00dferem Publikum zu pr\u00e4sentieren&#8230; Am 27.06.2009 pr\u00e4sentierte ich meine Show &#8222;Abenteuer Syrien&#8220; im Rahmen des T\u00e9n\u00e9r\u00e9 Treffens in &hellip; <\/p>\n<p class=\"link-more\"><a href=\"https:\/\/advtime.eu\/index.php\/vergangene-events-bei-ppp\/2009-bis-2011\/\" class=\"more-link\"><span class=\"screen-reader-text\">\u201e2009 bis 2011\u201c<\/span> weiterlesen<\/a><\/p>\n","protected":false},"author":1,"featured_media":0,"parent":129,"menu_order":2011,"comment_status":"closed","ping_status":"closed","template":"","meta":{"footnotes":""},"class_list":["post-132","page","type-page","status-publish","hentry"],"_links":{"self":[{"href":"https:\/\/advtime.eu\/index.php\/wp-json\/wp\/v2\/pages\/132","targetHints":{"allow":["GET"]}}],"collection":[{"href":"https:\/\/advtime.eu\/index.php\/wp-json\/wp\/v2\/pages"}],"about":[{"href":"https:\/\/advtime.eu\/index.php\/wp-json\/wp\/v2\/types\/page"}],"author":[{"embeddable":true,"href":"https:\/\/advtime.eu\/index.php\/wp-json\/wp\/v2\/users\/1"}],"replies":[{"embeddable":true,"href":"https:\/\/advtime.eu\/index.php\/wp-json\/wp\/v2\/comments?post=132"}],"version-history":[{"count":1,"href":"https:\/\/advtime.eu\/index.php\/wp-json\/wp\/v2\/pages\/132\/revisions"}],"predecessor-version":[{"id":133,"href":"https:\/\/advtime.eu\/index.php\/wp-json\/wp\/v2\/pages\/132\/revisions\/133"}],"up":[{"embeddable":true,"href":"https:\/\/advtime.eu\/index.php\/wp-json\/wp\/v2\/pages\/129"}],"wp:attachment":[{"href":"https:\/\/advtime.eu\/index.php\/wp-json\/wp\/v2\/media?parent=132"}],"curies":[{"name":"wp","href":"https:\/\/api.w.org\/{rel}","templated":true}]}}