{"id":127,"date":"2020-01-19T18:05:41","date_gmt":"2020-01-19T18:05:41","guid":{"rendered":"https:\/\/www.advtime.eu\/?page_id=127"},"modified":"2020-01-19T18:07:12","modified_gmt":"2020-01-19T18:07:12","slug":"2012-2","status":"publish","type":"page","link":"https:\/\/advtime.eu\/index.php\/vergangene-events-bei-ppp\/2012-2\/","title":{"rendered":"2012"},"content":{"rendered":"<p><!--StartFragment--><\/p>\n<p>Am <strong>27.06.2009<\/strong> pr\u00e4sentierte ich meine Show &#8222;Abenteuer Syrien&#8220; im Rahmen des T\u00e9n\u00e9r\u00e9 Treffens in Pfeddersheim kurz nach der R\u00fcckreise aus Syrien<\/p>\n<p>Am <strong>06.05.2011<\/strong> startete die Wuppertaler Serie im Mad Dog&nbsp; mit meiner Syrienshow<\/p>\n<div>\n<dl id=\"attachment_818\">\n<dt><a href=\"http:\/\/unitedteneristi.de\/wp-content\/uploads\/2011\/06\/Flyer-Syrshow-Web.jpg\"><img loading=\"lazy\" decoding=\"async\" title=\"Poster zur Show\" src=\"http:\/\/unitedteneristi.de\/wp-content\/uploads\/2011\/06\/Flyer-Syrshow-Web-300x200.jpg\" alt=\"\" width=\"300\" height=\"200\"><\/a><\/dt>\n<dd>Showposter Syrienshow im Mad Dog<\/dd>\n<\/dl>\n<\/div>\n<p>Am <strong>24.6.2011 <\/strong>wurde die Serie fortgesetzt mit&nbsp; Acki\u00b4s Islandshow<\/p>\n<div>\n<dl id=\"attachment_819\">\n<dt><a href=\"http:\/\/unitedteneristi.de\/wp-content\/uploads\/2011\/06\/Showplaketweb.jpg\"><img loading=\"lazy\" decoding=\"async\" title=\"Showplaketweb\" src=\"http:\/\/unitedteneristi.de\/wp-content\/uploads\/2011\/06\/Showplaketweb-300x225.jpg\" alt=\"\" width=\"300\" height=\"225\"><\/a><\/dt>\n<dd>Island Diashow<\/dd>\n<\/dl>\n<\/div>\n<p>Am <strong>16.12.2011<\/strong> folgte zum Jahresabschluss&nbsp; Joachim von Loebens neueste Show im Mad Dog Cronenberg<\/p>\n<p>Am <strong>10.2.2012<\/strong> startete die neue Saison mir der Multivision &#8222;<a title=\"Diashow Thailand\" href=\"http:\/\/dl.dropbox.com\/u\/37340231\/Diashow%20Thai%202.02.12.jpg\" target=\"_blank\" rel=\"noopener noreferrer\">Thailand<\/a> abwegig&#8220;&nbsp; <br>Dieses mal pr\u00e4senierte ich die gemeinsamme Reise der &#8222;united T\u00e9n\u00e9risti&#8220; Heiko Sch\u00fctt, Martin Nevihosteny und Michael Paetsch (Paetschman) durch den Norden Thailands 2010 im Mad Dog Cronenberg<\/p>\n<p><a href=\"http:\/\/unitedteneristi.de\/?attachment_id=1958\" rel=\"attachment wp-att-1958\"><img loading=\"lazy\" decoding=\"async\" title=\"Diashow-Thai-2.02.12web\" src=\"http:\/\/unitedteneristi.de\/wp-content\/uploads\/2012\/01\/Diashow-Thai-2.02.12web-200x300.jpg\" alt=\"\" width=\"200\" height=\"300\"><\/a><\/p>\n<p>Der Vortrag im Berliner &#8222;PS-Bistro&#8220; am <strong>13.01.2012<\/strong> wurde Dank Fred (dem Veranstalter der Show)&nbsp; mit anschliessender Tour durch Polen ein Highlight. Somit waren nicht nur die Besucher und die Crew des PS-Bistros in J\u00fchnsdorf hellauf begeistert, auch ich hatte meinen Spa\u00df an Show und Tour.<\/p>\n<p><\/p>\n\n\n<\/p>\n<figure class=\"wp-block-image is-resized\"><img loading=\"lazy\" decoding=\"async\" class=\"wp-image-5477\" src=\"http:\/\/unitedteneristi.de\/wp-content\/uploads\/2020\/01\/3511_152228b4374c-1.jpg\" alt=\"\" width=\"225\" height=\"319\" \/>\n<figcaption>Paetschman im PS-Bistro J\u00fchnsdorf (Berlin)<\/figcaption>\n<\/figure>\n<p>\n\n\n<p><\/p>\n<p>Am <strong>25.03.2012<\/strong> pr\u00e4sentierte ich Euch die Multivisionsshow von und mit Jan-Hendrik Neumann im <a title=\"Anfahrt\" href=\"http:\/\/www.google.de\/url?sa=t&amp;rct=j&amp;q=mad%20dog%20cronenberg&amp;source=web&amp;cd=4&amp;ved=0CEQQjBAwAw&amp;url=http%3A%2F%2Fcronenberg.mad-dog.info%2Findex.php%3Fid%3D28&amp;ei=cdVLT-jcFIfesga_udyUBQ&amp;usg=AFQjCNG85IPOV-VlDSkzp7KZyi7PB7_6qg&amp;cad=rja\" target=\"_blank\" rel=\"noopener noreferrer\">Mad Dog Cronenberg<\/a>. &#8222;Jan Rockte das Mad Dog&#8220; dieser Ausspruch eines der zahlreichen Besucher fast die Show schon wirklich gut zusammen. In gut 1,5 Std. fuhren wir alle so mit Jan Durch X L\u00e4nder und Kontinente. Seine toll geschnittenen Videos&nbsp; f\u00f6rderten dabei so manchen Lacher zu Tage.<\/p>\n<div>\n<dl id=\"attachment_1988\">\n<dt><a href=\"http:\/\/unitedteneristi.de\/?attachment_id=1988\" rel=\"attachment wp-att-1988\"><img loading=\"lazy\" decoding=\"async\" title=\"Zwischenwelten\" src=\"http:\/\/unitedteneristi.de\/wp-content\/uploads\/2012\/02\/PlakatJan1-300x225.jpg\" alt=\"\" width=\"300\" height=\"225\"><\/a><\/dt>\n<dd>82000 km um die Welt<\/dd>\n<dd><\/dd>\n<dd>Am <strong>15.06.2012<\/strong> zeigte Carola Moeller ihre Show &#8222;Von Feuerland bis ins Tal des Todes (Ein Zebra auf Abwegen)&#8220; und legte mit Ihrer Furiosen Show nach der Premiere beim Tesch Travel Treffen 2012 eine gefeierte Show auf die B\u00fchne des Mad Dogs.<\/dd>\n<dd>\n<figure id=\"attachment_2482\" aria-describedby=\"caption-attachment-2482\" style=\"width: 300px\" class=\"wp-caption aligncenter\"><a href=\"http:\/\/unitedteneristi.de\/?attachment_id=2482\" rel=\"attachment wp-att-2482\"><img loading=\"lazy\" decoding=\"async\" class=\"size-medium wp-image-2482\" src=\"http:\/\/unitedteneristi.de\/wp-content\/uploads\/2012\/10\/Feuerland-300x258.jpg\" alt=\"Von Feuerland bis ins Tal des Todes &quot;Ein Zebra auf Abwegen&quot;\" width=\"300\" height=\"258\"><\/a><figcaption id=\"caption-attachment-2482\" class=\"wp-caption-text\">Von Feuerland bis ins Tal des Todes &#8222;Ein Zebra auf Abwegen&#8220;<\/figcaption><\/figure>\n<\/dd>\n<dd>Am Freitag dem <strong>14.9.2012<\/strong> startete meine neue Show X-USA &#8222;abwegig durch die USA&#8220;&#8220; furios als Abendveranstaltung der Wuppenduro 2012. Knappe 250 G\u00e4ste waren dabei und ich erhielt viel Zuspruch. Toll, dass wir die genialen R\u00e4umlichkeiten des Campus Freudenberg in Wuppertal nutzen konnten.<\/dd>\n<\/dl>\n<\/div>\n<dl id=\"attachment_2242\">\n<dt><a href=\"http:\/\/unitedteneristi.de\/?attachment_id=2242\" rel=\"attachment wp-att-2242\"><img loading=\"lazy\" decoding=\"async\" title=\"X-USA\" src=\"http:\/\/unitedteneristi.de\/wp-content\/uploads\/2012\/09\/Ausglaser-300x235.gif\" alt=\"\" width=\"300\" height=\"235\"><\/a><\/dt>\n<dd><\/dd>\n<dd>\n<p style=\"text-align: left;\" align=\"center\">Immer auf der Suche nach Neuem zeigte uns Heinz Schulze am <strong>19.10.2012<br><\/strong><strong>&#8222;Croeso i Rali Ddraig&#8220; &#8211; &#8222;Willkommen zur Dragon Rally&#8220;<\/strong>.<br>Alles began, als Heinz im Fr\u00fchjahr 2010&nbsp; ein Buch geschenkt bekam &#8211; &#8222;Allerletzte Motorradgeschichten&#8220; von Ernst Leverkus. Als Er dort die Geschichte von Inge gelesen hat, die, im Februar 1965 bei Schnee, Eis, Minus 7\u00b0C.mit ihrer Mutter im Beiwagen, zur Dragon Rally nach Nord-Wales gefahren ist waren die ersten Weichen wohl schon gestellt. Da Heinz eine Tante in Wales hat, lockte Ihn seine Neugier noch mehr. Nur wenige Kilometer sind die Tante und der Ort der Dragon Rally auseinander und so war die Idee geboren. Was er dabei alles gefunden hat, erfuhren wir beim Besuch seines Reiseberichtes. Bilder von Landschaften, Leuten und jede Menge Geschichten hatte er mit seinem witzigen Vortrag zum besten gegeben.&#8220;<\/p>\n<p style=\"text-align: left;\" align=\"center\"><a href=\"http:\/\/unitedteneristi.de\/?attachment_id=2262\" rel=\"attachment wp-att-2262\"><img loading=\"lazy\" decoding=\"async\" title=\"&quot;Croeso i Rali Ddraig&quot; - &quot;Willkommen zur Dragon Rally&quot;\" src=\"http:\/\/unitedteneristi.de\/wp-content\/uploads\/2011\/06\/Plakatweb-300x225.gif\" alt=\"\" width=\"300\" height=\"225\"><\/a><\/p>\n<p><\/p>\n<p>Am <strong>16.11.2012<\/strong>&nbsp; pr\u00e4sentierte ich euch<strong><strong> Nord Korea von und <\/strong><\/strong>mit Joachim von Loeben.<br>Wenige L\u00e4nder auf der Erde geben sich \u00e4hnlich verschlossen gegen\u00fcber Besucher\/innen aus dem Ausland wie Nordkorea. Das Land ist &nbsp;von der Au\u00dfenwelt nahezu hermetisch abgeriegelt. Dennoch ist eine Einreise meist in organisierten Gruppen m\u00f6glich. Sind die Touristen aus dem Westen erst einmal im Land, dann geben die staatlichen F\u00fchrer alles, um den real existierenden Sozialismus in positivem Licht erscheinen zu lassen. Ein Blick hinter die Kulissen in die tats\u00e4chliche Lebenswirklichkeit der Nordkoreaner bleibt meist verwehrt. Joachim von Loeben hat den Versuch gewagt mit seinen Bildern den Schleier zu l\u00fcften. Er ist innerhalb eines Jahres zweimal in das kommunistische Land gereist. So wurde er &nbsp;Zeuge des Arirang, dem gr\u00f6ssten Laientanzfestivals der Welt. Er war im Land als Nordkorea zum Entsetzen der restlichen Welt eine Rakete in den Himmel schoss. Wenig sp\u00e4ter nahm er an den Feierlichkeiten zum 100. Geburtstag des Staatsgr\u00fcnders Kim &nbsp;Il Sung &nbsp;teil.<\/p>\n<\/dd>\n<\/dl>\n\n\n<figure class=\"wp-block-image\"><img decoding=\"async\" src=\"https:\/\/workandtravel20.de\/wp-content\/uploads\/2017\/02\/Joe-Nordkorea-400x300.jpg\" alt=\"\"\/><\/figure>\n\n\n<p><!--EndFragment--><\/p>","protected":false},"excerpt":{"rendered":"<p>Am 27.06.2009 pr\u00e4sentierte ich meine Show &#8222;Abenteuer Syrien&#8220; im Rahmen des T\u00e9n\u00e9r\u00e9 Treffens in Pfeddersheim kurz nach der R\u00fcckreise aus Syrien Am 06.05.2011 startete die Wuppertaler Serie im Mad Dog&nbsp; mit meiner Syrienshow Showposter Syrienshow im Mad Dog Am 24.6.2011 wurde die Serie fortgesetzt mit&nbsp; Acki\u00b4s Islandshow Island Diashow Am 16.12.2011 folgte zum Jahresabschluss&nbsp; Joachim &hellip; <\/p>\n<p class=\"link-more\"><a href=\"https:\/\/advtime.eu\/index.php\/vergangene-events-bei-ppp\/2012-2\/\" class=\"more-link\"><span class=\"screen-reader-text\">\u201e2012\u201c<\/span> weiterlesen<\/a><\/p>\n","protected":false},"author":1,"featured_media":0,"parent":129,"menu_order":2012,"comment_status":"closed","ping_status":"closed","template":"","meta":{"footnotes":""},"class_list":["post-127","page","type-page","status-publish","hentry"],"_links":{"self":[{"href":"https:\/\/advtime.eu\/index.php\/wp-json\/wp\/v2\/pages\/127","targetHints":{"allow":["GET"]}}],"collection":[{"href":"https:\/\/advtime.eu\/index.php\/wp-json\/wp\/v2\/pages"}],"about":[{"href":"https:\/\/advtime.eu\/index.php\/wp-json\/wp\/v2\/types\/page"}],"author":[{"embeddable":true,"href":"https:\/\/advtime.eu\/index.php\/wp-json\/wp\/v2\/users\/1"}],"replies":[{"embeddable":true,"href":"https:\/\/advtime.eu\/index.php\/wp-json\/wp\/v2\/comments?post=127"}],"version-history":[{"count":2,"href":"https:\/\/advtime.eu\/index.php\/wp-json\/wp\/v2\/pages\/127\/revisions"}],"predecessor-version":[{"id":131,"href":"https:\/\/advtime.eu\/index.php\/wp-json\/wp\/v2\/pages\/127\/revisions\/131"}],"up":[{"embeddable":true,"href":"https:\/\/advtime.eu\/index.php\/wp-json\/wp\/v2\/pages\/129"}],"wp:attachment":[{"href":"https:\/\/advtime.eu\/index.php\/wp-json\/wp\/v2\/media?parent=127"}],"curies":[{"name":"wp","href":"https:\/\/api.w.org\/{rel}","templated":true}]}}