{"id":10,"date":"2019-11-10T21:59:59","date_gmt":"2019-11-10T21:59:59","guid":{"rendered":"https:\/\/www.advtime.eu\/?page_id=10"},"modified":"2019-12-27T17:13:15","modified_gmt":"2019-12-27T17:13:15","slug":"kontakt","status":"publish","type":"page","link":"https:\/\/advtime.eu\/index.php\/kontakt\/","title":{"rendered":"Kontakt \/ Impressum"},"content":{"rendered":"<p>Kontakt-email <a href=\"mailto:info@paetschman.de\">info@paetschman.de<\/a><\/p>\n<p>Die Internet-Seiten von <a href=\"http:\/\/unitedteneristi.de\/\">www.Advtime.eu<\/a> enthalten Verweise (Links) auf externe Seiten die nicht in den Geltungsbereich der Internet-Seiten von&nbsp;<a href=\"http:\/\/unitedteneristi.de\/\">www.Advtime.eu<\/a> fallen. Der Betreiber hat den Inhalt der Seiten zum Zeitpunkt der Linksetzung gepr\u00fcft und keine strafbaren oder rechtswidrigen Inhalte festgestellt. Haftungsausschlu\u00df: Der Betreiber erkl\u00e4rt ausdr\u00fccklich, dass er keinerlei Einfluss auf die Gestaltung und die Inhalte der gelinkten Seiten hat. Deshalb distanziert&nbsp; <a href=\"http:\/\/unitedteneristi.de\/\">www.Advtime.eu<\/a> sich hiermit ausdr\u00fccklich von allen Inhalten aller gelinkten Seiten. Diese Erkl\u00e4rung gilt f\u00fcr alle auf meiner Internetpr\u00e4senz angezeigten Links und f\u00fcr alle Inhalte der Seiten, zu denen diese f\u00fchren. Desweiteren ist&nbsp;<a href=\"http:\/\/unitedteneristi.de\/\">www.Advtime.eu<\/a> ebenfalls nicht f\u00fcr die Inhalte von Internetseiten verantwortlich, die einen Link von ihrer Seite zu&nbsp;<a href=\"http:\/\/unitedteneristi.de\/\">www.Advtime.eu<\/a> bzw. deren Unterverzeichnissen gesetzt haben.<\/p>\n<p>Bitte informieren Sie mich, wenn Sie an Inhalten meiner Seite Ansto\u00df nehmen bzw. Ihre Rechte verletzt sehen. Es gilt vor einer Abmahnung zu informieren. Geben Sie mir im Falle einer etwaigen Rechteverletzung die M\u00f6glichkeit dies zu \u00e4ndern. Diese liegt sicherlich nicht in meiner Absicht.<\/p>\n<p>Alle Rechte an Text, Bild und Aufmachung vorbehalten<\/p>\n<p>Michael Paetsch<br \/>\nOberer Grifflenberg 193<br \/>\n42119 Wuppertal<\/p>\n","protected":false},"excerpt":{"rendered":"<p>Kontakt-email info@paetschman.de Die Internet-Seiten von www.Advtime.eu enthalten Verweise (Links) auf externe Seiten die nicht in den Geltungsbereich der Internet-Seiten von&nbsp;www.Advtime.eu fallen. Der Betreiber hat den Inhalt der Seiten zum Zeitpunkt der Linksetzung gepr\u00fcft und keine strafbaren oder rechtswidrigen Inhalte festgestellt. Haftungsausschlu\u00df: Der Betreiber erkl\u00e4rt ausdr\u00fccklich, dass er keinerlei Einfluss auf die Gestaltung und die Inhalte &hellip; <\/p>\n<p class=\"link-more\"><a href=\"https:\/\/advtime.eu\/index.php\/kontakt\/\" class=\"more-link\"><span class=\"screen-reader-text\">\u201eKontakt \/ Impressum\u201c<\/span> weiterlesen<\/a><\/p>\n","protected":false},"author":1,"featured_media":96,"parent":0,"menu_order":0,"comment_status":"closed","ping_status":"closed","template":"","meta":{"footnotes":""},"class_list":["post-10","page","type-page","status-publish","has-post-thumbnail","hentry"],"_links":{"self":[{"href":"https:\/\/advtime.eu\/index.php\/wp-json\/wp\/v2\/pages\/10","targetHints":{"allow":["GET"]}}],"collection":[{"href":"https:\/\/advtime.eu\/index.php\/wp-json\/wp\/v2\/pages"}],"about":[{"href":"https:\/\/advtime.eu\/index.php\/wp-json\/wp\/v2\/types\/page"}],"author":[{"embeddable":true,"href":"https:\/\/advtime.eu\/index.php\/wp-json\/wp\/v2\/users\/1"}],"replies":[{"embeddable":true,"href":"https:\/\/advtime.eu\/index.php\/wp-json\/wp\/v2\/comments?post=10"}],"version-history":[{"count":3,"href":"https:\/\/advtime.eu\/index.php\/wp-json\/wp\/v2\/pages\/10\/revisions"}],"predecessor-version":[{"id":97,"href":"https:\/\/advtime.eu\/index.php\/wp-json\/wp\/v2\/pages\/10\/revisions\/97"}],"wp:featuredmedia":[{"embeddable":true,"href":"https:\/\/advtime.eu\/index.php\/wp-json\/wp\/v2\/media\/96"}],"wp:attachment":[{"href":"https:\/\/advtime.eu\/index.php\/wp-json\/wp\/v2\/media?parent=10"}],"curies":[{"name":"wp","href":"https:\/\/api.w.org\/{rel}","templated":true}]}}